{"id":89,"date":"2025-02-01T13:04:09","date_gmt":"2025-02-01T12:04:09","guid":{"rendered":"https:\/\/zpacks.ch\/?post_type=product&#038;p=89"},"modified":"2026-05-11T16:29:13","modified_gmt":"2026-05-11T15:29:13","slug":"zpacks-arc-haul-ultra-40l-rucksack","status":"publish","type":"product","link":"https:\/\/litepack.ch\/en\/product\/zpacks-arc-haul-ultra-40l-rucksack\/","title":{"rendered":"Zpacks Arc Haul Ultra 40L Rucksack"},"content":{"rendered":"<p><strong>Vom Arc Haul haben wir einige Farben &amp; Gr\u00f6ssen an Lager welche direkt versandbereit sind. Bei einer dringende Lieferung melde dich kurz bei uns und wir best\u00e4tigen dir die Verf\u00fcgbarkeit umgehend.\u00a0<\/strong><\/p>\n\n\n\n\n<p class=\"wp-block-wd-paragraph wd-78de6e96\">Der Arc Haul Ultra ist ein Rucksack, der Komfort und Langlebigkeit bei einem unschlagbaren Gewicht vereint. Aus Ultra-100X-Material gefertigt, ist der Arc Haul innovativ f\u00fcr lange Tage zwischen Nachschubpunkten konzipiert. Ob auf einer Thru-Hike oder einer Wochentour \u2013 dieser ultraleichte Rucksack ist ein Arbeitstier, das von den Sierras bis zu den Smokies zuverl\u00e4ssig seinen Dienst tut.<br>\u00dcbertrage das Gewicht deines Rucksacks mit unserem gebogenen Karbonfaser-Arc-Rahmen-System auf deine H\u00fcften und geniesse den Luftspalt zwischen deinem R\u00fccken und dem Rucksack, der dich k\u00fchl h\u00e4lt.<br>Stelle die perfekte Passform ein mit unserer patentierten verstellbaren Torsol\u00e4nge, austauschbaren Schultergurten und H\u00fcftgurten sowie einer Vielzahl von modularem <a href=\"https:\/\/litepack.ch\/en\/product-category\/zubehoer\/rucksack-zubehoer\/\" type=\"product_cat\" id=\"277\">Accessories<\/a>. Der Arc Haul Ultra erm\u00f6glicht es dir, lange Tage auf dem Trail mit einem robusten, ultraleichten Rucksack zu bew\u00e4ltigen, der genau auf dich zugeschnitten ist.<\/p>\n\n\n\n<ul class=\"wp-block-wd-list wd-list wd-type-unordered wd-style-default wd-0b1215b1\">\n<li class=\"wp-block-wd-list-item wd-38c0bab4\"><div class=\"wd-icon\"><\/div><span class=\"wd-list-content\">Gefertigt aus 112 g\/m\u00b2 Ultra-100X-Gewebe. Ultra-Gewebe besteht aus einem gewebten Oberstoff aus Ultra-hochmolekularem Polyethylen (UHMWPE), laminiert auf eine wasserdichte R\u00fcckschicht. Das Ultra-Gewebe bietet extrem hohe Abrieb- und Reissfestigkeit und ist das robusteste Material, das wir anbieten.<\/span><\/li>\n\n\n\n<li class=\"wp-block-wd-list-item wd-233669be\"><div class=\"wd-icon\"><\/div><span class=\"wd-list-content\">Ultra-Gewebe ist wasserdicht, <strong><a href=\"https:\/\/litepack.ch\/en\/pfas-chemikalien\/\" data-internallinksmanager029f6b8e52c=\"4\" title=\"PFAS Free\">PFAS<\/a>-frei<\/strong> und wurde weder mit DWR noch mit anderen Chemikalien beschichtet.<\/span><\/li>\n\n\n\n<li class=\"wp-block-wd-list-item wd-91f8b44c\"><div class=\"wd-icon\"><\/div><span class=\"wd-list-content\">Alle N\u00e4hte und Befestigungspunkte sind versiegelt, was den Rucksack sehr wasserresistent macht. F\u00fcr wichtige Gegenst\u00e4nde wie <a href=\"https:\/\/litepack.ch\/en\/product-category\/kleidung\/\" type=\"product_cat\" id=\"190\">Clothing<\/a> und <a href=\"https:\/\/litepack.ch\/en\/product-category\/schlafsaecke\/\" type=\"product_cat\" id=\"178\">Schlafsack<\/a> empfehlen wir zus\u00e4tzlich <a href=\"https:\/\/litepack.ch\/en\/product\/zpacks-dry-bag\/\" type=\"product\" id=\"38446\">Packs\u00e4cke<\/a> oder einen <a href=\"https:\/\/litepack.ch\/en\/product\/zpacks-pack-liner\/\" type=\"product\" id=\"36842\">Pack-Liner<\/a>.<\/span><\/li>\n\n\n\n<li class=\"wp-block-wd-list-item wd-a065aba2\"><div class=\"wd-icon\"><\/div><span class=\"wd-list-content\">Unser gebogener Karbonfaser-Rahmen schafft einen Luftspalt zwischen deinem R\u00fccken und dem Rucksack. Dieser Spalt h\u00e4lt deinen R\u00fccken k\u00fchl und verhindert, dass Gegenst\u00e4nde beim <a href=\"https:\/\/litepack.ch\/en\/pilgerreisen\/\" data-internallinksmanager029f6b8e52c=\"6\" title=\"Pilgerreisen\">Wandern<\/a> an dir reiben. Der Rahmen h\u00e4lt den Rucksack stabil und \u00fcbertr\u00e4gt den Grossteil des Gewichts auf die H\u00fcfte.<\/span><\/li>\n\n\n\n<li class=\"wp-block-wd-list-item wd-ffcac5d2\"><div class=\"wd-icon\"><\/div><span class=\"wd-list-content\">Ein Obergurt und Bodergurte erm\u00f6glichen das Befestigen von zus\u00e4tzlichen Gegenst\u00e4nden f\u00fcr l\u00e4ngere Touren. Die Gurte lassen sich abnehmen, wenn du sie nicht ben\u00f6tigst.<\/span><\/li>\n\n\n\n<li class=\"wp-block-wd-list-item wd-9c5c256d\"><div class=\"wd-icon\"><\/div><span class=\"wd-list-content\">Ein Roll-Top-Verschluss erm\u00f6glicht es dir, den oberen Teil des Rucksacks zu komprimieren, wenn dein Packvolumen abnimmt. Seitliche Kompressionskordeln k\u00f6nnen das Volumen weiter reduzieren und eignen sich auch zum Befestigen von Trekkingst\u00f6cken oder einem Regenschirm in den Seitentaschen.<\/span><\/li>\n\n\n\n<li class=\"wp-block-wd-list-item wd-80c0b4e2\"><div class=\"wd-icon\"><\/div><span class=\"wd-list-content\">Es stehen mehrere austauschbare <a href=\"https:\/\/litepack.ch\/en\/?s=wechsel-schultergurte&amp;post_type=product\" type=\"link\" id=\"https:\/\/litepack.ch\/?s=wechsel-schultergurte&amp;post_type=product\">Schultergurt-Stile <\/a>zur Auswahl. Unsere Gurte verf\u00fcgen \u00fcber eine bequeme 10-mm-Schaumstoffpolsterung aus geschlossenporigem Schaum mit 3D-Mesh auf der Unterseite f\u00fcr Bel\u00fcftung und D\u00e4mpfung. Eine Daisy-Chain erm\u00f6glicht das Einh\u00e4ngen von Zubeh\u00f6r, und ein Brustgurt l\u00e4sst sich f\u00fcr eine optimale Passform nach oben oder unten verschieben. Lastumlenkungsgurte sorgen daf\u00fcr, dass der Rucksack sicher und eng anliegt.<\/span><\/li>\n\n\n\n<li class=\"wp-block-wd-list-item wd-933b95d0\"><div class=\"wd-icon\"><\/div><span class=\"wd-list-content\">Ein austauschbarer gepolsterter <a href=\"https:\/\/litepack.ch\/en\/product\/zpacks-ersatz-gurt-fuer-arc-rucksack\/\" type=\"product\" id=\"36645\">H\u00fcftgurt<\/a> erm\u00f6glicht eine perfekte Passform und kann bei Bedarf ausgewechselt werden. Der Gurt ist direkt mit dem Rahmen verbunden f\u00fcr eine \u00fcberlegene Gewichts\u00fcbertragung. Die V-f\u00f6rmige Gurtf\u00fchrung erlaubt es dir, die Ober- und Unterkante des Gurts einzuziehen, um deine K\u00f6rperkonturen sicherer zu umschliessen als Gurte mit einer einzigen Verstellung.<\/span><\/li>\n\n\n\n<li class=\"wp-block-wd-list-item wd-9bb4ab28\"><div class=\"wd-icon\"><\/div><span class=\"wd-list-content\">Die ger\u00e4umigen Seitentaschen fassen jeweils bis zu zwei 1-Liter-Flaschen. Sie sind tief am Rucksack und nach vorne geneigt angebracht, f\u00fcr einen einfachen Zugriff beim tragen. Die Taschen haben Ablaufl\u00f6cher am Boden und Gummizug f\u00fcr festen Halt oben.<\/span><\/li>\n\n\n\n<li class=\"wp-block-wd-list-item wd-c59e63c8\"><div class=\"wd-icon\"><\/div><span class=\"wd-list-content\">Eine grosse, dehnbare Netztasche in der Mitte eignet sich ideal f\u00fcr Gegenst\u00e4nde, auf die du schnell zugreifen m\u00f6chtest, wie deine Regenjacke und Snacks \u2013 ausserdem kannst du dort nasse Kleidung und Ausr\u00fcstung trocknen lassen.<\/span><\/li>\n\n\n\n<li class=\"wp-block-wd-list-item wd-285afec8\"><div class=\"wd-icon\"><\/div><span class=\"wd-list-content\">Ein Trinksystem-Schlauch kann durch die Ecke des Roll-Top-Verschlusses gef\u00fchrt und mit der Daisy-Chain am Schultergurt gesichert werden.<\/span><\/li>\n\n\n\n<li class=\"wp-block-wd-list-item wd-6b378801\"><div class=\"wd-icon\"><\/div><span class=\"wd-list-content\">Alle g\u00e4ngigen B\u00e4renbeh\u00e4lter passen in die obere H\u00e4lfte dieses Rucksacks aufrecht stehend. Verwende dein Sitzpolster und Kleidung als Polsterung rund um den Beh\u00e4lter, um den Platz auszuf\u00fcllen.<\/span><\/li>\n\n\n\n<li class=\"wp-block-wd-list-item wd-16589515\"><div class=\"wd-icon\"><\/div><span class=\"wd-list-content\">Die kurze und mittlere Rahmengr\u00f6sse passen bei zusammengerolltem Oberteil bis zum Rahmen in ein Gep\u00e4ckfach \u00fcber dem Flugzeugsitz. Die grosse Rahmengr\u00f6sse passt m\u00f6glicherweise nicht hinein, es sei denn, du nimmst die vertikalen Rahmenst\u00e4be aus dem Rucksack.<\/span><\/li>\n\n\n\n<li class=\"wp-block-wd-list-item wd-0bf69a1c\"><div class=\"wd-icon\"><\/div><span class=\"wd-list-content\">Die Schultergurte lassen sich mithilfe unseres patentierten Verstellmechanismus nach oben oder unten anpassen. Die jeweilige Gr\u00f6sse l\u00e4sst sich so noch feinjustieren. Das ist ideal f\u00fcr das Teilen des Rucksacks zwischen mehreren Personen oder f\u00fcr heranwachsende Teenager. Im Zweifelsfall passen die meisten Menschen in unsere mittlere Verstellgr\u00f6sse.<\/span><\/li>\n\n\n\n<li class=\"wp-block-wd-list-item wd-a81e2892\"><div class=\"wd-icon\"><\/div><span class=\"wd-list-content\">Unser Rumpfh\u00f6hen-Verstellmechanismus ist durch das US-Patent Nr. 9,848,687 gesch\u00fctzt. Unser Flexed-Arc-Rahmen ist durch das US-Patent Nr. 9,060,590 gesch\u00fctzt.<\/span><\/li>\n<\/ul>\n\n\n\n<p><strong>Empfohlene Gr\u00f6ssen f\u00fcr deine Tour:<br><\/strong>40-Liter bietet Platz f\u00fcr 3\u20134-Tages-Touren <br>50-Liter bietet Platz f\u00fcr 4\u20135-Tages-Touren <br>60-Liter bietet Platz f\u00fcr 5\u20136-Tages-Touren <br>70-Liter bietet Platz f\u00fcr 7+ Tages-Touren<\/p>\n\n\n\n<p><\/p>\n\n\n\n\n<figure class=\"wp-block-embed is-type-video is-provider-youtube wp-block-embed-youtube wp-embed-aspect-16-9 wp-has-aspect-ratio\"><div class=\"wp-block-embed__wrapper\">\n<iframe title=\"Zpacks Arc Haul Ultra Backpack | Overview\" width=\"500\" height=\"281\" src=\"https:\/\/www.youtube.com\/embed\/J_R46EIlwVk?feature=oembed\" frameborder=\"0\" allow=\"accelerometer; autoplay; clipboard-write; encrypted-media; gyroscope; picture-in-picture; web-share\" referrerpolicy=\"strict-origin-when-cross-origin\" allowfullscreen><\/iframe>\n<\/div><\/figure>\n\n\n\n<div class=\"wp-block-columns is-layout-flex wp-container-core-columns-is-layout-9d6595d7 wp-block-columns-is-layout-flex\">\n<div class=\"wp-block-column is-layout-flow wp-block-column-is-layout-flow\" style=\"flex-basis:100%\">\n<div class=\"wp-block-columns is-layout-flex wp-container-core-columns-is-layout-9d6595d7 wp-block-columns-is-layout-flex\">\n<div class=\"wp-block-column is-layout-flow wp-block-column-is-layout-flow\" style=\"flex-basis:50%\">\n<figure class=\"wp-block-embed is-type-video is-provider-youtube wp-block-embed-youtube wp-embed-aspect-16-9 wp-has-aspect-ratio\"><div class=\"wp-block-embed__wrapper\">\n<iframe title=\"Zpacks Arc Haul Ultra Backing | Adjustment and Fit\" width=\"500\" height=\"281\" src=\"https:\/\/www.youtube.com\/embed\/HK9jtUt7UBE?feature=oembed\" frameborder=\"0\" allow=\"accelerometer; autoplay; clipboard-write; encrypted-media; gyroscope; picture-in-picture; web-share\" referrerpolicy=\"strict-origin-when-cross-origin\" allowfullscreen><\/iframe>\n<\/div><\/figure>\n<\/div>\n\n\n\n<div class=\"wp-block-column is-layout-flow wp-block-column-is-layout-flow\" style=\"flex-basis:50%\">\n<figure class=\"wp-block-embed is-type-video is-provider-youtube wp-block-embed-youtube wp-embed-aspect-16-9 wp-has-aspect-ratio\"><div class=\"wp-block-embed__wrapper\">\n<iframe title=\"Zpacks Arc Series Backpack | Sizing &amp; Measurement\" width=\"500\" height=\"281\" src=\"https:\/\/www.youtube.com\/embed\/IwYSHHGqdh4?feature=oembed\" frameborder=\"0\" allow=\"accelerometer; autoplay; clipboard-write; encrypted-media; gyroscope; picture-in-picture; web-share\" referrerpolicy=\"strict-origin-when-cross-origin\" allowfullscreen><\/iframe>\n<\/div><\/figure>\n<\/div>\n<\/div>\n<\/div>\n<\/div>\n\n\n\n<p><\/p>","protected":false},"excerpt":{"rendered":"","protected":false},"featured_media":41648,"comment_status":"open","ping_status":"closed","template":"","meta":[],"product_brand":[220],"product_cat":[20],"product_tag":[],"class_list":{"0":"post-89","1":"product","2":"type-product","3":"status-publish","4":"has-post-thumbnail","6":"product_brand-zpacks","7":"product_cat-rucksaecke","8":"pa_hersteller-zpacks","10":"first","11":"instock","12":"taxable","13":"shipping-taxable","14":"purchasable","15":"product-type-variable","16":"has-default-attributes"},"_links":{"self":[{"href":"https:\/\/litepack.ch\/en\/wp-json\/wp\/v2\/product\/89","targetHints":{"allow":["GET"]}}],"collection":[{"href":"https:\/\/litepack.ch\/en\/wp-json\/wp\/v2\/product"}],"about":[{"href":"https:\/\/litepack.ch\/en\/wp-json\/wp\/v2\/types\/product"}],"replies":[{"embeddable":true,"href":"https:\/\/litepack.ch\/en\/wp-json\/wp\/v2\/comments?post=89"}],"wp:featuredmedia":[{"embeddable":true,"href":"https:\/\/litepack.ch\/en\/wp-json\/wp\/v2\/media\/41648"}],"wp:attachment":[{"href":"https:\/\/litepack.ch\/en\/wp-json\/wp\/v2\/media?parent=89"}],"wp:term":[{"taxonomy":"product_brand","embeddable":true,"href":"https:\/\/litepack.ch\/en\/wp-json\/wp\/v2\/product_brand?post=89"},{"taxonomy":"product_cat","embeddable":true,"href":"https:\/\/litepack.ch\/en\/wp-json\/wp\/v2\/product_cat?post=89"},{"taxonomy":"product_tag","embeddable":true,"href":"https:\/\/litepack.ch\/en\/wp-json\/wp\/v2\/product_tag?post=89"}],"curies":[{"name":"wp","href":"https:\/\/api.w.org\/{rel}","templated":true}]}}