{"id":69,"date":"2024-12-22T11:10:00","date_gmt":"2024-12-22T10:10:00","guid":{"rendered":"https:\/\/zpacks.ch\/?post_type=product&#038;p=69"},"modified":"2026-03-21T22:08:08","modified_gmt":"2026-03-21T21:08:08","slug":"zpacks-plex-solo-lite-zelt","status":"publish","type":"product","link":"https:\/\/litepack.ch\/en\/product\/zpacks-plex-solo-lite-zelt\/","title":{"rendered":"Zpacks Plex Solo Zelt"},"content":{"rendered":"<p>Unser Plex Solo ist mit einem Gewicht von weniger als 340 Gramm das leichteste Ein-Personen-Zelt mit Vollausstattung weltweit. Es wurde f\u00fcr Abenteurer entwickelt, die Wert auf geringes Gewicht legen, aber keine Abstriche bei Leistung oder Komfort machen m\u00f6chten. Das Plex Solo ist der ultimative Unterschlupf f\u00fcr gewichtsbewusste Wanderer, die Grenzen neu definieren und ihre Limits erweitern m\u00f6chten.<br \/>\nDas Plex Solo Lite l\u00e4sst sich leicht mit einem einzigen 132 cm langen <a href=\"https:\/\/litepack.ch\/en\/product\/zpacks-trekkingstock-carbon\/\">Trekkingstock<\/a> oder <a href=\"https:\/\/litepack.ch\/en\/product\/zpacks-zeltstange-carbon\/\">Zeltstock<\/a> aufbauen und hat eine kleine Grundfl\u00e4che, sodass es auch auf engsten Campingpl\u00e4tzen im Hinterland Platz findet.<br \/>\nErh\u00e4ltlich in zwei verschiedenen Gewichten f\u00fcr das Dach und den Boden aus <a href=\"https:\/\/litepack.ch\/en\/material-zpacks\/\" data-internallinksmanager029f6b8e52c=\"1\" title=\"Material Zpacks\">Dyneema<\/a>\u00ae Composite Fabric.<\/p>\n<ul>\n<li>\n<p class=\"p1\">Hergestellt aus wasserdichtem, robustem und <a href=\"https:\/\/litepack.ch\/en\/pfas-chemikalien\/\" data-internallinksmanager029f6b8e52c=\"4\" title=\"PFAS Free\">PFAS<\/a>-freiem <a href=\"https:\/\/litepack.ch\/en\/material-zpacks\/\" data-internallinksmanager029f6b8e52c=\"1\" title=\"Material Zpacks\">Dyneema<\/a>\u00ae Composite Fabric:<\/p>\n<\/li>\n<li>\n<p class=\"p1\">W\u00e4hle die Variante \u201eBlau, Olive\u201c, wenn du Gewicht sparen und ans Limit gehen willst \u2013 mit dem bew\u00e4hrten .55 oz\/sqyd DCF-Aussenzelt, .75 oz\/sqyd DCF-Boden und 1.3 mm Abspannleinen.<\/p>\n<\/li>\n<li>\n<p class=\"p1\">W\u00e4hle \u201eGr\u00fcn\u201c, wenn du mehr Blickdichte und zus\u00e4tzliche Robustheit m\u00f6chtest \u2013 mit .75 oz\/sqyd DCF-Aussenzelt, 1 oz\/sqyd DCF-Boden und 2 mm Abspannleinen.<\/p>\n<\/li>\n<li>\n<p class=\"p1\">Der Aufbau erfolgt mit nur einem 132 cm langen Trekkingstock oder Zeltgest\u00e4nge sowie 6 bis 10 <a href=\"https:\/\/litepack.ch\/en\/shop\/?min_price=0&amp;max_price=40&amp;s=Hering&amp;post_type=product\" data-internallinksmanager029f6b8e52c=\"3\" title=\"Zpacks Heringe\">Heringen<\/a> (separat erh\u00e4ltlich).<\/p>\n<\/li>\n<li>\n<p class=\"p1\">Mit den LineLoc V-Spannern kannst du den perfekten Stand fixieren. Die leuchtend gelben Z-Line-Abspannleinen sind auch bei Dunkelheit gut sichtbar \u2013 so stolperst du nicht dar\u00fcber.<\/p>\n<\/li>\n<li>\n<p class=\"p1\">\u00dcberlappende Sturmt\u00fcren sorgen f\u00fcr eine leichte Bel\u00fcftung, ganz ohne zus\u00e4tzliche L\u00fcftungs\u00f6ffnungen. Es gibt keine Reissverschl\u00fcsse an den T\u00fcren, die mit der Zeit kaputtgehen k\u00f6nnten. Du kannst eine T\u00fcr geschlossen lassen, um einen Vorraum zu schaffen \u2013 oder beide \u00f6ffnen f\u00fcr Aussicht und Luftzirkulation.<\/p>\n<\/li>\n<li>\n<p class=\"p1\">Die Moskitonetz-T\u00fcr hat einen rundumlaufenden (Regenbogen-)Reissverschluss, der dir einfachen Einstieg erm\u00f6glicht \u2013 egal welche Sturmt\u00fcr geschlossen ist. Du erreichst deine Schuhe oder deinen nassen Rucksack im Vorraum auf beiden Seiten. Die Netzt\u00fcr f\u00e4llt bequem nach innen \u2013 sie h\u00e4ngt dir also nicht im Weg. Du musst sie weder aufrollen noch festmachen.<\/p>\n<\/li>\n<li>\n<p class=\"p1\">Der Wannenboden hat hohe Seitenw\u00e4nde und ist vom Rand zur\u00fcckgesetzt, um dich vor Spritzwasser und <a href=\"https:\/\/litepack.ch\/en\/kondensation\/\" data-internallinksmanager029f6b8e52c=\"5\" title=\"Kondenswasser in Zelten\">Kondensation<\/a> zu sch\u00fctzen. Bei leichtem Regen oder Tropfwasser von nassen B\u00e4umen kannst du eine oder beide T\u00fcren offenlassen, ohne dass Wasser in den Innenraum gelangt.<\/p>\n<\/li>\n<li>\n<p class=\"p1\">F\u00fcr zus\u00e4tzlichen Regenschutz bei ge\u00f6ffneter T\u00fcr kannst du das Moskitonetz mit den am Boden befestigten Schn\u00fcren vom Regen wegziehen.<\/p>\n<\/li>\n<li>\n<p class=\"p1\">Grosse Personen k\u00f6nnen mit <a href=\"https:\/\/litepack.ch\/en\/product\/zpacks-trekking-stock-cup\/\">Trekking Pole Cups<\/a> an den Seitenleinen noch mehr Platz f\u00fcr Kopf und F\u00fcsse schaffen. Oder du schaust dir das <a href=\"https:\/\/litepack.ch\/en\/product\/zpacks-pivot-solo-zelt\/\">Pivot Solo Zelt<\/a> an \u2013 es bietet mehr Kopffreiheit und Reissverschluss-Sturmt\u00fcren.<\/p>\n<\/li>\n<li>\n<p class=\"p1\">Der robuste Zeltboden braucht keine separate Zeltunterlage. Flache <a href=\"https:\/\/litepack.ch\/en\/product\/zpacks-groundsheet\/\">Bodenschutzplanen<\/a> sind optional, wenn du zus\u00e4tzlichen Schutz m\u00f6chtest.<\/p>\n<\/li>\n<li>\n<p class=\"p1\">Alle Reissverschluss-Schieber kannst du selbst im Feld austauschen. Reparaturband und Ersatzschieber sind im Lieferumfang enthalten. Waschhinweise findest du online.<\/p>\n<\/li>\n<li>\n<p class=\"p1\">Hergestellt in den USA.<\/p>\n<\/li>\n<\/ul>\n<p><iframe title=\"Zpacks Plex Solo Tent | Overview\" width=\"500\" height=\"281\" src=\"https:\/\/www.youtube.com\/embed\/EZJ6t9CjaQ0?feature=oembed\" frameborder=\"0\" allow=\"accelerometer; autoplay; clipboard-write; encrypted-media; gyroscope; picture-in-picture; web-share\" referrerpolicy=\"strict-origin-when-cross-origin\" allowfullscreen><\/iframe><\/p>\n<p><iframe title=\"Zpacks DCF Tent Transparency | Overview\" width=\"500\" height=\"281\" src=\"https:\/\/www.youtube.com\/embed\/cpZv5BasiF0?feature=oembed\" frameborder=\"0\" allow=\"accelerometer; autoplay; clipboard-write; encrypted-media; gyroscope; picture-in-picture; web-share\" referrerpolicy=\"strict-origin-when-cross-origin\" allowfullscreen><\/iframe><\/p>","protected":false},"excerpt":{"rendered":"<p>Unser Plex Solo ist mit einem Gewicht von weniger als 340 Gramm das leichteste Ein-Personen-Zelt mit Vollausstattung weltweit. Es wurde<\/p>","protected":false},"featured_media":40284,"comment_status":"open","ping_status":"closed","template":"","meta":[],"product_brand":[220],"product_cat":[117,18],"product_tag":[],"class_list":{"0":"post-69","1":"product","2":"type-product","3":"status-publish","4":"has-post-thumbnail","6":"product_brand-zpacks","7":"product_cat-1p-zelte","8":"product_cat-zelte","9":"pa_hersteller-zpacks","11":"first","12":"instock","13":"taxable","14":"shipping-taxable","15":"purchasable","16":"product-type-variable","17":"has-default-attributes"},"_links":{"self":[{"href":"https:\/\/litepack.ch\/en\/wp-json\/wp\/v2\/product\/69","targetHints":{"allow":["GET"]}}],"collection":[{"href":"https:\/\/litepack.ch\/en\/wp-json\/wp\/v2\/product"}],"about":[{"href":"https:\/\/litepack.ch\/en\/wp-json\/wp\/v2\/types\/product"}],"replies":[{"embeddable":true,"href":"https:\/\/litepack.ch\/en\/wp-json\/wp\/v2\/comments?post=69"}],"wp:featuredmedia":[{"embeddable":true,"href":"https:\/\/litepack.ch\/en\/wp-json\/wp\/v2\/media\/40284"}],"wp:attachment":[{"href":"https:\/\/litepack.ch\/en\/wp-json\/wp\/v2\/media?parent=69"}],"wp:term":[{"taxonomy":"product_brand","embeddable":true,"href":"https:\/\/litepack.ch\/en\/wp-json\/wp\/v2\/product_brand?post=69"},{"taxonomy":"product_cat","embeddable":true,"href":"https:\/\/litepack.ch\/en\/wp-json\/wp\/v2\/product_cat?post=69"},{"taxonomy":"product_tag","embeddable":true,"href":"https:\/\/litepack.ch\/en\/wp-json\/wp\/v2\/product_tag?post=69"}],"curies":[{"name":"wp","href":"https:\/\/api.w.org\/{rel}","templated":true}]}}