{"id":41549,"date":"2026-05-09T07:53:42","date_gmt":"2026-05-09T06:53:42","guid":{"rendered":"https:\/\/litepack.ch\/?post_type=product&#038;p=41549"},"modified":"2026-05-09T11:04:28","modified_gmt":"2026-05-09T10:04:28","slug":"zpacks-nero-pro-rucksack","status":"publish","type":"product","link":"https:\/\/litepack.ch\/en\/product\/zpacks-nero-pro-rucksack\/","title":{"rendered":"Zpacks Nero Pro Rucksack"},"content":{"rendered":"<p>F\u00fcr fortgeschrittene Wanderer entwickelt, die von ihrem rahmenlosen Rucksack Schnelligkeit und Leistung erwarten, \u00fcbernimmt der Nero Pro dieselbe stromlinienf\u00f6rmige, rahmenlose Philosophie des Nero Classic \u2013 und hebt sie auf ein technisches Niveau.<\/p>\n<p>Mit hochwertigem Ultra-TenX-Gewebe und einem vollst\u00e4ndigen Set aus dehnbaren Stretch-Mesh-Taschen vorne, seitlich und unten ist der Rucksack darauf ausgelegt, stark beanspruchten Stauraumbereichen eine optimale Kombination aus Dehnbarkeit, Robustheit und trailgerechter Funktion zu bieten.<\/p>\n<p>Die R\u00fcckseite des Rucksacks erh\u00e4lt ebenfalls eine durchdachte Aufwertung: Eine Reissverschluss-3D-Mesh-H\u00fclle h\u00e4lt das mitgelieferte Schaumstoff-Sitzpolster sicher und bequem an deinem R\u00fccken.<\/p>\n<p>W\u00e4hle aus mehreren Volumen passend zu deinem Wanderstil und stimme den Tragekomfort mit austauschbaren Gurtvarianten und einer umfangreichen Auswahl an modularem Zubeh\u00f6r ab. Ob du dich schnell auf einer Tagestour bewegst, Kilometer auf einem Streckenabschnitt sammelst oder dein Thru-Hike-Setup feinstimmst \u2013 der Nero Pro gibt fortgeschrittenen Wanderern die Flexibilit\u00e4t, ein Rucksacksystem ganz nach ihrem eigenen Stil aufzubauen.<\/p>\n<ul>\n<li>Gefertigt aus 112 g\/m\u00b2 Ultra-100X-Gewebe sowie 98 g\/m\u00b2 Ultra-TenX-Gewebe f\u00fcr einen Farbtupfer. Ultra-Gewebe besteht aus einem gewebten Oberstoff aus Ultra-hochmolekularem Polyethylen (UHMWPE), laminiert auf eine 0,019 mm wasserdichte R\u00fcckschicht. Das Ultra-Gewebe bietet extrem hohe Abrieb- und Reissfestigkeit und ist das robusteste Material, das wir anbieten.<\/li>\n<li>Ultra-Gewebe ist wasserdicht, <a href=\"https:\/\/litepack.ch\/en\/pfas-chemikalien\/\" data-internallinksmanager029f6b8e52c=\"4\" title=\"PFAS Free\">PFAS<\/a>-frei und wurde weder mit DWR noch mit anderen Chemikalien beschichtet.<\/li>\n<li>Das 161 g\/m\u00b2 Venom-Stretch-Mesh ist aus UHMWPE-Fasern gefertigt und bietet hohe Abriebfestigkeit. Die mittlere Tasche, die Seitentaschen und die untere Tasche sind alle dehnbar und schlucken deine Ausr\u00fcstung problemlos.<\/li>\n<li>Alle N\u00e4hte und Befestigungspunkte sind versiegelt, was den Rucksack sehr wasserresistent macht. F\u00fcr wichtige Gegenst\u00e4nde wie Kleidung und Schlafsack empfehlen wir zus\u00e4tzlich Packs\u00e4cke oder einen Pack-Liner.<\/li>\n<li>Das 40-Liter-Modell ist unser beliebtestes Volumen \u2013 es bietet genug Platz f\u00fcr 3\u20135 Tage auf einer Thru-Hike mit Ultraleicht-Ausr\u00fcstung, w\u00e4hrend das 30-Liter-Modell ideal f\u00fcr 2\u20133-Tages-Touren oder Wanderer mit einem eingespielten Basisgewicht ist.<\/li>\n<li>Das 30-Liter-Modell passt unter den Flugzeugsitz und gilt als kostenloses Handgep\u00e4ckst\u00fcck. Das 40-Liter-Modell passt gut ins Gep\u00e4ckfach \u00fcber dem Sitz oder, bei zusammengerolltem Oberteil, ebenfalls unter den Sitz.<\/li>\n<li>Verwende den mitgelieferten Obergurt, um Gegenst\u00e4nde oben auf dem Rucksack zu befestigen, oder r\u00fcste optional auf den <a href=\"https:\/\/litepack.ch\/en\/product\/zpacks-v-top-strap\/\">Nero V-Top-Gurt<\/a> auf, um einen B\u00e4renbeh\u00e4lter oder andere schwerere Gegenst\u00e4nde zu tragen. Der Gurt l\u00e4sst sich abnehmen, wenn du ihn nicht ben\u00f6tigst.<\/li>\n<li>Ein Roll-Top-Verschluss erm\u00f6glicht es dir, den oberen Teil des Rucksacks zu komprimieren, wenn dein Packvolumen abnimmt. Seitliche Kompressionskordeln k\u00f6nnen das Volumen weiter reduzieren und eignen sich auch zum Befestigen von Trekkingst\u00f6cken oder einem Regenschirm in den Seitentaschen.<\/li>\n<li>Es stehen mehrere austauschbare Schultergurt-Stile zur Auswahl. Unsere <a href=\"https:\/\/litepack.ch\/en\/product\/zpacks-padded-belt-for-nero\/\">Gurte<\/a> verf\u00fcgen \u00fcber eine bequeme 10-mm-Schaumstoffpolsterung aus geschlossenporigem Schaum mit 3D-Mesh auf der Unterseite f\u00fcr Bel\u00fcftung und D\u00e4mpfung. Eine Daisy-Chain erm\u00f6glicht das Einh\u00e4ngen von Zubeh\u00f6r, und ein Brustgurt l\u00e4sst sich f\u00fcr eine optimale Passform nach oben oder unten verschieben.<\/li>\n<li>Das 40-Liter-Modell bietet drei Gurtpositionen, mit denen du den optionalen H\u00fcftgurt f\u00fcr verschiedene Torsol\u00e4ngen einstellen kannst, w\u00e4hrend das 30-Liter-Modell eine einzelne Gurtposition hat. Der optionale H\u00fcftgurt ist 2,5 cm breit und hat einen maximalen Umfang von 127 cm. Gepolsterte H\u00fcftgurte sind ebenfalls erh\u00e4ltlich.<\/li>\n<li>Die ger\u00e4umigen Venom-Stretch-Mesh-Seitentaschen fassen jeweils bis zu zwei 1-Liter-Flaschen und verf\u00fcgen \u00fcber integrierte elastische Flaschenhalter, damit deine Flaschen beim Gehen an Ort und Stelle bleiben. Die Taschen sind tief am Rucksack und nach vorne geneigt angebracht, f\u00fcr einen einfachen Zugriff, mit Ablaufl\u00f6chern am Boden und Gummizug zum Festhalten oben.<\/li>\n<li>Die grosse Mitteltasche schluckt ein nasses Zelt oder bietet Platz f\u00fcr loses Gep\u00e4ck und Snacks f\u00fcr den Tag.<\/li>\n<li>Die untere Tasche ist ein praktischer Ort f\u00fcr deine Regenjacke oder ein Fleece, damit du auf dem Trail schnell darauf zugreifen kannst.<\/li>\n<li>Eine Reissverschlussh\u00fclle an der R\u00fcckseite erm\u00f6glicht es dir, das mitgelieferte <a href=\"https:\/\/litepack.ch\/en\/product\/zpacks-schaumstoff-sitzkissen\/\">Sitzpolster<\/a> f\u00fcr Pausen schnell herauszunehmen. Die H\u00fclle verf\u00fcgt \u00fcber ein bequemes 3D-Mesh, das f\u00fcr Struktur sorgt und verhindert, dass dein R\u00fccken schwitzt. Das Sitzpolster aus geschlossenporigem Schaum hat die Masse 28 cm x 39,4 cm und erh\u00f6ht das Gesamtgewicht des Rucksacks um 28 g.<\/li>\n<li>Ein Trinksystem-Schlauch kann durch die Ecke des Roll-Top-Verschlusses gef\u00fchrt und mit der Daisy-Chain am Schultergurt gesichert werden.<\/li>\n<li>Verschiedene Schlaufen erm\u00f6glichen das Befestigen von optionalem Zubeh\u00f6r wie seitlichen <a href=\"https:\/\/litepack.ch\/en\/product\/zpacks-top-seitentasche\/\">Obertaschen<\/a>, Stosskordel-Befestigungen und <a href=\"https:\/\/litepack.ch\/en\/product\/zpacks-eispickelschlaufen\/\">Eispickel-Schlaufen<\/a>.<\/li>\n<\/ul>","protected":false},"excerpt":{"rendered":"<p>F\u00fcr fortgeschrittene Wanderer entwickelt, die von ihrem rahmenlosen Rucksack Schnelligkeit und Leistung erwarten, \u00fcbernimmt der Nero Pro dieselbe stromlinienf\u00f6rmige, rahmenlose<\/p>","protected":false},"featured_media":41589,"comment_status":"open","ping_status":"closed","template":"","meta":[],"product_brand":[220],"product_cat":[20],"product_tag":[],"class_list":{"0":"post-41549","1":"product","2":"type-product","3":"status-publish","4":"has-post-thumbnail","6":"product_brand-zpacks","7":"product_cat-rucksaecke","8":"pa_hersteller-zpacks","10":"first","11":"instock","12":"taxable","13":"shipping-taxable","14":"purchasable","15":"product-type-variable","16":"has-default-attributes"},"_links":{"self":[{"href":"https:\/\/litepack.ch\/en\/wp-json\/wp\/v2\/product\/41549","targetHints":{"allow":["GET"]}}],"collection":[{"href":"https:\/\/litepack.ch\/en\/wp-json\/wp\/v2\/product"}],"about":[{"href":"https:\/\/litepack.ch\/en\/wp-json\/wp\/v2\/types\/product"}],"replies":[{"embeddable":true,"href":"https:\/\/litepack.ch\/en\/wp-json\/wp\/v2\/comments?post=41549"}],"wp:featuredmedia":[{"embeddable":true,"href":"https:\/\/litepack.ch\/en\/wp-json\/wp\/v2\/media\/41589"}],"wp:attachment":[{"href":"https:\/\/litepack.ch\/en\/wp-json\/wp\/v2\/media?parent=41549"}],"wp:term":[{"taxonomy":"product_brand","embeddable":true,"href":"https:\/\/litepack.ch\/en\/wp-json\/wp\/v2\/product_brand?post=41549"},{"taxonomy":"product_cat","embeddable":true,"href":"https:\/\/litepack.ch\/en\/wp-json\/wp\/v2\/product_cat?post=41549"},{"taxonomy":"product_tag","embeddable":true,"href":"https:\/\/litepack.ch\/en\/wp-json\/wp\/v2\/product_tag?post=41549"}],"curies":[{"name":"wp","href":"https:\/\/api.w.org\/{rel}","templated":true}]}}