{"id":41520,"date":"2026-05-07T12:30:53","date_gmt":"2026-05-07T11:30:53","guid":{"rendered":"https:\/\/litepack.ch\/?post_type=product&#038;p=41520"},"modified":"2026-05-09T07:49:23","modified_gmt":"2026-05-09T06:49:23","slug":"zpacks-deluxe-camp-schuhe-einlegesohlen","status":"publish","type":"product","link":"https:\/\/litepack.ch\/en\/product\/zpacks-deluxe-camp-schuhe-einlegesohlen\/","title":{"rendered":"Zpacks Deluxe Camp Schuhe Einlegesohlen"},"content":{"rendered":"<p>Diese Einlegesohlen passen in unsere <a href=\"https:\/\/litepack.ch\/en\/product\/zpacks-ultralight-camping-schuhe-deluxe\/\">Deluxe Camp Schuhe <\/a>und verdoppeln die D\u00e4mpfung von 5 mm auf 10 mm. Wenn du beim Laufen \u00fcber Kieselsteine, Schotter und Wurzeln rund ums Lager zus\u00e4tzlichen Komfort m\u00f6chtest, sind diese genau das Richtige f\u00fcr dich. Sie sind nicht f\u00fcr unsere Strap-Back-Variante der <a href=\"https:\/\/litepack.ch\/en\/product\/zpacks-ultralight-camping-schuhe\/\">Ultralight Camp Schuhe<\/a> gedacht, aber wenn du es ausprobieren m\u00f6chtest, fixiere sie mit Sekundenkleber an der Ferse.<\/p>","protected":false},"excerpt":{"rendered":"<p>Diese Einlegesohlen passen in unsere Deluxe Camp Schuhe und verdoppeln die D\u00e4mpfung von 5 mm auf 10 mm. Wenn du<\/p>","protected":false},"featured_media":41536,"comment_status":"open","ping_status":"closed","template":"","meta":[],"product_brand":[220],"product_cat":[190],"product_tag":[],"class_list":{"0":"post-41520","1":"product","2":"type-product","3":"status-publish","4":"has-post-thumbnail","6":"product_brand-zpacks","7":"product_cat-kleidung","8":"pa_hersteller-zpacks","10":"first","11":"instock","12":"taxable","13":"shipping-taxable","14":"purchasable","15":"product-type-variable"},"_links":{"self":[{"href":"https:\/\/litepack.ch\/en\/wp-json\/wp\/v2\/product\/41520","targetHints":{"allow":["GET"]}}],"collection":[{"href":"https:\/\/litepack.ch\/en\/wp-json\/wp\/v2\/product"}],"about":[{"href":"https:\/\/litepack.ch\/en\/wp-json\/wp\/v2\/types\/product"}],"replies":[{"embeddable":true,"href":"https:\/\/litepack.ch\/en\/wp-json\/wp\/v2\/comments?post=41520"}],"wp:featuredmedia":[{"embeddable":true,"href":"https:\/\/litepack.ch\/en\/wp-json\/wp\/v2\/media\/41536"}],"wp:attachment":[{"href":"https:\/\/litepack.ch\/en\/wp-json\/wp\/v2\/media?parent=41520"}],"wp:term":[{"taxonomy":"product_brand","embeddable":true,"href":"https:\/\/litepack.ch\/en\/wp-json\/wp\/v2\/product_brand?post=41520"},{"taxonomy":"product_cat","embeddable":true,"href":"https:\/\/litepack.ch\/en\/wp-json\/wp\/v2\/product_cat?post=41520"},{"taxonomy":"product_tag","embeddable":true,"href":"https:\/\/litepack.ch\/en\/wp-json\/wp\/v2\/product_tag?post=41520"}],"curies":[{"name":"wp","href":"https:\/\/api.w.org\/{rel}","templated":true}]}}