{"id":41479,"date":"2026-05-06T20:56:31","date_gmt":"2026-05-06T19:56:31","guid":{"rendered":"https:\/\/litepack.ch\/?post_type=product&#038;p=41479"},"modified":"2026-05-09T07:49:36","modified_gmt":"2026-05-09T06:49:36","slug":"zpacks-ultralight-camping-schuhe-deluxe","status":"publish","type":"product","link":"https:\/\/litepack.ch\/en\/product\/zpacks-ultralight-camping-schuhe-deluxe\/","title":{"rendered":"Zpacks Ultralight Camping Schuhe Deluxe"},"content":{"rendered":"<p><strong>Wir haben alle Gr\u00f6ssen an Lager aber nicht immer alle Farben. In einigen F\u00e4llen kann es zu langen Wartezeiten kommen. Dann geben wir bescheid.<\/strong><\/p>\n<p>Die <a href=\"\/en\/hersteller\/zpacks\/\" data-internallinksmanager029f6b8e52c=\"2\" title=\"Zpacks\">Zpacks<\/a> Deluxe Camp Shoes sind f\u00fcr Wanderer und Backpacker entwickelt worden, die nach einem langen Tag auf dem Trail etwas mehr Komfort und Sicherheit w\u00fcnschen. Diese Lagerschuhe mit geschlossener Ferse bieten deinen F\u00fcssen eine leichte, sch\u00fctzende Schicht und lassen sie nach langen Tagen auf dem Trail trotzdem atmen.<\/p>\n<p>Eine 5-mm-Schaumstoffsohle d\u00e4mpft deine F\u00fcsse vor Steinen, Wurzeln und unebenem Untergrund rund ums Lager, w\u00e4hrend die optionale Einlegesohle den Schutz verdoppelt, wenn du ein noch bequemeres Tragegef\u00fchl wie bei Hausschuhen bevorzugst. Die geschlossene Ferse sorgt f\u00fcr sicheren Halt und h\u00e4lt Schmutz fern \u2013 ideal f\u00fcr Bewegung rund ums Lager, n\u00e4chtliche Toiletteng\u00e4nge, Hostelaufenthalte und Erholung nach der Wanderung.<\/p>\n<p>Kompakt, zusammenfaltbar und einfach zu verstauen, k\u00f6nnen die Deluxe Camp Shoes mit oder ohne Socken getragen und in fast jede Rucksacktasche gesteckt werden, wenn sie nicht gebraucht werden. Sie sind eine leichte Alternative zu sperrigen Sandalen oder durchn\u00e4ssten Trailschuhen, damit deine F\u00fcsse eine Pause bekommen, ohne unn\u00f6tig viel Platz im Rucksack zu beanspruchen. Ein ultraleichter Strap-Back Camp Shoe ist ebenfalls erh\u00e4ltlich \u2013 ideal zum Abtrocknen von Wasser und Duschen.<\/p>\n<p>Diese Schuhe sind f\u00fcr kurze Strecken rund ums Lager gedacht. <strong>Nicht<\/strong> zum <a href=\"https:\/\/litepack.ch\/en\/pilgerreisen\/\" data-internallinksmanager029f6b8e52c=\"6\" title=\"Pilgerreisen\">Wandern<\/a> geeignet.<\/p>\n<ul>\n<li>Der strapazierf\u00e4hige 125 g\/m\u00b2 100D-Ripstop-Nylon-Korpus h\u00e4lt Feuchtigkeit und Schmutz von deinen F\u00fcssen fern.<\/li>\n<li>Das dehnbare Lycra-Obermaterial l\u00e4sst deine F\u00fcsse atmen.<\/li>\n<li>Die breite Zehenbox gibt deinen Zehen nach einem anstrengenden Tag auf dem Trail Raum zum Ausbreiten.<\/li>\n<li>Bequem mit oder ohne Socken tragbar.<\/li>\n<li>Die 5-mm-Schaumstoffsohle bietet gerade genug Komfort, um deine F\u00fcsse vor spitzen Steinen und Wurzeln rund ums Lager zu sch\u00fctzen. Optionale Einlegesohlen sorgen f\u00fcr zus\u00e4tzliche D\u00e4mpfung und Komfort.<\/li>\n<li>Die <a href=\"\/en\/hersteller\/zpacks\/\" data-internallinksmanager029f6b8e52c=\"2\" title=\"Zpacks\">Zpacks<\/a> Deluxe Camp Shoes lassen sich flach zusammenlegen oder aufrollen und in jede Rucksacktasche stecken.<\/li>\n<\/ul>","protected":false},"excerpt":{"rendered":"<p>Wir haben alle Gr\u00f6ssen an Lager aber nicht immer alle Farben. In einigen F\u00e4llen kann es zu langen Wartezeiten kommen.<\/p>","protected":false},"featured_media":41515,"comment_status":"open","ping_status":"closed","template":"","meta":[],"product_brand":[220],"product_cat":[190],"product_tag":[],"class_list":{"0":"post-41479","1":"product","2":"type-product","3":"status-publish","4":"has-post-thumbnail","6":"product_brand-zpacks","7":"product_cat-kleidung","8":"pa_hersteller-zpacks","10":"first","11":"instock","12":"taxable","13":"shipping-taxable","14":"purchasable","15":"product-type-variable"},"_links":{"self":[{"href":"https:\/\/litepack.ch\/en\/wp-json\/wp\/v2\/product\/41479","targetHints":{"allow":["GET"]}}],"collection":[{"href":"https:\/\/litepack.ch\/en\/wp-json\/wp\/v2\/product"}],"about":[{"href":"https:\/\/litepack.ch\/en\/wp-json\/wp\/v2\/types\/product"}],"replies":[{"embeddable":true,"href":"https:\/\/litepack.ch\/en\/wp-json\/wp\/v2\/comments?post=41479"}],"wp:featuredmedia":[{"embeddable":true,"href":"https:\/\/litepack.ch\/en\/wp-json\/wp\/v2\/media\/41515"}],"wp:attachment":[{"href":"https:\/\/litepack.ch\/en\/wp-json\/wp\/v2\/media?parent=41479"}],"wp:term":[{"taxonomy":"product_brand","embeddable":true,"href":"https:\/\/litepack.ch\/en\/wp-json\/wp\/v2\/product_brand?post=41479"},{"taxonomy":"product_cat","embeddable":true,"href":"https:\/\/litepack.ch\/en\/wp-json\/wp\/v2\/product_cat?post=41479"},{"taxonomy":"product_tag","embeddable":true,"href":"https:\/\/litepack.ch\/en\/wp-json\/wp\/v2\/product_tag?post=41479"}],"curies":[{"name":"wp","href":"https:\/\/api.w.org\/{rel}","templated":true}]}}