{"id":41451,"date":"2026-04-25T21:58:40","date_gmt":"2026-04-25T20:58:40","guid":{"rendered":"https:\/\/litepack.ch\/?post_type=product&#038;p=41451"},"modified":"2026-04-25T22:10:44","modified_gmt":"2026-04-25T21:10:44","slug":"zpacks-reparatur-naeh-kit","status":"publish","type":"product","link":"https:\/\/litepack.ch\/en\/product\/zpacks-reparatur-naeh-kit\/","title":{"rendered":"Zpacks Kevlar N\u00e4h-Kit"},"content":{"rendered":"<p class=\"p1\">Sei auf jedes Missgeschick vorbereitet und halte deine Ausr\u00fcstung bis zum Ende deiner Weitwanderung in gutem Zustand \u2013 mit diesem praktischen N\u00e4h-Reparaturset. Es eignet sich ideal, um deinen Rucksack, Kleidung oder andere Ausr\u00fcstungsgegenst\u00e4nde unterwegs schnell zu reparieren oder auszubessern.<\/p>\n<p class=\"p1\">F\u00fcr das ultimative Reparatur-Setup im Gel\u00e4nde empfiehlt es sich, zus\u00e4tzlich Reparatur-Tape zu bestellen.<\/p>\n<p class=\"p1\">Das N\u00e4hset enth\u00e4lt ca. 18 m Kevlar-Faden in gedeckter Farbe. Kevlar-Faden ist extrem reissfest und sorgt f\u00fcr langlebige Reparaturen. Die unauff\u00e4llige Farbe passt gut zu vielen Ausr\u00fcstungsgegenst\u00e4nden.<\/p>\n<p class=\"p1\">Im Set enthalten ist zudem eine gebogene Nadel aus rostfreiem Stahl, die perfekt in das mitgelieferte Etui passt. Die gebogene Form erleichtert das N\u00e4hen durch dickere Materialien wie Gurtb\u00e4nder.<\/p>\n<p class=\"p1\"><b>Gewicht:<\/b><br \/>\n10 g (inkl. Faden, Nadel und Etui)<\/p>\n<p class=\"p2\"><b>Fadenl\u00e4nge:<\/b><span class=\"s2\"><br \/>\nca. 18 m<\/span><\/p>\n<p class=\"p2\"><b>Reissfestigkeit:<\/b><span class=\"s2\"><br \/>\n56 kg<\/span><\/p>\n<p class=\"p2\"><b>Farbe:<\/b><span class=\"s2\"><br \/>\nBlack<\/span><\/p>\n<p><iframe title=\"Zpacks Sewing Repair Kit | Overview\" width=\"500\" height=\"281\" src=\"https:\/\/www.youtube.com\/embed\/AzL07c07rNU?feature=oembed\" frameborder=\"0\" allow=\"accelerometer; autoplay; clipboard-write; encrypted-media; gyroscope; picture-in-picture; web-share\" referrerpolicy=\"strict-origin-when-cross-origin\" allowfullscreen><\/iframe><\/p>","protected":false},"excerpt":{"rendered":"<p>Sei auf jedes Missgeschick vorbereitet und halte deine Ausr\u00fcstung bis zum Ende deiner Weitwanderung in gutem Zustand \u2013 mit diesem<\/p>","protected":false},"featured_media":41452,"comment_status":"open","ping_status":"closed","template":"","meta":[],"product_brand":[],"product_cat":[296,191],"product_tag":[],"class_list":{"0":"post-41451","1":"product","2":"type-product","3":"status-publish","4":"has-post-thumbnail","6":"product_cat-weiteres-zubehoer","7":"product_cat-zubehoer","8":"pa_hersteller-zpacks","10":"first","11":"instock","12":"taxable","13":"shipping-taxable","14":"purchasable","15":"product-type-simple"},"_links":{"self":[{"href":"https:\/\/litepack.ch\/en\/wp-json\/wp\/v2\/product\/41451","targetHints":{"allow":["GET"]}}],"collection":[{"href":"https:\/\/litepack.ch\/en\/wp-json\/wp\/v2\/product"}],"about":[{"href":"https:\/\/litepack.ch\/en\/wp-json\/wp\/v2\/types\/product"}],"replies":[{"embeddable":true,"href":"https:\/\/litepack.ch\/en\/wp-json\/wp\/v2\/comments?post=41451"}],"wp:featuredmedia":[{"embeddable":true,"href":"https:\/\/litepack.ch\/en\/wp-json\/wp\/v2\/media\/41452"}],"wp:attachment":[{"href":"https:\/\/litepack.ch\/en\/wp-json\/wp\/v2\/media?parent=41451"}],"wp:term":[{"taxonomy":"product_brand","embeddable":true,"href":"https:\/\/litepack.ch\/en\/wp-json\/wp\/v2\/product_brand?post=41451"},{"taxonomy":"product_cat","embeddable":true,"href":"https:\/\/litepack.ch\/en\/wp-json\/wp\/v2\/product_cat?post=41451"},{"taxonomy":"product_tag","embeddable":true,"href":"https:\/\/litepack.ch\/en\/wp-json\/wp\/v2\/product_tag?post=41451"}],"curies":[{"name":"wp","href":"https:\/\/api.w.org\/{rel}","templated":true}]}}