{"id":41406,"date":"2026-04-17T09:03:02","date_gmt":"2026-04-17T08:03:02","guid":{"rendered":"https:\/\/litepack.ch\/?post_type=product&#038;p=41406"},"modified":"2026-04-24T21:27:26","modified_gmt":"2026-04-24T20:27:26","slug":"alpenblow-micro-pad-inflator","status":"publish","type":"product","link":"https:\/\/litepack.ch\/en\/product\/alpenblow-micro-pad-inflator\/","title":{"rendered":"Alpenglow Gear Alpenblow Pumpe V2"},"content":{"rendered":"<p class=\"p1\">Lerne den Alpenblow kennen \u2013 der kleine Luxus f\u00fcr unterwegs, von dem du nicht wusstest, dass du ihn brauchst. Mit einem Gewicht von weniger als zwei M\u00fcnzen passt dieses kompakte Kraftpaket in jede Tasche und bl\u00e4st deine Schlafmatte in nur wenigen Minuten leise auf \u2013 direkt \u00fcber dein Smartphone oder eine Powerbank. Schone deine Lunge und erspare dir das m\u00fchsame Aufblasen nach einem langen Wandertag.<\/p>\n<p class=\"p1\">Der Energieverbrauch ist minimal: weniger als 1 % deines Smartphone-Akkus oder etwa 0,25 % einer 10\u2019000 mAh Powerbank. Mehrere Aufs\u00e4tze sind im Lieferumfang enthalten und passen auf viele g\u00e4ngige Schlafmatten.<\/p>\n<ul>\n<li class=\"p1\">Der Alpenblow wird \u00fcber Ger\u00e4te mit mindestens 5 V Ausgang und USB-C-Anschluss betrieben, wie Powerbanks oder Smartphones. <span class=\"s1\"><b>Das Ger\u00e4t hat keinen integrierten Akku.<\/b><\/span> Ein USB-C-Kabel ist nicht enthalten.<\/li>\n<li class=\"p1\">Der Stromverbrauch ist sehr gering: Das Aufblasen einer normalen Schlafmatte ben\u00f6tigt weniger als 1 % eines typischen Smartphone-Akkus oder etwa 0,25 % der Kapazit\u00e4t einer 10\u2019000 mAh Powerbank.\u00a0Energieverbrauch: 18 mAh bei 5 V = 0,09 Wh<\/li>\n<li class=\"p1\">Um den Alpenblow mit deinem Smartphone zu nutzen, muss dieses den <strong>USB-C<\/strong>-Standard unterst\u00fctzen (die meisten Android-Ger\u00e4te sowie neuere iPhones).<\/li>\n<li class=\"p1\">Wenn du deine Schlafmatte besonders hart aufgeblasen m\u00f6chtest, kann es sein, dass du nach dem Einsatz noch ein bis zwei Atemz\u00fcge manuell hinzuf\u00fcgen musst.<\/li>\n<li>Der grosse Vorteil ist dass keine feuchte Atemluft in die Matte geblasen wird.<\/li>\n<li class=\"p1\">Die Aufblasdauer h\u00e4ngt von der Gr\u00f6sse der Matte ab und liegt zwischen ca. 2,5 Minuten f\u00fcr kurze Matten und \u00fcber 6 Minuten f\u00fcr grosse Modelle.<\/li>\n<li class=\"p1\">Dieses Ger\u00e4t ist f\u00fcr kleine Outdoor-Schlafmatten konzipiert und nicht leistungsstark genug, um Kajaks, Flosse oder grosse Luftmatratzen aufzublasen.<\/li>\n<li>Ger\u00e4uschpegel: 42 dBA (\u00e4hnlich wie bei m\u00e4\u00dfigem Regen)<strong>Mitgelieferte D\u00fcsen:<\/strong><br \/>\nTherm-a-Rest (WingLock)<br \/>\nNEMO (Laylow)<br \/>\nBig Agnes<br \/>\nSea-to-Summit \/ Exped<\/li>\n<\/ul>","protected":false},"excerpt":{"rendered":"<p>Lerne den Alpenblow kennen \u2013 der kleine Luxus f\u00fcr unterwegs, von dem du nicht wusstest, dass du ihn brauchst. Mit<\/p>","protected":false},"featured_media":41408,"comment_status":"open","ping_status":"closed","template":"","meta":[],"product_brand":[],"product_cat":[292,191],"product_tag":[],"class_list":{"0":"post-41406","1":"product","2":"type-product","3":"status-publish","4":"has-post-thumbnail","6":"product_cat-schlaf-zubehoer","7":"product_cat-zubehoer","9":"first","10":"instock","11":"taxable","12":"shipping-taxable","13":"purchasable","14":"product-type-simple"},"_links":{"self":[{"href":"https:\/\/litepack.ch\/en\/wp-json\/wp\/v2\/product\/41406","targetHints":{"allow":["GET"]}}],"collection":[{"href":"https:\/\/litepack.ch\/en\/wp-json\/wp\/v2\/product"}],"about":[{"href":"https:\/\/litepack.ch\/en\/wp-json\/wp\/v2\/types\/product"}],"replies":[{"embeddable":true,"href":"https:\/\/litepack.ch\/en\/wp-json\/wp\/v2\/comments?post=41406"}],"wp:featuredmedia":[{"embeddable":true,"href":"https:\/\/litepack.ch\/en\/wp-json\/wp\/v2\/media\/41408"}],"wp:attachment":[{"href":"https:\/\/litepack.ch\/en\/wp-json\/wp\/v2\/media?parent=41406"}],"wp:term":[{"taxonomy":"product_brand","embeddable":true,"href":"https:\/\/litepack.ch\/en\/wp-json\/wp\/v2\/product_brand?post=41406"},{"taxonomy":"product_cat","embeddable":true,"href":"https:\/\/litepack.ch\/en\/wp-json\/wp\/v2\/product_cat?post=41406"},{"taxonomy":"product_tag","embeddable":true,"href":"https:\/\/litepack.ch\/en\/wp-json\/wp\/v2\/product_tag?post=41406"}],"curies":[{"name":"wp","href":"https:\/\/api.w.org\/{rel}","templated":true}]}}