{"id":41338,"date":"2026-04-09T11:49:27","date_gmt":"2026-04-09T10:49:27","guid":{"rendered":"https:\/\/litepack.ch\/?post_type=product&#038;p=41338"},"modified":"2026-04-09T14:51:50","modified_gmt":"2026-04-09T13:51:50","slug":"zpacks-radiant-wool-t-shirt","status":"publish","type":"product","link":"https:\/\/litepack.ch\/en\/product\/zpacks-radiant-wool-t-shirt\/","title":{"rendered":"Zpacks Radiant Wool T-Shirt"},"content":{"rendered":"<p>Das <a href=\"\/en\/hersteller\/zpacks\/\" data-internallinksmanager029f6b8e52c=\"2\" title=\"Zpacks\">Zpacks<\/a> Radiant Woll-T-Shirt wird aus demselben strapazierf\u00e4higen, komfortablen und maschinenwaschbaren Merinowolle-Gewebe hergestellt wie unser beliebter Mirage Sun Hoody. Es verf\u00fcgt \u00fcber Vier-Wege-Stretch f\u00fcr volle Bewegungsfreiheit und eine bequeme Passform f\u00fcr verschiedene K\u00f6rperformen. Das Radiant ist perfekt f\u00fcr eine lange Wanderung im Wald, einen Besuch im Fitnessstudio oder als l\u00e4ssiges Alltags-T-Shirt. Die nat\u00fcrliche Wollfaser h\u00e4lt dich in der Sonne k\u00fchl, w\u00e4rmt auch im nassen Zustand und widersteht Ger\u00fcchen besser als Synthetikfasern. Unser Material ist weich auf der Haut, ohne das typische Kratzen anderer Wollstoffe. Unsere hochwertige 96%-Merinowolle-Mischung ist zudem vorgeschrumpft und pflegeleicht. Einfach zusammen mit der normalen W\u00e4sche in Waschmaschine und Trockner geben.<\/p>\n<ul>\n<li>Gefertigt aus einer 96%-Merinowolle-Mischung \u2013 das Shirt ist weich und angenehm auf der Haut, ohne Kratzen oder Transparenz. Die Farbe Charcoal weist ein meliertes Muster mit weissen Punkten auf.<\/li>\n<li>Unser ultraleichtes 135 g\/m\u00b2 Mirage-Merinowolle-Gewebe ist sehr atmungsaktiv und trotzdem robust genug f\u00fcr viele Kilometer auf und abseits des Weges.<\/li>\n<li>Die Gr\u00f6ssen entsprechen US-Herrengr\u00f6ssen; das dehnbare Material passt sich jedoch auch vielen Damenfiguren gut an.<\/li>\n<li>Vier-Wege-Stretch l\u00e4sst das Material sich angenehm an deine K\u00f6rperbewegungen anpassen.<\/li>\n<li>Feuchtigkeitstransportierendes, atmungsaktives Wollmaterial bleibt auch im nassen Zustand warm und bietet \u00fcberlegene Thermoregulierung bei kaltem und warmem Wetter.<\/li>\n<li>Merinowolle hat die einzigartige Eigenschaft, Ger\u00fcche aufzunehmen und unangenehme Ger\u00fcche zu reduzieren.<\/li>\n<li>Das versetzte Schulternaht-Design hilft, Reibung durch Rucksackgurte zu vermeiden.<\/li>\n<li>UPF 40+<\/li>\n<li>Unser Wollgewebe ist vorgeschrumpft und kann ohne wesentliche Ver\u00e4nderung der Passform in der Waschmaschine gewaschen und im Trockner getrocknet werden.<\/li>\n<\/ul>","protected":false},"excerpt":{"rendered":"<p>Das Zpacks Radiant Woll-T-Shirt wird aus demselben strapazierf\u00e4higen, komfortablen und maschinenwaschbaren Merinowolle-Gewebe hergestellt wie unser beliebter Mirage Sun Hoody. Es<\/p>","protected":false},"featured_media":41392,"comment_status":"open","ping_status":"closed","template":"","meta":[],"product_brand":[220],"product_cat":[190],"product_tag":[],"class_list":{"0":"post-41338","1":"product","2":"type-product","3":"status-publish","4":"has-post-thumbnail","6":"product_brand-zpacks","7":"product_cat-kleidung","8":"pa_hersteller-zpacks","10":"first","11":"instock","12":"taxable","13":"shipping-taxable","14":"purchasable","15":"product-type-variable","16":"has-default-attributes"},"_links":{"self":[{"href":"https:\/\/litepack.ch\/en\/wp-json\/wp\/v2\/product\/41338","targetHints":{"allow":["GET"]}}],"collection":[{"href":"https:\/\/litepack.ch\/en\/wp-json\/wp\/v2\/product"}],"about":[{"href":"https:\/\/litepack.ch\/en\/wp-json\/wp\/v2\/types\/product"}],"replies":[{"embeddable":true,"href":"https:\/\/litepack.ch\/en\/wp-json\/wp\/v2\/comments?post=41338"}],"wp:featuredmedia":[{"embeddable":true,"href":"https:\/\/litepack.ch\/en\/wp-json\/wp\/v2\/media\/41392"}],"wp:attachment":[{"href":"https:\/\/litepack.ch\/en\/wp-json\/wp\/v2\/media?parent=41338"}],"wp:term":[{"taxonomy":"product_brand","embeddable":true,"href":"https:\/\/litepack.ch\/en\/wp-json\/wp\/v2\/product_brand?post=41338"},{"taxonomy":"product_cat","embeddable":true,"href":"https:\/\/litepack.ch\/en\/wp-json\/wp\/v2\/product_cat?post=41338"},{"taxonomy":"product_tag","embeddable":true,"href":"https:\/\/litepack.ch\/en\/wp-json\/wp\/v2\/product_tag?post=41338"}],"curies":[{"name":"wp","href":"https:\/\/api.w.org\/{rel}","templated":true}]}}