{"id":41226,"date":"2026-03-20T22:43:59","date_gmt":"2026-03-20T21:43:59","guid":{"rendered":"https:\/\/litepack.ch\/?post_type=product&#038;p=41226"},"modified":"2026-03-26T18:34:19","modified_gmt":"2026-03-26T17:34:19","slug":"zpacks-nero-classic-rucksack","status":"publish","type":"product","link":"https:\/\/litepack.ch\/en\/product\/zpacks-nero-classic-rucksack\/","title":{"rendered":"Zpacks Nero Classic Rucksack"},"content":{"rendered":"<p>Der Nero Classic kommt unserem urspr\u00fcnglichen rahmenlosen Rucksack-Design so nah wie m\u00f6glich \u2013 einem Design, das vor \u00fcber 20 Jahren auf einer Durchquerung des Appalachian Trail getestet wurde. Der Nero ist kompakt und stromlinienf\u00f6rmig, mit nur den wichtigsten Funktionen f\u00fcr Langstreckenwanderer. Das robuste Ultra-100X-Gewebe und die wasserdicht versiegelten N\u00e4hte halten allem stand, was die Natur auf dich wirft. Die gr\u00fcnen und pinken Varianten verwenden Ultra-TenX-Gewebe f\u00fcr einen zus\u00e4tzlichen Farbtupfer.<\/p>\n<p>W\u00e4hle aus mehreren Volumen, um deinen Wanderstil optimal zu unterst\u00fctzen. Drei verschiedene austauschbare Tr\u00e4gersysteme, ein optionaler abnehmbarer H\u00fcftgurt, ein bequemes Sitzpolster sowie eine Reihe cooler modularer <strong>Erweiterungen<\/strong> machen den vielseitigen Nero Ultra zu deinem perfekten Begleiter \u2013 ob f\u00fcr Tagestouren, Streckenabschnitte oder eine vollst\u00e4ndige Durchquerung.<\/p>\n<ul>\n<li>Gefertigt aus 112 g\/m\u00b2 Ultra-100X-Gewebe, optional auch in Pink oder Gr\u00fcn aus 98 g\/m\u00b2 Ultra-TenX-Gewebe f\u00fcr einen Farbtupfer. Ultra-Gewebe besteht aus einem gewebten Oberstoff aus Ultra-hochmolekularem Polyethylen (UHMWPE), laminiert auf eine 0,019 mm wasserdichte R\u00fcckschicht. Das Ultra-Gewebe bietet extrem hohe Abrieb- und Reissfestigkeit und ist das robusteste Material, das wir anbieten.<\/li>\n<li>Ultra-Gewebe ist wasserdicht, <a href=\"https:\/\/litepack.ch\/en\/pfas-chemikalien\/\" data-internallinksmanager029f6b8e52c=\"4\" title=\"PFAS Free\">PFAS<\/a>-frei und wurde weder mit DWR noch mit anderen Chemikalien beschichtet.<\/li>\n<li>Alle N\u00e4hte und Befestigungspunkte sind versiegelt, was den Rucksack sehr wasserresistent macht. F\u00fcr wichtige Gegenst\u00e4nde wie Kleidung und Schlafsack empfehlen wir zus\u00e4tzlich Packs\u00e4cke oder einen Pack-Liner.<\/li>\n<li>Das 40-Liter-Modell ist unser beliebtestes Volumen \u2013 es bietet genug Platz f\u00fcr 3\u20135 Tage auf einer Thru-Hike mit Ultraleicht-Ausr\u00fcstung, w\u00e4hrend das 30-Liter-Modell ideal f\u00fcr 2\u20133-Tages-Touren oder Wanderer mit einem eingespielten Basisgewicht ist.<\/li>\n<li>Das 30-Liter-Modell passt unter den Flugzeugsitz und gilt als kostenloses Handgep\u00e4ckst\u00fcck. Das 40-Liter-Modell passt gut ins Gep\u00e4ckfach \u00fcber dem Sitz oder, bei zusammengerolltem Oberteil, ebenfalls unter den Sitz.<\/li>\n<li>Verwende den mitgelieferten Obergurt, um Gegenst\u00e4nde oben auf dem Rucksack zu befestigen, oder r\u00fcste optional auf den Nero V-Top-Gurt auf, um einen B\u00e4renbeh\u00e4lter oder andere schwerere Gegenst\u00e4nde zu tragen. Der Gurt l\u00e4sst sich abnehmen, wenn du ihn nicht ben\u00f6tigst.<\/li>\n<li>Ein Roll-Top-Verschluss erm\u00f6glicht es dir, den oberen Teil des Rucksacks zu komprimieren, wenn dein Packvolumen abnimmt. Seitliche Kompressionskordeln k\u00f6nnen das Volumen weiter reduzieren und eignen sich auch zum Befestigen von Trekkingst\u00f6cken oder einem Regenschirm in den Seitentaschen.<\/li>\n<li>Es stehen mehrere austauschbare Schultergurt-Stile zur Auswahl. Unsere Gurte verf\u00fcgen \u00fcber eine bequeme 10-mm-Schaumstoffpolsterung aus geschlossenporigem Schaum mit 3D-Mesh auf der Unterseite f\u00fcr Bel\u00fcftung und D\u00e4mpfung. Eine Daisy-Chain erm\u00f6glicht das Einh\u00e4ngen von Zubeh\u00f6r, und ein Brustgurt l\u00e4sst sich f\u00fcr eine optimale Passform nach oben oder unten verschieben.<\/li>\n<li>Das 40-Liter-Modell bietet drei Gurtpositionen, mit denen du den optionalen H\u00fcftgurt f\u00fcr verschiedene Torsol\u00e4ngen einstellen kannst, w\u00e4hrend das 30-Liter-Modell eine einzelne Gurtposition hat. Der optionale H\u00fcftgurt ist 2,5 cm breit und hat einen maximalen Umfang von 127 cm. Gepolsterte H\u00fcftgurte sind ebenfalls erh\u00e4ltlich.<\/li>\n<li>Die ger\u00e4umigen Seitentaschen fassen jeweils bis zu zwei 1-Liter-Flaschen. Sie sind tief am Rucksack und nach vorne geneigt angebracht, f\u00fcr einen einfachen Zugriff. Die Taschen haben Ablaufl\u00f6cher am Boden und Gummizug zum Festhalten oben.<\/li>\n<li>Eine grosse, dehnbare Netztasche in der Mitte eignet sich ideal f\u00fcr Gegenst\u00e4nde, auf die du schnell zugreifen m\u00f6chtest, wie deine Regenjacke und Snacks \u2013 ausserdem kannst du dort nasse Kleidung und Ausr\u00fcstung trocknen lassen.<\/li>\n<li>Ein Trinksystem-Schlauch kann durch die Ecke des Roll-Top-Verschlusses gef\u00fchrt und mit der Daisy-Chain am Schultergurt gesichert werden.<\/li>\n<li>Verschiedene Schlaufen erm\u00f6glichen das Befestigen von optionalem Zubeh\u00f6r wie seitlichen Obertaschen, Stosskordel-Befestigungen und Eispickel-Schlaufen.<\/li>\n<li>Ein Sitzpolster aus geschlossenporigem Schaum mit den Massen 28 cm x 39,4 cm ist im Lieferumfang enthalten und erh\u00f6ht das Gesamtgewicht des Rucksacks um 28 g. Der Schaum bietet etwas Polsterung und Unterst\u00fctzung gegen deinen R\u00fccken. Das Sitzpolster wird mit einer Stosskordel befestigt und l\u00e4sst sich f\u00fcr Pausen schnell abnehmen. Die Stosskordel (8,5 g) und das Sitzpolster sind abnehmbar und austauschbar.<\/li>\n<li>Die Stosskordel kann auch neu gebunden werden, um gefaltete Schlafmatten bis zu 51 cm H\u00f6he oder gr\u00f6ssere Sitzpolster zu befestigen.<\/li>\n<li>Entworfen und zusammengebaut in den USA aus einheimischen und importierten Komponenten.<\/li>\n<\/ul>","protected":false},"excerpt":{"rendered":"<p>Der Nero Classic kommt unserem urspr\u00fcnglichen rahmenlosen Rucksack-Design so nah wie m\u00f6glich \u2013 einem Design, das vor \u00fcber 20 Jahren<\/p>","protected":false},"featured_media":41232,"comment_status":"open","ping_status":"closed","template":"","meta":[],"product_brand":[220],"product_cat":[20],"product_tag":[],"class_list":{"0":"post-41226","1":"product","2":"type-product","3":"status-publish","4":"has-post-thumbnail","6":"product_brand-zpacks","7":"product_cat-rucksaecke","8":"pa_hersteller-zpacks","10":"first","11":"instock","12":"taxable","13":"shipping-taxable","14":"purchasable","15":"product-type-variable","16":"has-default-attributes"},"_links":{"self":[{"href":"https:\/\/litepack.ch\/en\/wp-json\/wp\/v2\/product\/41226","targetHints":{"allow":["GET"]}}],"collection":[{"href":"https:\/\/litepack.ch\/en\/wp-json\/wp\/v2\/product"}],"about":[{"href":"https:\/\/litepack.ch\/en\/wp-json\/wp\/v2\/types\/product"}],"replies":[{"embeddable":true,"href":"https:\/\/litepack.ch\/en\/wp-json\/wp\/v2\/comments?post=41226"}],"wp:featuredmedia":[{"embeddable":true,"href":"https:\/\/litepack.ch\/en\/wp-json\/wp\/v2\/media\/41232"}],"wp:attachment":[{"href":"https:\/\/litepack.ch\/en\/wp-json\/wp\/v2\/media?parent=41226"}],"wp:term":[{"taxonomy":"product_brand","embeddable":true,"href":"https:\/\/litepack.ch\/en\/wp-json\/wp\/v2\/product_brand?post=41226"},{"taxonomy":"product_cat","embeddable":true,"href":"https:\/\/litepack.ch\/en\/wp-json\/wp\/v2\/product_cat?post=41226"},{"taxonomy":"product_tag","embeddable":true,"href":"https:\/\/litepack.ch\/en\/wp-json\/wp\/v2\/product_tag?post=41226"}],"curies":[{"name":"wp","href":"https:\/\/api.w.org\/{rel}","templated":true}]}}