{"id":40967,"date":"2026-02-16T16:14:05","date_gmt":"2026-02-16T15:14:05","guid":{"rendered":"https:\/\/litepack.ch\/?post_type=product&#038;p=40967"},"modified":"2026-02-16T16:34:38","modified_gmt":"2026-02-16T15:34:38","slug":"3f-ul-ultraleichte-regenhose","status":"publish","type":"product","link":"https:\/\/litepack.ch\/en\/product\/3f-ul-ultraleichte-regenhose\/","title":{"rendered":"3F UL ultraleichte Regenhose"},"content":{"rendered":"<p class=\"p1\">Ultraleichte Regenhose, entwickelt f\u00fcr schnellen und effizienten Wetterschutz im Backcountry.<\/p>\n<p class=\"p1\">Hergestellt aus 20D-Nylon, gemischt mit 7 % UHMWPE, bietet das Material eine ausgezeichnete Festigkeit im Verh\u00e4ltnis zum Gewicht und bleibt gleichzeitig sehr atmungsaktiv. Die Wasserdampfdurchl\u00e4ssigkeit betr\u00e4gt 14\u2019000 g\/m\u00b2\/24 h nach GB\/T 12704.2-2009, was ungef\u00e4hr 8\u2019000\u201310\u2019000 g\/m\u00b2\/24 h nach ASTM E96 (Upright-Cup-Methode) entspricht.<\/p>\n<p class=\"p1\">Die Hose wiegt nur 168 g (Gr\u00f6sse S, ohne Packsack) und ist damit ideal f\u00fcr lange <a href=\"https:\/\/litepack.ch\/en\/pilgerreisen\/\" data-internallinksmanager029f6b8e52c=\"6\" title=\"Pilgerreisen\">Wanderungen<\/a> und wechselnde Bedingungen.<\/p>\n<p class=\"p1\">Das Material verf\u00fcgt \u00fcber eine dauerhafte wasserabweisende C6-Impr\u00e4gnierung und enth\u00e4lt <a href=\"https:\/\/litepack.ch\/en\/pfas-chemikalien\/\" data-internallinksmanager029f6b8e52c=\"4\" title=\"PFAS Free\">PFAS<\/a>-Verbindungen.<\/p>\n<p class=\"p1\">Der lockere, grossz\u00fcgige Schnitt erm\u00f6glicht es, die Hose anzuziehen, ohne die Schuhe auszuziehen, was sie besonders praktisch bei pl\u00f6tzlichen Wetter\u00e4nderungen auf dem Trail macht.<\/p>\n<p>Am Ges\u00e4ss ist eine ULTRA Verst\u00e4rkung eingen\u00e4ht, was die Hose ideal zum Sitzen in nassen Bedingungen macht.<\/p>\n<p>Hinweis: Aufgrund des sehr lockeren Schnitts ist diese Regenhose speziell f\u00fcr den Einsatz im Outdoor- und Wanderbereich entwickelt.<\/p>","protected":false},"excerpt":{"rendered":"<p>Ultraleichte Regenhose, entwickelt f\u00fcr schnellen und effizienten Wetterschutz im Backcountry. Hergestellt aus 20D-Nylon, gemischt mit 7 % UHMWPE, bietet das<\/p>","protected":false},"featured_media":40973,"comment_status":"open","ping_status":"closed","template":"","meta":[],"product_brand":[293],"product_cat":[190],"product_tag":[],"class_list":{"0":"post-40967","1":"product","2":"type-product","3":"status-publish","4":"has-post-thumbnail","6":"product_brand-3f-ul-gear","7":"product_cat-kleidung","8":"pa_hersteller-3f-ul","10":"first","11":"instock","12":"taxable","13":"shipping-taxable","14":"purchasable","15":"product-type-variable"},"_links":{"self":[{"href":"https:\/\/litepack.ch\/en\/wp-json\/wp\/v2\/product\/40967","targetHints":{"allow":["GET"]}}],"collection":[{"href":"https:\/\/litepack.ch\/en\/wp-json\/wp\/v2\/product"}],"about":[{"href":"https:\/\/litepack.ch\/en\/wp-json\/wp\/v2\/types\/product"}],"replies":[{"embeddable":true,"href":"https:\/\/litepack.ch\/en\/wp-json\/wp\/v2\/comments?post=40967"}],"wp:featuredmedia":[{"embeddable":true,"href":"https:\/\/litepack.ch\/en\/wp-json\/wp\/v2\/media\/40973"}],"wp:attachment":[{"href":"https:\/\/litepack.ch\/en\/wp-json\/wp\/v2\/media?parent=40967"}],"wp:term":[{"taxonomy":"product_brand","embeddable":true,"href":"https:\/\/litepack.ch\/en\/wp-json\/wp\/v2\/product_brand?post=40967"},{"taxonomy":"product_cat","embeddable":true,"href":"https:\/\/litepack.ch\/en\/wp-json\/wp\/v2\/product_cat?post=40967"},{"taxonomy":"product_tag","embeddable":true,"href":"https:\/\/litepack.ch\/en\/wp-json\/wp\/v2\/product_tag?post=40967"}],"curies":[{"name":"wp","href":"https:\/\/api.w.org\/{rel}","templated":true}]}}