{"id":40943,"date":"2026-02-16T07:59:25","date_gmt":"2026-02-16T06:59:25","guid":{"rendered":"https:\/\/litepack.ch\/?post_type=product&#038;p=40943"},"modified":"2026-02-16T08:12:49","modified_gmt":"2026-02-16T07:12:49","slug":"3f-ul-ultraleichte-regenjacke","status":"publish","type":"product","link":"https:\/\/litepack.ch\/en\/product\/3f-ul-ultraleichte-regenjacke\/","title":{"rendered":"3F UL ultraleichte Regenjacke"},"content":{"rendered":"<p>Eine ultraleichte Regenjacke, entwickelt f\u00fcr lange Eins\u00e4tze bei nassen Bedingungen.<\/p>\n<p>Das Material bietet eine aussergew\u00f6hnliche Atmungsaktivit\u00e4t von 14\u2019000 g\/m\u00b2\/24h (gemessen nach GB\/T 12704.2-2009). Dies entspricht ungef\u00e4hr 8\u2019000\u201310\u2019000 g\/m\u00b2\/24h nach ASTM E96 (Upright-Cup-Methode).<br \/>\nMit nur 170 g ist sie bei l\u00e4ngerem Tragen deutlich komfortabler als nicht atmungsaktive Regenponchos.<\/p>\n<p>Das Material ist mit einer langlebigen, wasserabweisenden C6-Impr\u00e4gnierung behandelt und enth\u00e4lt <a href=\"https:\/\/litepack.ch\/en\/pfas-chemikalien\/\" data-internallinksmanager029f6b8e52c=\"4\" title=\"PFAS Free\">PFAS<\/a>-Verbindungen.<\/p>\n<p>Zwei Unterarm-Bel\u00fcftungsreissverschl\u00fcsse verbessern die Luftzirkulation bei hoher Belastung deutlich.<br \/>\nKapuze und \u00c4rmelabschl\u00fcsse verf\u00fcgen \u00fcber versteifte Stoffeins\u00e4tze, die als Regenschutz dienen und den Schutz bei starkem Regen erh\u00f6hen.<\/p>\n<p>Die Jacke ist sehr locker und oversized geschnitten, sodass du sie problemlos \u00fcber Isolations- oder andere Aussenschichten tragen kannst. F\u00fcr vollst\u00e4ndigen Wetterschutz empfehlen wir die Kombination mit einer Regenhose oder einem Regenkilt.<\/p>\n<p>Weitere Merkmale:<br \/>\n\u2022 Vollst\u00e4ndig getapte, wasserdichte N\u00e4hte<br \/>\n\u2022 Verstellbare Kapuze mit elastischem Kordelzug<br \/>\n\u2022 Speziell f\u00fcr <a href=\"https:\/\/litepack.ch\/en\/pilgerreisen\/\" data-internallinksmanager029f6b8e52c=\"6\" title=\"Pilgerreisen\">Wandern<\/a> und Outdoor-Eins\u00e4tze entwickelt<\/p>\n<p>Aufgrund des sehr weiten Schnitts ist diese Jacke gezielt f\u00fcr Outdoor- und Backcountry-Eins\u00e4tze entwickelt.<\/p>","protected":false},"excerpt":{"rendered":"<p>Eine ultraleichte Regenjacke, entwickelt f\u00fcr lange Eins\u00e4tze bei nassen Bedingungen. Das Material bietet eine aussergew\u00f6hnliche Atmungsaktivit\u00e4t von 14\u2019000 g\/m\u00b2\/24h (gemessen<\/p>","protected":false},"featured_media":40951,"comment_status":"open","ping_status":"closed","template":"","meta":[],"product_brand":[293],"product_cat":[190],"product_tag":[],"class_list":{"0":"post-40943","1":"product","2":"type-product","3":"status-publish","4":"has-post-thumbnail","6":"product_brand-3f-ul-gear","7":"product_cat-kleidung","8":"pa_hersteller-3f-ul","10":"first","11":"instock","12":"taxable","13":"shipping-taxable","14":"purchasable","15":"product-type-variable"},"_links":{"self":[{"href":"https:\/\/litepack.ch\/en\/wp-json\/wp\/v2\/product\/40943","targetHints":{"allow":["GET"]}}],"collection":[{"href":"https:\/\/litepack.ch\/en\/wp-json\/wp\/v2\/product"}],"about":[{"href":"https:\/\/litepack.ch\/en\/wp-json\/wp\/v2\/types\/product"}],"replies":[{"embeddable":true,"href":"https:\/\/litepack.ch\/en\/wp-json\/wp\/v2\/comments?post=40943"}],"wp:featuredmedia":[{"embeddable":true,"href":"https:\/\/litepack.ch\/en\/wp-json\/wp\/v2\/media\/40951"}],"wp:attachment":[{"href":"https:\/\/litepack.ch\/en\/wp-json\/wp\/v2\/media?parent=40943"}],"wp:term":[{"taxonomy":"product_brand","embeddable":true,"href":"https:\/\/litepack.ch\/en\/wp-json\/wp\/v2\/product_brand?post=40943"},{"taxonomy":"product_cat","embeddable":true,"href":"https:\/\/litepack.ch\/en\/wp-json\/wp\/v2\/product_cat?post=40943"},{"taxonomy":"product_tag","embeddable":true,"href":"https:\/\/litepack.ch\/en\/wp-json\/wp\/v2\/product_tag?post=40943"}],"curies":[{"name":"wp","href":"https:\/\/api.w.org\/{rel}","templated":true}]}}