{"id":40827,"date":"2026-01-31T15:37:17","date_gmt":"2026-01-31T14:37:17","guid":{"rendered":"https:\/\/litepack.ch\/?post_type=product&#038;p=40827"},"modified":"2026-02-01T18:43:55","modified_gmt":"2026-02-01T17:43:55","slug":"zpacks-trail-cool-sun-hoody","status":"publish","type":"product","link":"https:\/\/litepack.ch\/en\/product\/zpacks-trail-cool-sun-hoody\/","title":{"rendered":"Zpacks Trail Cool Sun Hoody"},"content":{"rendered":"<p class=\"p1\">Sch\u00fctze dich vor der intensiven Sommersonne und sp\u00fcre gleichzeitig die k\u00fchlende Brise \u2013 mit dem Trail Cool Sun Hoody. Gefertigt aus einem bequemen, elastischen und ultraleichten UPF-40+-Material, h\u00e4lt dich dieser technische Hoody angenehm k\u00fchl und bietet dir gleichzeitig maximalen Sonnenschutz.<\/p>\n<p class=\"p1\">Dank locker geschnittener, luftiger Kapuze und einer viertellangen \u00d6ffnung f\u00fcr bessere Luftzirkulation ist der Trail Cool Sun Hoody daf\u00fcr gemacht, dass du auch im Backcountry frei durchatmen kannst.<\/p>\n<p class=\"p1\">Entdecke auch den Rest unserer Trail Cool Kollektion und lerne unsere komplette Auswahl an atmungsaktiver UL-Bekleidung kennen.<\/p>\n<ul>\n<li class=\"p1\">Das ultraleichte Trail Cool Polyester-Material (ca. 90 g\/m\u00b2) ist besonders atmungsaktiv, leitet Feuchtigkeit effizient ab und bleibt dabei robust \u2013 egal ob auf dem Trail oder am Wasser. Der Stoff schafft den Spagat zwischen genug Luftdurchl\u00e4ssigkeit, um die Brise zu sp\u00fcren, und ausreichender Deckkraft f\u00fcr Privatsph\u00e4re.<\/li>\n<li class=\"p1\">Im Vergleich zu Naturfasern trocknet er schneller und ist deutlich atmungsaktiver.<\/li>\n<li class=\"p1\">Das elastische Material passt sich deinen Bewegungen optimal an.<\/li>\n<li class=\"p1\">Die viertellange \u00d6ffnung hilft dir, deine K\u00f6rpertemperatur zu regulieren.<\/li>\n<li class=\"p1\">Die locker geschnittene Kapuze bietet maximalen Schutz f\u00fcrs Gesicht und l\u00e4sst gleichzeitig deine Ohren frei atmen.<\/li>\n<li class=\"p1\">Grossz\u00fcgige \u00c4rmel mit integrierten Daumen\u00f6ffnungen sch\u00fctzen auch deine H\u00e4nde.<\/li>\n<li class=\"p1\">Das nahtlose Schulterdesign verhindert Druckstellen durch Rucksacktr\u00e4ger.<\/li>\n<li class=\"p1\">Die sanft verl\u00e4ngerte R\u00fcckseite sorgt f\u00fcr zus\u00e4tzliche Abdeckung.<\/li>\n<li class=\"p1\">Der sportliche Schnitt und das elastische Material eignen sich sowohl f\u00fcr M\u00e4nner- als auch f\u00fcr Frauenk\u00f6rper.<\/li>\n<li class=\"p1\">UPF 40+<\/li>\n<\/ul>","protected":false},"excerpt":{"rendered":"<p>Sch\u00fctze dich vor der intensiven Sommersonne und sp\u00fcre gleichzeitig die k\u00fchlende Brise \u2013 mit dem Trail Cool Sun Hoody. Gefertigt<\/p>","protected":false},"featured_media":40868,"comment_status":"open","ping_status":"closed","template":"","meta":[],"product_brand":[220],"product_cat":[190],"product_tag":[],"class_list":{"0":"post-40827","1":"product","2":"type-product","3":"status-publish","4":"has-post-thumbnail","6":"product_brand-zpacks","7":"product_cat-kleidung","8":"pa_hersteller-zpacks","10":"first","11":"instock","12":"taxable","13":"shipping-taxable","14":"purchasable","15":"product-type-variable","16":"has-default-attributes"},"_links":{"self":[{"href":"https:\/\/litepack.ch\/en\/wp-json\/wp\/v2\/product\/40827","targetHints":{"allow":["GET"]}}],"collection":[{"href":"https:\/\/litepack.ch\/en\/wp-json\/wp\/v2\/product"}],"about":[{"href":"https:\/\/litepack.ch\/en\/wp-json\/wp\/v2\/types\/product"}],"replies":[{"embeddable":true,"href":"https:\/\/litepack.ch\/en\/wp-json\/wp\/v2\/comments?post=40827"}],"wp:featuredmedia":[{"embeddable":true,"href":"https:\/\/litepack.ch\/en\/wp-json\/wp\/v2\/media\/40868"}],"wp:attachment":[{"href":"https:\/\/litepack.ch\/en\/wp-json\/wp\/v2\/media?parent=40827"}],"wp:term":[{"taxonomy":"product_brand","embeddable":true,"href":"https:\/\/litepack.ch\/en\/wp-json\/wp\/v2\/product_brand?post=40827"},{"taxonomy":"product_cat","embeddable":true,"href":"https:\/\/litepack.ch\/en\/wp-json\/wp\/v2\/product_cat?post=40827"},{"taxonomy":"product_tag","embeddable":true,"href":"https:\/\/litepack.ch\/en\/wp-json\/wp\/v2\/product_tag?post=40827"}],"curies":[{"name":"wp","href":"https:\/\/api.w.org\/{rel}","templated":true}]}}