{"id":40736,"date":"2026-01-05T11:19:09","date_gmt":"2026-01-05T10:19:09","guid":{"rendered":"https:\/\/litepack.ch\/?post_type=product&#038;p=40736"},"modified":"2026-01-14T15:52:13","modified_gmt":"2026-01-14T14:52:13","slug":"zpacks-ventilation-ventilation-frame","status":"publish","type":"product","link":"https:\/\/litepack.ch\/en\/product\/zpacks-ventilation-ventilation-frame\/","title":{"rendered":"Zpacks (Vaucluse) Ventilation Frame"},"content":{"rendered":"<p class=\"p1\"><span style=\"color: #000000;\">Der <span class=\"s1\"><b><a href=\"\/en\/hersteller\/zpacks\/\" data-internallinksmanager029f6b8e52c=\"2\" title=\"Zpacks\">Zpacks<\/a> x Vaucluse Ventilation Frame<\/b><\/span> ist die einfache M\u00f6glichkeit, einem rahmenlosen Rucksack das Gef\u00fchl eines \u201ebel\u00fcfteten R\u00fcckensystems\u201c zu verleihen. Unsere speziell entwickelte Kollaboration nutzt das bew\u00e4hrte Luftstrom-Rahmenkonzept von Vaucluse, um einen Abstand zwischen dir und dem Rucksack zu schaffen. So kann W\u00e4rme besser entweichen und ein klammer, durchgeschwitzter R\u00fccken nach langen, feuchten Anstiegen auf dem Trail wird vermieden.<\/span><\/p>\n<p class=\"p1\"><span style=\"color: #000000;\">Unsere Kollaborationsversion verf\u00fcgt \u00fcber ein universelles Befestigungssystem, das zu all unseren rahmenlosen Rucks\u00e4cken sowie zu den meisten anderen Rucks\u00e4cken passt. Die vier Ecken der mitgelieferten H\u00fclle werden an beliebigen vier Punkten am Rucksack fixiert und lassen sich nach oben oder unten verstellen, um die optimale Position zu finden.<\/span><\/p>\n<p class=\"p1\"><span style=\"color: #000000;\">Der <span class=\"s1\"><b><a href=\"\/en\/hersteller\/zpacks\/\" data-internallinksmanager029f6b8e52c=\"2\" title=\"Zpacks\">Zpacks<\/a> x Vaucluse Ventilation Frame<\/b><\/span> bietet einen \u201eBewegt-sich-mit-dir\u201c-Komfort, der dich k\u00fchler, trockener und insgesamt komfortabler h\u00e4lt \u2013 genau die Gr\u00fcnde, warum dieser Rahmen auf dem Trail zum Kultfavoriten geworden ist.<\/span><\/p>\n<ul>\n<li class=\"p3\"><span style=\"color: #000000;\">Der Rahmen erzeugt einen Abstand von <span class=\"s2\"><b>1,9 cm<\/b><\/span> f\u00fcr nat\u00fcrliche Bel\u00fcftung. Das reduziert Schweissbildung und erh\u00f6ht die Luftzirkulation, um deinen R\u00fccken in heissen und feuchten Umgebungen k\u00fchl und trocken zu halten.<\/span><\/li>\n<li class=\"p3\"><span style=\"color: #000000;\">Dieser Rahmen sorgt f\u00fcr zus\u00e4tzliche Luftzirkulation und Polsterung am R\u00fccken. Er dient <span class=\"s2\"><b>nicht<\/b><\/span> der Lastaufnahme oder Last\u00fcbertragung.<\/span><\/li>\n<li class=\"p3\"><span style=\"color: #000000;\"><span class=\"s2\"><b>Einheitsgr\u00f6sse<\/b><\/span>, universelles Design, passend f\u00fcr jeden Rucksack mit Befestigungspunkten \u2013 einschliesslich unserer gesamten <span class=\"s2\"><b>Nero-Serie<\/b><\/span> an rahmenlosen Rucks\u00e4cken.<\/span><\/li>\n<li class=\"p3\"><span style=\"color: #000000;\">Unsere <span class=\"s2\"><b>Arc-Frame-Rucks\u00e4cke<\/b><\/span> verf\u00fcgen bereits \u00fcber integrierte Bel\u00fcftung. Dieser Rahmen ist technisch kompatibel, w\u00e4re dort jedoch redundant. Andere Rucks\u00e4cke mit Rahmen, die keine integrierte Bel\u00fcftung haben, profitieren hingegen davon.<\/span><\/li>\n<li class=\"p3\"><span style=\"color: #000000;\">Die mitgelieferte H\u00fclle ist so konzipiert, dass sie sich sauber an den hinteren Befestigungspunkten unserer rahmenlosen Rucks\u00e4cke mit integrierten Kordeln und Kordelstoppern befestigen l\u00e4sst. Die Position kann nach oben oder unten angepasst werden, um die optimale Einstellung zu finden.<\/span><\/li>\n<li class=\"p3\"><span style=\"color: #000000;\">Das robuste, abriebfeste Material des Rahmens ist flexibel und passt sich deinem R\u00fccken an.<\/span><\/li>\n<li class=\"p3\"><span style=\"color: #000000;\">Die H\u00fclle verf\u00fcgt auf einer Seite \u00fcber ein offenes Mesh f\u00fcr maximale Bel\u00fcftung und auf der anderen Seite \u00fcber gepolstertes 3D-Mesh f\u00fcr zus\u00e4tzlichen Komfort am R\u00fccken. Die H\u00fclle kann in beide Richtungen montiert werden.<\/span><\/li>\n<li class=\"p3\"><span style=\"color: #000000;\">Hergestellt aus <span class=\"s2\"><b>FDA-zugelassenem<\/b><\/span>, ungiftigem, recycelbarem, langlebigem und abriebfestem <span class=\"s2\"><b>High-Density Polyethylen (HDPE)<\/b><\/span>.<\/span><\/li>\n<li class=\"p1\"><span style=\"color: #000000;\"><span class=\"s1\">Abgedeckt durch die <\/span><b>lebenslange Garantie von Vaucluse<\/b><span class=\"s1\">.<\/span><\/span><\/li>\n<li class=\"p1\"><span style=\"color: #000000;\"><b>Hergestellt in den USA.<\/b><\/span><\/li>\n<\/ul>","protected":false},"excerpt":{"rendered":"<p>Der Zpacks x Vaucluse Ventilation Frame ist die einfache M\u00f6glichkeit, einem rahmenlosen Rucksack das Gef\u00fchl eines \u201ebel\u00fcfteten R\u00fcckensystems\u201c zu verleihen.<\/p>","protected":false},"featured_media":40738,"comment_status":"open","ping_status":"closed","template":"","meta":[],"product_brand":[220],"product_cat":[277,191],"product_tag":[],"class_list":{"0":"post-40736","1":"product","2":"type-product","3":"status-publish","4":"has-post-thumbnail","6":"product_brand-zpacks","7":"product_cat-rucksack-zubehoer","8":"product_cat-zubehoer","9":"pa_hersteller-zpacks","11":"first","12":"instock","13":"taxable","14":"shipping-taxable","15":"purchasable","16":"product-type-simple"},"_links":{"self":[{"href":"https:\/\/litepack.ch\/en\/wp-json\/wp\/v2\/product\/40736","targetHints":{"allow":["GET"]}}],"collection":[{"href":"https:\/\/litepack.ch\/en\/wp-json\/wp\/v2\/product"}],"about":[{"href":"https:\/\/litepack.ch\/en\/wp-json\/wp\/v2\/types\/product"}],"replies":[{"embeddable":true,"href":"https:\/\/litepack.ch\/en\/wp-json\/wp\/v2\/comments?post=40736"}],"wp:featuredmedia":[{"embeddable":true,"href":"https:\/\/litepack.ch\/en\/wp-json\/wp\/v2\/media\/40738"}],"wp:attachment":[{"href":"https:\/\/litepack.ch\/en\/wp-json\/wp\/v2\/media?parent=40736"}],"wp:term":[{"taxonomy":"product_brand","embeddable":true,"href":"https:\/\/litepack.ch\/en\/wp-json\/wp\/v2\/product_brand?post=40736"},{"taxonomy":"product_cat","embeddable":true,"href":"https:\/\/litepack.ch\/en\/wp-json\/wp\/v2\/product_cat?post=40736"},{"taxonomy":"product_tag","embeddable":true,"href":"https:\/\/litepack.ch\/en\/wp-json\/wp\/v2\/product_tag?post=40736"}],"curies":[{"name":"wp","href":"https:\/\/api.w.org\/{rel}","templated":true}]}}