{"id":40730,"date":"2026-01-01T22:37:09","date_gmt":"2026-01-01T21:37:09","guid":{"rendered":"https:\/\/litepack.ch\/?post_type=product&#038;p=40730"},"modified":"2026-01-01T22:44:47","modified_gmt":"2026-01-01T21:44:47","slug":"zpacks-aufklebbare-federlose-schnurhalterung","status":"publish","type":"product","link":"https:\/\/litepack.ch\/en\/product\/zpacks-aufklebbare-federlose-schnurhalterung\/","title":{"rendered":"Zpacks Aufklebbare federlose Schnurhalterung"},"content":{"rendered":"<p class=\"p1\">Dieser Patch aus <a href=\"https:\/\/litepack.ch\/en\/material-zpacks\/\" data-internallinksmanager029f6b8e52c=\"1\" title=\"Material Zpacks\">Dyneema<\/a>\u00ae Composite Fabric hat einen angen\u00e4hten, federlosen Kordelstopper und eine selbstklebende R\u00fcckseite. Zieh das braune Schutzpapier ab und kleb ihn genau dort auf, wo du ihn brauchst.<\/p>\n<p class=\"p1\">Er ist ideal, wenn du an deiner DCF Ausr\u00fcstung eine Kordel mit verstellbarer L\u00e4nge anbringen m\u00f6chtest, zum Beispiel an deinem Zeltdach oder Zeltboden. Wir kombinieren diese Patches mit <span class=\"s1\"><b>2,4 mm<\/b><\/span> Elastikkordel, um unsere Sleeping Pad Slide Stoppers herzustellen.<\/p>\n<p class=\"p1\">Die Patches haften hervorragend auf Ausr\u00fcstung aus <a href=\"https:\/\/litepack.ch\/en\/material-zpacks\/\" data-internallinksmanager029f6b8e52c=\"1\" title=\"Material Zpacks\">Dyneema<\/a>\u00ae Composite Fabric, haften jedoch nicht auf Silikonstoffen. Auf normalem Nylon oder Polyester h\u00e4lt der Kleber ausreichend gut.<\/p>\n<p><a href=\"https:\/\/litepack.ch\/en\/product\/zpacks-schlafmatten-rutschstopper\/\">Auch als Set erh\u00e4ltlich<\/a><\/p>","protected":false},"excerpt":{"rendered":"<p>Dieser Patch aus Dyneema\u00ae Composite Fabric hat einen angen\u00e4hten, federlosen Kordelstopper und eine selbstklebende R\u00fcckseite. Zieh das braune Schutzpapier ab<\/p>","protected":false},"featured_media":40731,"comment_status":"open","ping_status":"closed","template":"","meta":[],"product_brand":[220],"product_cat":[292,191],"product_tag":[],"class_list":{"0":"post-40730","1":"product","2":"type-product","3":"status-publish","4":"has-post-thumbnail","6":"product_brand-zpacks","7":"product_cat-schlaf-zubehoer","8":"product_cat-zubehoer","9":"pa_hersteller-zpacks","11":"first","12":"instock","13":"taxable","14":"shipping-taxable","15":"purchasable","16":"product-type-simple"},"_links":{"self":[{"href":"https:\/\/litepack.ch\/en\/wp-json\/wp\/v2\/product\/40730","targetHints":{"allow":["GET"]}}],"collection":[{"href":"https:\/\/litepack.ch\/en\/wp-json\/wp\/v2\/product"}],"about":[{"href":"https:\/\/litepack.ch\/en\/wp-json\/wp\/v2\/types\/product"}],"replies":[{"embeddable":true,"href":"https:\/\/litepack.ch\/en\/wp-json\/wp\/v2\/comments?post=40730"}],"wp:featuredmedia":[{"embeddable":true,"href":"https:\/\/litepack.ch\/en\/wp-json\/wp\/v2\/media\/40731"}],"wp:attachment":[{"href":"https:\/\/litepack.ch\/en\/wp-json\/wp\/v2\/media?parent=40730"}],"wp:term":[{"taxonomy":"product_brand","embeddable":true,"href":"https:\/\/litepack.ch\/en\/wp-json\/wp\/v2\/product_brand?post=40730"},{"taxonomy":"product_cat","embeddable":true,"href":"https:\/\/litepack.ch\/en\/wp-json\/wp\/v2\/product_cat?post=40730"},{"taxonomy":"product_tag","embeddable":true,"href":"https:\/\/litepack.ch\/en\/wp-json\/wp\/v2\/product_tag?post=40730"}],"curies":[{"name":"wp","href":"https:\/\/api.w.org\/{rel}","templated":true}]}}