{"id":40680,"date":"2025-12-22T15:26:48","date_gmt":"2025-12-22T14:26:48","guid":{"rendered":"https:\/\/litepack.ch\/?post_type=product&#038;p=40680"},"modified":"2025-12-22T15:44:15","modified_gmt":"2025-12-22T14:44:15","slug":"zpacks-octa-fleece-thermohose","status":"publish","type":"product","link":"https:\/\/litepack.ch\/en\/product\/zpacks-octa-fleece-thermohose\/","title":{"rendered":"Zpacks Octa Fleece Thermohose"},"content":{"rendered":"<p class=\"p1\"><a href=\"\/en\/hersteller\/zpacks\/\" data-internallinksmanager029f6b8e52c=\"2\" title=\"Zpacks\">Zpacks<\/a> <a href=\"https:\/\/litepack.ch\/en\/material-zpacks\/\" data-internallinksmanager029f6b8e52c=\"1\" title=\"Material Zpacks\">Octa<\/a>\u00ae Fleece Thermal Bottoms \u00fcbertreffen in ihrer Klasse alle anderen langen Unterhosen in Bezug auf W\u00e4rmeleistung und Gewicht. Sie sind daf\u00fcr konzipiert, bei eisigen Temperaturen unter Wanderhosen, bei k\u00fchlem Wetter unter Shorts oder als ultraleichte Schlafschicht getragen zu werden \u2013 diese Leggings sind unschlagbar, wenn jedes Gramm z\u00e4hlt.<\/p>\n<p class=\"p1\"><a href=\"https:\/\/litepack.ch\/en\/material-zpacks\/\" data-internallinksmanager029f6b8e52c=\"1\" title=\"Material Zpacks\">Octa<\/a>\u00ae Fleece verf\u00fcgt \u00fcber eine weiche, flauschige Innenseite, die W\u00e4rme speichert und f\u00fcr ein angenehmes Tragegef\u00fchl sorgt, sowie \u00fcber eine abriebfeste Au\u00dfenseite, die Abnutzung standh\u00e4lt.<\/p>\n<p class=\"p1\">Entdecke hier den Rest unserer <a href=\"https:\/\/litepack.ch\/en\/shop\/?filter_material=octa\">Octa\u00ae Fleece Kollektion<\/a>.<\/p>\n<ul>\n<li class=\"p1\">Unser 2,35 oz\/Quadratyard schweres <a href=\"https:\/\/litepack.ch\/en\/material-zpacks\/\" data-internallinksmanager029f6b8e52c=\"1\" title=\"Material Zpacks\">Octa<\/a>\u00ae Fleece bietet au\u00dfergew\u00f6hnliche W\u00e4rme bei extrem geringem Gewicht und ist damit eine fortschrittliche Alternative zu herk\u00f6mmlichem Fleece.<\/li>\n<li class=\"p1\">Die <a href=\"https:\/\/litepack.ch\/en\/material-zpacks\/\" data-internallinksmanager029f6b8e52c=\"1\" title=\"Material Zpacks\">Octa<\/a>\u00ae-Faser besitzt einen tintenfisch\u00e4hnlichen Querschnitt mit 8 Ausl\u00e4ufern, die Luftkammern bilden und so den W\u00e4rmeschutz und die Isolationsf\u00e4higkeit verbessern. Diese einzigartige Faserstruktur macht <a href=\"https:\/\/litepack.ch\/en\/material-zpacks\/\" data-internallinksmanager029f6b8e52c=\"1\" title=\"Material Zpacks\">Octa<\/a>\u00ae-Gewebe bei vergleichbarer Dicke etwa 50 % leichter als herk\u00f6mmliche Polyestermaterialien.<\/li>\n<li class=\"p1\">Die Innenseite des <a href=\"https:\/\/litepack.ch\/en\/material-zpacks\/\" data-internallinksmanager029f6b8e52c=\"1\" title=\"Material Zpacks\">Octa<\/a>\u00ae zeichnet sich durch eine flauschige, hautnahe, angeraute Oberfl\u00e4che aus, die Luft einschlie\u00dft und Sie bequem warm h\u00e4lt.<\/li>\n<li class=\"p1\">Die Netzstruktur der Au\u00dfenseite ist extrem abriebfest und bietet eine bessere Haltbarkeit als andere ultraleichte Fleece-Optionen. Au\u00dferdem sammelt sie keinen Schmutz wie Fleece mit flauschiger Au\u00dfenseite.<\/li>\n<li class=\"p1\">Ein elastischer Bund sorgt f\u00fcr eine bequeme Passform bei unterschiedlichen Taillenweiten.<\/li>\n<li class=\"p1\">Der Zwickel im Schritt verbessert die Bewegungsfreiheit und verhindert Einschr\u00e4nkungen beim \u00dcbersteigen hoher Hindernisse.<\/li>\n<li class=\"p1\">Praktische, \u00fcberlappende Eingriffs\u00f6ffnung.<\/li>\n<li class=\"p1\">Ideal kombinierbar mit unserem <a href=\"https:\/\/litepack.ch\/en\/material-zpacks\/\" data-internallinksmanager029f6b8e52c=\"1\" title=\"Material Zpacks\">Octa<\/a> Fleece Hoody und der <a href=\"https:\/\/litepack.ch\/en\/material-zpacks\/\" data-internallinksmanager029f6b8e52c=\"1\" title=\"Material Zpacks\">Octa<\/a> Fleece Hat als Schlafschicht.<\/li>\n<\/ul>","protected":false},"excerpt":{"rendered":"<p>Zpacks Octa\u00ae Fleece Thermal Bottoms \u00fcbertreffen in ihrer Klasse alle anderen langen Unterhosen in Bezug auf W\u00e4rmeleistung und Gewicht. Sie<\/p>","protected":false},"featured_media":40689,"comment_status":"open","ping_status":"closed","template":"","meta":[],"product_brand":[220],"product_cat":[190],"product_tag":[],"class_list":{"0":"post-40680","1":"product","2":"type-product","3":"status-publish","4":"has-post-thumbnail","6":"product_brand-zpacks","7":"product_cat-kleidung","8":"pa_hersteller-zpacks","10":"first","11":"instock","12":"taxable","13":"shipping-taxable","14":"purchasable","15":"product-type-variable"},"_links":{"self":[{"href":"https:\/\/litepack.ch\/en\/wp-json\/wp\/v2\/product\/40680","targetHints":{"allow":["GET"]}}],"collection":[{"href":"https:\/\/litepack.ch\/en\/wp-json\/wp\/v2\/product"}],"about":[{"href":"https:\/\/litepack.ch\/en\/wp-json\/wp\/v2\/types\/product"}],"replies":[{"embeddable":true,"href":"https:\/\/litepack.ch\/en\/wp-json\/wp\/v2\/comments?post=40680"}],"wp:featuredmedia":[{"embeddable":true,"href":"https:\/\/litepack.ch\/en\/wp-json\/wp\/v2\/media\/40689"}],"wp:attachment":[{"href":"https:\/\/litepack.ch\/en\/wp-json\/wp\/v2\/media?parent=40680"}],"wp:term":[{"taxonomy":"product_brand","embeddable":true,"href":"https:\/\/litepack.ch\/en\/wp-json\/wp\/v2\/product_brand?post=40680"},{"taxonomy":"product_cat","embeddable":true,"href":"https:\/\/litepack.ch\/en\/wp-json\/wp\/v2\/product_cat?post=40680"},{"taxonomy":"product_tag","embeddable":true,"href":"https:\/\/litepack.ch\/en\/wp-json\/wp\/v2\/product_tag?post=40680"}],"curies":[{"name":"wp","href":"https:\/\/api.w.org\/{rel}","templated":true}]}}