{"id":40613,"date":"2025-11-26T09:30:42","date_gmt":"2025-11-26T08:30:42","guid":{"rendered":"https:\/\/litepack.ch\/?post_type=product&#038;p=40613"},"modified":"2025-11-26T09:45:55","modified_gmt":"2025-11-26T08:45:55","slug":"3f-ul-ultralight-regenschirm-inkl-holster","status":"publish","type":"product","link":"https:\/\/litepack.ch\/en\/product\/3f-ul-ultralight-regenschirm-inkl-holster\/","title":{"rendered":"3F UL Ultralight Regenschirm inkl. Holster"},"content":{"rendered":"<p>Wir lieben den Hiking Umbrella \u2013 seit 2015 ist er ein unverzichtbarer Teil unserer Trekking-Ausr\u00fcstung. Im Vergleich zu einer Regenjacke ist der Hiking Umbrella eine sehr flexible und komfortable Regen\u00adschutzl\u00f6sung. Er ist hoch atmungsaktiv und h\u00e4lt dein Gesicht sowie deine Haare trocken \u2013 perfekt f\u00fcr lange, nasse Trails bei Dauerregen.<\/p>\n<p>Auch im Camp ist er ein grossartiges Hilfsmittel. Du kannst dich frei unter dem Schirm bewegen, ohne dir Sorgen machen zu m\u00fcssen, eine nasse Regenjacke ins Zelt zu bringen. Gerade draussen, wenn Bequemlichkeit z\u00e4hlt, wirst du es bestimmt nicht bereuen, ihn dabei zu haben.<\/p>\n<p>In heissen W\u00fcstengebieten und Hochlagen mit starker UV-Strahlung wird der Hiking Umbrella noch n\u00fctzlicher. Er verhindert fast vollst\u00e4ndig Sonnenbrand und reduziert die Verdunstung von Schweiss auf deinem K\u00f6rper. Dadurch brauchst du weniger Wasser mitzuf\u00fchren und erleichterst deine Last.<\/p>\n<p>Gewicht: 152 g (Silber), 172 g (Golden)<br \/>\nPackl\u00e4nge: 65.5 cm<br \/>\nRadius: 95 cm<br \/>\nSchirmmaterial: 20D Grid UHMWPE\/Polyester mit reflektierender Beschichtung<br \/>\nGest\u00e4nge: Carbonfaser<\/p>\n<p>Wir liefern ausserdem ein Hands-free Attachment mit, das du am Schultergurt deines Rucksacks befestigen kannst. Es ist speziell f\u00fcr Trekkingstock-Nutzer gedacht und wiegt nur 12 g.<\/p>","protected":false},"excerpt":{"rendered":"<p>Wir lieben den Hiking Umbrella \u2013 seit 2015 ist er ein unverzichtbarer Teil unserer Trekking-Ausr\u00fcstung. Im Vergleich zu einer Regenjacke<\/p>","protected":false},"featured_media":40619,"comment_status":"open","ping_status":"closed","template":"","meta":[],"product_brand":[293],"product_cat":[296],"product_tag":[],"class_list":{"0":"post-40613","1":"product","2":"type-product","3":"status-publish","4":"has-post-thumbnail","6":"product_brand-3f-ul-gear","7":"product_cat-weiteres-zubehoer","8":"pa_hersteller-3f-ul","10":"first","11":"instock","12":"taxable","13":"shipping-taxable","14":"purchasable","15":"product-type-variable","16":"has-default-attributes"},"_links":{"self":[{"href":"https:\/\/litepack.ch\/en\/wp-json\/wp\/v2\/product\/40613","targetHints":{"allow":["GET"]}}],"collection":[{"href":"https:\/\/litepack.ch\/en\/wp-json\/wp\/v2\/product"}],"about":[{"href":"https:\/\/litepack.ch\/en\/wp-json\/wp\/v2\/types\/product"}],"replies":[{"embeddable":true,"href":"https:\/\/litepack.ch\/en\/wp-json\/wp\/v2\/comments?post=40613"}],"wp:featuredmedia":[{"embeddable":true,"href":"https:\/\/litepack.ch\/en\/wp-json\/wp\/v2\/media\/40619"}],"wp:attachment":[{"href":"https:\/\/litepack.ch\/en\/wp-json\/wp\/v2\/media?parent=40613"}],"wp:term":[{"taxonomy":"product_brand","embeddable":true,"href":"https:\/\/litepack.ch\/en\/wp-json\/wp\/v2\/product_brand?post=40613"},{"taxonomy":"product_cat","embeddable":true,"href":"https:\/\/litepack.ch\/en\/wp-json\/wp\/v2\/product_cat?post=40613"},{"taxonomy":"product_tag","embeddable":true,"href":"https:\/\/litepack.ch\/en\/wp-json\/wp\/v2\/product_tag?post=40613"}],"curies":[{"name":"wp","href":"https:\/\/api.w.org\/{rel}","templated":true}]}}