{"id":40585,"date":"2025-11-26T08:59:49","date_gmt":"2025-11-26T07:59:49","guid":{"rendered":"https:\/\/litepack.ch\/?post_type=product&#038;p=40585"},"modified":"2026-02-16T08:15:22","modified_gmt":"2026-02-16T07:15:22","slug":"zpacks-octa-fleece-hoody-pullover-women","status":"publish","type":"product","link":"https:\/\/litepack.ch\/en\/product\/zpacks-octa-fleece-hoody-pullover-women\/","title":{"rendered":"Zpacks Octa Fleece Hoody &#8211; Pullover (Women)"},"content":{"rendered":"<p>Von alpinen Aufstiegen bis zu N\u00e4chten am Lagerfeuer: Die ultraleichte Women\u2019s <a href=\"https:\/\/litepack.ch\/en\/material-zpacks\/\" data-internallinksmanager029f6b8e52c=\"1\" title=\"Material Zpacks\">Octa<\/a>\u00ae Fleece Hoody ist daf\u00fcr gemacht, sich mit dir zu bewegen und dich dabei gro\u00dfartig aussehen zu lassen. Mit einem speziell auf Frauen zugeschnittenen Schnitt und Farben, die schmeicheln, h\u00e4lt dich diese ultraleichte Schicht s\u00fcss, selbstbewusst und komfortabel \u2013 egal wohin dich der Weg f\u00fchrt.<\/p>\n<p>Gefertigt aus fortschrittlichem <a href=\"https:\/\/litepack.ch\/en\/material-zpacks\/\" data-internallinksmanager029f6b8e52c=\"1\" title=\"Material Zpacks\">Octa<\/a>\u00ae Fleece bietet sie au\u00dfergew\u00f6hnliche Strapazierf\u00e4higkeit, Atmungsaktivit\u00e4t und ein W\u00e4rme-Gewichts-Verh\u00e4ltnis, das kaum zu \u00fcbertreffen ist. Dieser Pullover ist f\u00fcr Leistung und Vielseitigkeit entworfen, mit einem weichen, flauschigen Innenmaterial f\u00fcr unvergleichlichen Komfort, einem halben Reissverschluss f\u00fcr schnelle Temperaturkontrolle und einer eng anliegenden Kapuze, die die K\u00e4lte fern h\u00e4lt.<\/p>\n<p>Die ger\u00e4umige K\u00e4ngurutasche ist perfekt platziert, sodass du auch mit Rucksackgurt bequem deine H\u00e4nde w\u00e4rmen oder wichtige Dinge griffbereit verstauen kannst.<\/p>\n<ul>\n<li>Bleib gem\u00fctlich ohne unn\u00f6tiges Volumen. Unser <a href=\"https:\/\/litepack.ch\/en\/material-zpacks\/\" data-internallinksmanager029f6b8e52c=\"1\" title=\"Material Zpacks\">Octa<\/a>\u00ae mit einem Fl\u00e4chengewicht von 2,35 g\/m\u00b2 liefert beeindruckende W\u00e4rme bei ultraleichtem Gewicht \u2013 perfekt f\u00fcr alles von frischen Morgenstunden bis zu sonnigen Nachmittagen.<\/li>\n<li>F\u00fcr Leistung entwickelt, f\u00fcr Komfort entworfen. Die einzigartigen, achtarmigen Fasern von <a href=\"https:\/\/litepack.ch\/en\/material-zpacks\/\" data-internallinksmanager029f6b8e52c=\"1\" title=\"Material Zpacks\">Octa<\/a>\u00ae speichern W\u00e4rme und sind dabei 50 % leichter als herk\u00f6mmliches Polyester. In dem Moment, in dem du es anziehst, sp\u00fcrst du den Unterschied: luftig, atmungsaktiv und niemals klamm.<\/li>\n<li>Innen sorgt ein geb\u00fcrstetes Futter f\u00fcr luxuri\u00f6se Weichheit auf deiner Haut. Au\u00dfen widersteht die strapazierf\u00e4hige Mesh-Aussenh\u00fclle Rucksackgurten und \u00c4sten und sammelt weder Fusseln noch Schmutz.<\/li>\n<li>Trage es unter einer <a href=\"https:\/\/litepack.ch\/en\/product\/zpacks-ventum-wind-shell-jacke\/\">Zpacks Wind Shell Jacket<\/a>, um die Brise abzuhalten und warm zu bleiben, wenn die Temperatur sinkt. Es passt au\u00dferdem perfekt zu unseren <a href=\"https:\/\/litepack.ch\/en\/product\/zpacks-octa-camp-hosen\/\">Octa Fleece Pants<\/a> und der <a href=\"https:\/\/litepack.ch\/en\/product\/zpacks-octa-fleece-muetze\/\">Octa Fleece Hat<\/a> als gem\u00fctliche Schicht f\u00fcrs Camp oder zum Schlafen.<\/li>\n<li>Ein halber Reissverschluss erlaubt dir, deine W\u00e4rme im Tagesverlauf fein abzustimmen. Die K\u00e4ngurutasche h\u00e4lt deine H\u00e4nde warm oder bietet Platz f\u00fcr Handschuhe und Snacks, selbst wenn du einen H\u00fcftgurt tr\u00e4gst.<\/li>\n<li>Die eng anliegende Kapuze w\u00e4rmt deine Ohren an frischen Morgenstunden, w\u00e4hrend Daumenl\u00f6cher die \u00c4rmel fixieren, zus\u00e4tzliche W\u00e4rme spenden und vor der Sonne sch\u00fctzen. Durchdachte Details wie elastische \u00c4rmelabschl\u00fcsse und Saum halten die W\u00e4rme im Inneren, und ein leicht verl\u00e4ngerter R\u00fcckensaum bietet zus\u00e4tzlichen Schutz beim Greifen oder Radfahren.<\/li>\n<li>Die Schulter-N\u00e4hte sind so platziert, dass sie nicht unter Rucksackgurten reiben.<\/li>\n<li>Der Stoff mit UPF 40+ sch\u00fctzt dich vor UV-Strahlen, sodass du l\u00e4nger sorgenfrei <a href=\"https:\/\/litepack.ch\/en\/pilgerreisen\/\" data-internallinksmanager029f6b8e52c=\"6\" title=\"Pilgerreisen\">wandern<\/a> kannst.<\/li>\n<\/ul>","protected":false},"excerpt":{"rendered":"<p>Von alpinen Aufstiegen bis zu N\u00e4chten am Lagerfeuer: Die ultraleichte Women\u2019s Octa\u00ae Fleece Hoody ist daf\u00fcr gemacht, sich mit dir<\/p>","protected":false},"featured_media":40597,"comment_status":"open","ping_status":"closed","template":"","meta":[],"product_brand":[220],"product_cat":[190],"product_tag":[],"class_list":{"0":"post-40585","1":"product","2":"type-product","3":"status-publish","4":"has-post-thumbnail","6":"product_brand-zpacks","7":"product_cat-kleidung","8":"pa_hersteller-zpacks","10":"first","11":"instock","12":"taxable","13":"shipping-taxable","14":"purchasable","15":"product-type-variable","16":"has-default-attributes"},"_links":{"self":[{"href":"https:\/\/litepack.ch\/en\/wp-json\/wp\/v2\/product\/40585","targetHints":{"allow":["GET"]}}],"collection":[{"href":"https:\/\/litepack.ch\/en\/wp-json\/wp\/v2\/product"}],"about":[{"href":"https:\/\/litepack.ch\/en\/wp-json\/wp\/v2\/types\/product"}],"replies":[{"embeddable":true,"href":"https:\/\/litepack.ch\/en\/wp-json\/wp\/v2\/comments?post=40585"}],"wp:featuredmedia":[{"embeddable":true,"href":"https:\/\/litepack.ch\/en\/wp-json\/wp\/v2\/media\/40597"}],"wp:attachment":[{"href":"https:\/\/litepack.ch\/en\/wp-json\/wp\/v2\/media?parent=40585"}],"wp:term":[{"taxonomy":"product_brand","embeddable":true,"href":"https:\/\/litepack.ch\/en\/wp-json\/wp\/v2\/product_brand?post=40585"},{"taxonomy":"product_cat","embeddable":true,"href":"https:\/\/litepack.ch\/en\/wp-json\/wp\/v2\/product_cat?post=40585"},{"taxonomy":"product_tag","embeddable":true,"href":"https:\/\/litepack.ch\/en\/wp-json\/wp\/v2\/product_tag?post=40585"}],"curies":[{"name":"wp","href":"https:\/\/api.w.org\/{rel}","templated":true}]}}