{"id":40542,"date":"2025-11-23T10:20:37","date_gmt":"2025-11-23T09:20:37","guid":{"rendered":"https:\/\/litepack.ch\/?post_type=product&#038;p=40542"},"modified":"2026-02-11T10:22:22","modified_gmt":"2026-02-11T09:22:22","slug":"zpacks-brushtail-possum-socken","status":"publish","type":"product","link":"https:\/\/litepack.ch\/en\/product\/zpacks-brushtail-possum-socken\/","title":{"rendered":"Zpacks Brushtail Possum Socken"},"content":{"rendered":"<p class=\"p1\"><span class=\"s1\">Wenn das Lagerfeuer allein nicht mehr reicht, um dich warm zu halten, und deine F\u00fc\u00dfe ein wenig zus\u00e4tzliche Hilfe brauchen, sind die Brushtail Possum Socks ein ultraleichtes Must-have. Hergestellt aus einer Kombination von neuseel\u00e4ndischem Brushtail-Possum-Fell und Merino-Lammwolle aus Neuseeland, halten diese Socken deine Zehen angenehm warm.<\/span><\/p>\n<p class=\"p1\"><span class=\"s1\">Diese Socken sind sehr dick und extrem warm! Sie sind robust genug, um an kalten Tagen beim <a href=\"https:\/\/litepack.ch\/en\/pilgerreisen\/\" data-internallinksmanager029f6b8e52c=\"6\" title=\"Pilgerreisen\">Wandern<\/a> getragen zu werden, und eignen sich ebenso hervorragend als Schlafsocken. Auch f\u00fcr Wintersport sind sie ideal.<\/span><\/p>\n<p class=\"p1\"><span class=\"s1\">F\u00fcr zus\u00e4tzliche W\u00e4rme kombiniere diese Socken mit unseren <a href=\"https:\/\/litepack.ch\/en\/product\/zpacks-brushtail-possum-faeustlinge\/\">Brushtail Possum Gloves!<\/a><\/span><\/p>\n<p class=\"p1\"><span class=\"s1\">Bitte beachte: Socken sind vom Umtausch ausgeschlossen, wenn sie aus der Verpackung genommen wurden.<\/span><\/p>\n<ul>\n<li class=\"p1\"><span class=\"s1\">Die Brushtail Possum Socks werden aus einer Kombination von neuseel\u00e4ndischem Brushtail-Possum-Fell und Merino-Lammwolle aus Neuseeland hergestellt.<\/span><\/li>\n<li class=\"p1\"><span class=\"s1\">Das Haar des Brushtail-Possums ist hohl \u2013 genau wie das Fell des Eisb\u00e4ren \u2013 und sorgt dadurch f\u00fcr au\u00dfergew\u00f6hnliche W\u00e4rme sowie Wasserresistenz. W\u00e4hrend typische Wollsocken zwar warm bleiben, wenn sie nass sind, aber ewig zum Trocknen brauchen, sch\u00fcttelst du bei diesen Socken das Wasser einfach heraus und sie trocknen schnell.<\/span><\/li>\n<li class=\"p1\"><span class=\"s1\">Die neuseel\u00e4ndischen Possums sind nicht mit den Opossums aus den USA verwandt. Sie sind zwar sehr niedlich, gelten aber als invasive Art, die die heimische Pflanzen- und Vogelwelt zerst\u00f6rt.<\/span><\/li>\n<li><span class=\"s1\">Hergestellt in Neuseeland.<\/span><\/li>\n<\/ul>\n<p class=\"p1\"><strong><span class=\"s1\">Materialzusammensetzung:<\/span><\/strong><\/p>\n<ul class=\"ul1\">\n<li class=\"li2\"><span class=\"s1\">29 % Brushtail-Possum-Faser<\/span><\/li>\n<li class=\"li3\"><span class=\"s1\">51 % Merino-Wolle<\/span><\/li>\n<li class=\"li3\"><span class=\"s1\">19 % Nylon<\/span><\/li>\n<li class=\"li4\"><span class=\"s1\">1 % Elastan<\/span><\/li>\n<\/ul>","protected":false},"excerpt":{"rendered":"<p>Wenn das Lagerfeuer allein nicht mehr reicht, um dich warm zu halten, und deine F\u00fc\u00dfe ein wenig zus\u00e4tzliche Hilfe brauchen,<\/p>","protected":false},"featured_media":40550,"comment_status":"open","ping_status":"closed","template":"","meta":[],"product_brand":[220],"product_cat":[190],"product_tag":[],"class_list":{"0":"post-40542","1":"product","2":"type-product","3":"status-publish","4":"has-post-thumbnail","6":"product_brand-zpacks","7":"product_cat-kleidung","8":"pa_hersteller-zpacks","10":"first","11":"instock","12":"taxable","13":"shipping-taxable","14":"purchasable","15":"product-type-variable"},"_links":{"self":[{"href":"https:\/\/litepack.ch\/en\/wp-json\/wp\/v2\/product\/40542","targetHints":{"allow":["GET"]}}],"collection":[{"href":"https:\/\/litepack.ch\/en\/wp-json\/wp\/v2\/product"}],"about":[{"href":"https:\/\/litepack.ch\/en\/wp-json\/wp\/v2\/types\/product"}],"replies":[{"embeddable":true,"href":"https:\/\/litepack.ch\/en\/wp-json\/wp\/v2\/comments?post=40542"}],"wp:featuredmedia":[{"embeddable":true,"href":"https:\/\/litepack.ch\/en\/wp-json\/wp\/v2\/media\/40550"}],"wp:attachment":[{"href":"https:\/\/litepack.ch\/en\/wp-json\/wp\/v2\/media?parent=40542"}],"wp:term":[{"taxonomy":"product_brand","embeddable":true,"href":"https:\/\/litepack.ch\/en\/wp-json\/wp\/v2\/product_brand?post=40542"},{"taxonomy":"product_cat","embeddable":true,"href":"https:\/\/litepack.ch\/en\/wp-json\/wp\/v2\/product_cat?post=40542"},{"taxonomy":"product_tag","embeddable":true,"href":"https:\/\/litepack.ch\/en\/wp-json\/wp\/v2\/product_tag?post=40542"}],"curies":[{"name":"wp","href":"https:\/\/api.w.org\/{rel}","templated":true}]}}