{"id":40490,"date":"2025-11-22T11:54:03","date_gmt":"2025-11-22T10:54:03","guid":{"rendered":"https:\/\/litepack.ch\/?post_type=product&#038;p=40490"},"modified":"2026-02-16T08:14:42","modified_gmt":"2026-02-16T07:14:42","slug":"zpacks-octa-fleece-hoody-jacke-women","status":"publish","type":"product","link":"https:\/\/litepack.ch\/en\/product\/zpacks-octa-fleece-hoody-jacke-women\/","title":{"rendered":"Zpacks Octa Fleece Hoody &#8211; Jacke (Women)"},"content":{"rendered":"<p>Von Gipfelanstiegen bis zu sternklaren Lagerfeuern: Die ultraleichte Women&#8217;s Full Zip <a href=\"https:\/\/litepack.ch\/en\/material-zpacks\/\" data-internallinksmanager029f6b8e52c=\"1\" title=\"Material Zpacks\">Octa<\/a> Fleece Hoody ist f\u00fcr Frauen gemacht, die mit Zielstrebigkeit unterwegs sind. Sie wurde mit einer schmeichelnden, femininen Passform und Farben entworfen, die Selbstvertrauen ausstrahlen. Diese leistungsstarke Schicht h\u00e4lt dich warm, bequem und bereit f\u00fcr jedes Abenteuer, das als N\u00e4chstes kommt.<br \/>\nGefertigt aus fortschrittlichem <a href=\"https:\/\/litepack.ch\/en\/material-zpacks\/\" data-internallinksmanager029f6b8e52c=\"1\" title=\"Material Zpacks\">Octa<\/a>\u00ae Fleece bietet sie eine unschlagbare Balance aus Strapazierf\u00e4higkeit, Atmungsaktivit\u00e4t und W\u00e4rme \u2013 ganz ohne zus\u00e4tzliches Gewicht. Das weiche, luftige Innenmaterial f\u00fchlt sich luxuri\u00f6s auf deiner Haut an, w\u00e4hrend das durchgehende Rei\u00dfverschluss-Design dir sofortige Kontrolle \u00fcber Temperatur und Komfort gibt. Eine eng anliegende Kapuze sorgt f\u00fcr zus\u00e4tzlichen Schutz, wenn das Wetter k\u00fchl wird.<br \/>\nDurchdachte Details wie ger\u00e4umige Handtaschen, die auch unter einem Rucksackgurt zug\u00e4nglich bleiben, stellen sicher, dass du deine H\u00e4nde w\u00e4rmen oder wichtige Dinge m\u00fchelos verstauen kannst. Ob du hoch hinaussteigst oder entspannt am Feuer sitzt \u2013 dieses Fleece bewegt sich mit dir bei jedem Schritt.<br \/>\nAuch in einer etwas leichteren Pullover-Version erh\u00e4ltlich. Entdecke die gesamte <a href=\"https:\/\/litepack.ch\/en\/shop\/?filter_material=octa\">Octa\u00ae Fleece Collection<\/a>.<\/p>\n<ul>\n<li class=\"p1\"><span class=\"s1\">Bleib gem\u00fctlich ohne unn\u00f6tiges Volumen. Unser <a href=\"https:\/\/litepack.ch\/en\/material-zpacks\/\" data-internallinksmanager029f6b8e52c=\"1\" title=\"Material Zpacks\">Octa<\/a>\u00ae mit einem Fl\u00e4chengewicht von 2,35 g\/m\u00b2 liefert beeindruckende W\u00e4rme bei ultraleichtem Gewicht \u2013 perfekt f\u00fcr alles von frischen Morgenstunden bis zu sonnigen Nachmittagen.<\/span><\/li>\n<li class=\"p1\"><span class=\"s1\">F\u00fcr Leistung entwickelt, f\u00fcr Komfort designt. Die einzigartigen, achtarmigen Fasern von <a href=\"https:\/\/litepack.ch\/en\/material-zpacks\/\" data-internallinksmanager029f6b8e52c=\"1\" title=\"Material Zpacks\">Octa<\/a>\u00ae speichern W\u00e4rme und sind dabei 50 % leichter als herk\u00f6mmliches Polyester. In dem Moment, in dem du es anziehst, sp\u00fcrst du den Unterschied: luftig, atmungsaktiv und niemals klamm.<\/span><\/li>\n<li class=\"p1\"><span class=\"s1\">Innen sorgt ein geb\u00fcrstetes Futter f\u00fcr luxuri\u00f6se Weichheit auf deiner Haut. Au\u00dfen widersteht die strapazierf\u00e4hige Mesh-Au\u00dfenh\u00fclle Rucksackgurten und \u00c4sten und sammelt weder Fusseln noch Schmutz.<\/span><\/li>\n<li class=\"p1\"><span class=\"s1\">Trage es unter einer <a href=\"\/en\/hersteller\/zpacks\/\" data-internallinksmanager029f6b8e52c=\"2\" title=\"Zpacks\">Zpacks<\/a> Wind Shell Jacket, um die Brise abzuhalten und warm zu bleiben, wenn die Temperatur sinkt. Es passt au\u00dferdem perfekt zu unseren <a href=\"https:\/\/litepack.ch\/en\/material-zpacks\/\" data-internallinksmanager029f6b8e52c=\"1\" title=\"Material Zpacks\">Octa<\/a> Fleece Pants und der <a href=\"https:\/\/litepack.ch\/en\/material-zpacks\/\" data-internallinksmanager029f6b8e52c=\"1\" title=\"Material Zpacks\">Octa<\/a> Fleece Hat als gem\u00fctliche Schicht f\u00fcrs Camp oder zum Schlafen.<\/span><\/li>\n<li class=\"p1\"><span class=\"s1\">Ein durchgehender Rei\u00dfverschluss erlaubt dir, deine W\u00e4rme im Tagesverlauf fein abzustimmen. Zwei Taschen halten deine H\u00e4nde warm oder bieten Platz f\u00fcr Handschuhe und Snacks, selbst wenn du einen H\u00fcftgurt tr\u00e4gst.<\/span><\/li>\n<li class=\"p1\"><span class=\"s1\">Die eng anliegende Kapuze w\u00e4rmt deine Ohren an frischen Morgenstunden, w\u00e4hrend Daumenl\u00f6cher die \u00c4rmel fixieren, zus\u00e4tzliche W\u00e4rme spenden und vor der Sonne sch\u00fctzen. Durchdachte Details wie elastische \u00c4rmelabschl\u00fcsse und Saum halten die W\u00e4rme im Inneren, und ein leicht verl\u00e4ngerter R\u00fcckensaum bietet zus\u00e4tzlichen Schutz beim Greifen oder Radfahren.<\/span><\/li>\n<li class=\"p1\"><span class=\"s1\">Die Schulter-N\u00e4hte sind so platziert, dass sie nicht unter Rucksackgurten reiben.<\/span><\/li>\n<li class=\"p1\"><span class=\"s1\">Der Stoff mit UPF 40+ sch\u00fctzt dich vor UV-Strahlen, sodass du l\u00e4nger sorgenfrei <a href=\"https:\/\/litepack.ch\/en\/pilgerreisen\/\" data-internallinksmanager029f6b8e52c=\"6\" title=\"Pilgerreisen\">wandern<\/a> kannst.<\/span><\/li>\n<\/ul>","protected":false},"excerpt":{"rendered":"<p>Von Gipfelanstiegen bis zu sternklaren Lagerfeuern: Die ultraleichte Women&#8217;s Full Zip Octa Fleece Hoody ist f\u00fcr Frauen gemacht, die mit<\/p>","protected":false},"featured_media":40529,"comment_status":"open","ping_status":"closed","template":"","meta":[],"product_brand":[220],"product_cat":[190],"product_tag":[],"class_list":{"0":"post-40490","1":"product","2":"type-product","3":"status-publish","4":"has-post-thumbnail","6":"product_brand-zpacks","7":"product_cat-kleidung","8":"pa_hersteller-zpacks","10":"first","11":"instock","12":"taxable","13":"shipping-taxable","14":"purchasable","15":"product-type-variable","16":"has-default-attributes"},"_links":{"self":[{"href":"https:\/\/litepack.ch\/en\/wp-json\/wp\/v2\/product\/40490","targetHints":{"allow":["GET"]}}],"collection":[{"href":"https:\/\/litepack.ch\/en\/wp-json\/wp\/v2\/product"}],"about":[{"href":"https:\/\/litepack.ch\/en\/wp-json\/wp\/v2\/types\/product"}],"replies":[{"embeddable":true,"href":"https:\/\/litepack.ch\/en\/wp-json\/wp\/v2\/comments?post=40490"}],"wp:featuredmedia":[{"embeddable":true,"href":"https:\/\/litepack.ch\/en\/wp-json\/wp\/v2\/media\/40529"}],"wp:attachment":[{"href":"https:\/\/litepack.ch\/en\/wp-json\/wp\/v2\/media?parent=40490"}],"wp:term":[{"taxonomy":"product_brand","embeddable":true,"href":"https:\/\/litepack.ch\/en\/wp-json\/wp\/v2\/product_brand?post=40490"},{"taxonomy":"product_cat","embeddable":true,"href":"https:\/\/litepack.ch\/en\/wp-json\/wp\/v2\/product_cat?post=40490"},{"taxonomy":"product_tag","embeddable":true,"href":"https:\/\/litepack.ch\/en\/wp-json\/wp\/v2\/product_tag?post=40490"}],"curies":[{"name":"wp","href":"https:\/\/api.w.org\/{rel}","templated":true}]}}