{"id":40260,"date":"2025-11-04T14:20:07","date_gmt":"2025-11-04T13:20:07","guid":{"rendered":"https:\/\/litepack.ch\/?post_type=product&#038;p=40260"},"modified":"2026-02-11T09:35:16","modified_gmt":"2026-02-11T08:35:16","slug":"40260","status":"publish","type":"product","link":"https:\/\/litepack.ch\/en\/product\/40260\/","title":{"rendered":"Lightload Towel 3er Pack"},"content":{"rendered":"<p>Lightload Towels sind die leichtesten und vielseitigsten Packt\u00fccher, die es gibt. Sie werden kompakt in einem kleinen Zylinder verpackt und entfalten sich auf etwa 32 x 57 cm.<\/p>\n<p>Sie sind \u00e4usserst saugf\u00e4hig und trocknen sehr schnell. Man kann sie sich wie ein hochwertiges Papiertuch vorstellen \u2013 nur dass sie aus Stoff bestehen, wiederverwendbar, von Hand waschbar und biologisch abbaubar sind.<\/p>\n<p>&nbsp;<\/p>\n<ul>\n<li>Das Gewicht kann leicht variieren \u2013 zwischen 0.5 und 0.6 Unzen (ca. 14 g). Wenn dir ein halbes Unze zu schwer ist \u2013 schneide das Tuch einfach in zwei Teile!<\/li>\n<li>Trockne dich nach dem Schwimmen oder Duschen vollst\u00e4ndig ab. Einfach auswringen und weiter trocknen.<\/li>\n<li>Wische <a href=\"https:\/\/litepack.ch\/en\/kondensation\/\" data-internallinksmanager029f6b8e52c=\"5\" title=\"Kondenswasser in Zelten\">Kondenswasser<\/a> oder Regen von deiner Plane oder deinem Zelt, bevor du es einpackst.<\/li>\n<li>Nimm Feuchtigkeit aus nasser Kleidung auf, um die Trocknungszeit zu verk\u00fcrzen.<\/li>\n<li>Wasche und trockne Geschirr.<\/li>\n<li>Verwende es als Serviette.<\/li>\n<li>Binde einen Stein hinein und wirf es \u00fcber einen Ast, um deine B\u00e4rentasche aufzuh\u00e4ngen.<\/li>\n<li>Trage es als Stirnband.<\/li>\n<li>Schneide es in St\u00fccke und verwende es als Blasenpolster oder Verband.<\/li>\n<li>Nutze es als Topflappen.<\/li>\n<li>Z\u00fcnde damit ein Feuer an, wenn sonst nichts trocken ist.<\/li>\n<li>Verwende es als Taschentuch.<\/li>\n<li>Wir empfehlen Handw\u00e4sche \u2013 Maschinenw\u00e4sche kann Pilling oder Ausfransen verursachen.<\/li>\n<li>Verwende es, bis es nicht mehr geht!<\/li>\n<\/ul>","protected":false},"excerpt":{"rendered":"<p>Lightload Towels sind die leichtesten und vielseitigsten Packt\u00fccher, die es gibt. Sie werden kompakt in einem kleinen Zylinder verpackt und<\/p>","protected":false},"featured_media":40261,"comment_status":"open","ping_status":"closed","template":"","meta":[],"product_brand":[220],"product_cat":[296,191],"product_tag":[],"class_list":{"0":"post-40260","1":"product","2":"type-product","3":"status-publish","4":"has-post-thumbnail","6":"product_brand-zpacks","7":"product_cat-weiteres-zubehoer","8":"product_cat-zubehoer","10":"first","11":"instock","12":"taxable","13":"shipping-taxable","14":"purchasable","15":"product-type-simple"},"_links":{"self":[{"href":"https:\/\/litepack.ch\/en\/wp-json\/wp\/v2\/product\/40260","targetHints":{"allow":["GET"]}}],"collection":[{"href":"https:\/\/litepack.ch\/en\/wp-json\/wp\/v2\/product"}],"about":[{"href":"https:\/\/litepack.ch\/en\/wp-json\/wp\/v2\/types\/product"}],"replies":[{"embeddable":true,"href":"https:\/\/litepack.ch\/en\/wp-json\/wp\/v2\/comments?post=40260"}],"wp:featuredmedia":[{"embeddable":true,"href":"https:\/\/litepack.ch\/en\/wp-json\/wp\/v2\/media\/40261"}],"wp:attachment":[{"href":"https:\/\/litepack.ch\/en\/wp-json\/wp\/v2\/media?parent=40260"}],"wp:term":[{"taxonomy":"product_brand","embeddable":true,"href":"https:\/\/litepack.ch\/en\/wp-json\/wp\/v2\/product_brand?post=40260"},{"taxonomy":"product_cat","embeddable":true,"href":"https:\/\/litepack.ch\/en\/wp-json\/wp\/v2\/product_cat?post=40260"},{"taxonomy":"product_tag","embeddable":true,"href":"https:\/\/litepack.ch\/en\/wp-json\/wp\/v2\/product_tag?post=40260"}],"curies":[{"name":"wp","href":"https:\/\/api.w.org\/{rel}","templated":true}]}}