{"id":40247,"date":"2025-11-03T14:15:12","date_gmt":"2025-11-03T13:15:12","guid":{"rendered":"https:\/\/litepack.ch\/?post_type=product&#038;p=40247"},"modified":"2025-11-26T09:46:59","modified_gmt":"2025-11-26T08:46:59","slug":"zpacks-carbon-stab","status":"publish","type":"product","link":"https:\/\/litepack.ch\/en\/product\/zpacks-carbon-stab\/","title":{"rendered":"Zpacks Carbon Stab"},"content":{"rendered":"<p>Unser Carbon Fiber Staff (Carbonfaser-Stock) erm\u00f6glicht es dir, dich mit beiden H\u00e4nden voll abzust\u00fctzen, wenn das Gel\u00e4nde anspruchsvoll ist \u2013 w\u00e4hrend du auf moderaten Abschnitten eine Hand frei hast. Dieser Stock ist eine ultraleichte und extrem stabile Alternative zu den <a href=\"\/en\/hersteller\/zpacks\/\" data-internallinksmanager029f6b8e52c=\"2\" title=\"Zpacks\">Zpacks<\/a> Trekkingst\u00f6cken. Er l\u00e4sst sich kompakt zusammenfalten oder auf die passende L\u00e4nge einstellen, um jedes unserer Zelte aufzustellen.<\/p>\n<ul>\n<li>Der Stock ist stark genug, um das volle K\u00f6rpergewicht einer erwachsenen Person zu tragen. Er kann beim \u00dcberqueren kleiner B\u00e4che oder Spalten helfen oder beim Auf- und Abstieg zur Entlastung eingesetzt werden.<\/li>\n<li>Im Vergleich zu einem herk\u00f6mmlichen Trekkingstock ist der Carbon Fiber Staff deutlich robuster. Er h\u00e4lt m\u00e4ssigem seitlichem Druck stand \u2013 vermeide aber, dein volles K\u00f6rpergewicht seitlich darauf zu st\u00fctzen.<\/li>\n<li>Nutze beide H\u00e4nde zur Unterst\u00fctzung auf schwierigen Wegabschnitten. Auf flachem oder moderatem Terrain kannst du eine Hand frei halten, um Fotos zu machen, Insekten zu verscheuchen oder unterwegs einen Snack zu essen.<\/li>\n<li>Verst\u00e4rkte Carbonfaser-Verbindungen verleihen dem Stock besonders stabile Gelenke. Die Titanspitze und die Verbindungsteile sind verkleb- und verschraubt, sodass kein Bruchrisiko besteht.<\/li>\n<li>Das gewebte Carbonmuster sorgt von Natur aus f\u00fcr guten Grip. Du kannst deine H\u00e4nde schnell nach oben oder unten verschieben, je nach Gel\u00e4nde.<\/li>\n<li>Die Titanspitze ist besonders leicht, verschleissfest und muss nie ersetzt werden. Sie besteht aus 0.64 cm (\u00bc\u201d) massivem Titan, das Tausende von Kilometern Einsatz aush\u00e4lt.<\/li>\n<li>Mit einer Gesamtl\u00e4nge von 151 cm bietet der Stock optimalen Hebel f\u00fcr den Zwei-Hand-Einsatz, kann aber auch als stabiler Einhand-Stock mit 122 cm (48\u201d) oder 132 cm (52\u201d) verwendet werden \u2013 entweder durch Entfernen eines Segments oder entsprechendes Falten. Zudem l\u00e4sst sich der Stock auf verschiedene L\u00e4ngen zusammenfalten, um ultraleichte Zelte in der passenden H\u00f6he aufzustellen.<\/li>\n<li>Der Stock l\u00e4sst sich in drei gleich lange Segmente \u00e0 54.5 cm falten und passt ideal in die Seitenf\u00e4cher eines Rucksacks.<\/li>\n<li>Im Handgep\u00e4ck kann der gefaltete Stock problemlos durch die Flughafenkontrolle \u2013 im Gegensatz zu normalen Trekkingst\u00f6cken mit scharfer Spitze.<\/li>\n<li>Getestet auf einer 1\u2019900 Meilen langen Te Araroa-Durchwanderung in Neuseeland.<br \/>\n(Das im Video gezeigte Springen \u00fcber weite Abst\u00e4nde dient nur zur Demonstration der Stabilit\u00e4t und wird nicht empfohlen. Verwendung auf eigene Verantwortung.)<\/li>\n<li>Hergestellt in den USA.<\/li>\n<\/ul>\n<p><iframe title=\"ZPacks Carbon Fiber Staff\" width=\"500\" height=\"281\" src=\"https:\/\/www.youtube.com\/embed\/uDhG42nrbe8?feature=oembed\" frameborder=\"0\" allow=\"accelerometer; autoplay; clipboard-write; encrypted-media; gyroscope; picture-in-picture; web-share\" referrerpolicy=\"strict-origin-when-cross-origin\" allowfullscreen><\/iframe><\/p>","protected":false},"excerpt":{"rendered":"<p>Unser Carbon Fiber Staff (Carbonfaser-Stock) erm\u00f6glicht es dir, dich mit beiden H\u00e4nden voll abzust\u00fctzen, wenn das Gel\u00e4nde anspruchsvoll ist \u2013<\/p>","protected":false},"featured_media":40253,"comment_status":"open","ping_status":"closed","template":"","meta":[],"product_brand":[220],"product_cat":[278,191],"product_tag":[],"class_list":{"0":"post-40247","1":"product","2":"type-product","3":"status-publish","4":"has-post-thumbnail","6":"product_brand-zpacks","7":"product_cat-zelt-zubehoer","8":"product_cat-zubehoer","9":"pa_hersteller-zpacks","11":"first","12":"instock","13":"taxable","14":"shipping-taxable","15":"purchasable","16":"product-type-simple"},"_links":{"self":[{"href":"https:\/\/litepack.ch\/en\/wp-json\/wp\/v2\/product\/40247","targetHints":{"allow":["GET"]}}],"collection":[{"href":"https:\/\/litepack.ch\/en\/wp-json\/wp\/v2\/product"}],"about":[{"href":"https:\/\/litepack.ch\/en\/wp-json\/wp\/v2\/types\/product"}],"replies":[{"embeddable":true,"href":"https:\/\/litepack.ch\/en\/wp-json\/wp\/v2\/comments?post=40247"}],"wp:featuredmedia":[{"embeddable":true,"href":"https:\/\/litepack.ch\/en\/wp-json\/wp\/v2\/media\/40253"}],"wp:attachment":[{"href":"https:\/\/litepack.ch\/en\/wp-json\/wp\/v2\/media?parent=40247"}],"wp:term":[{"taxonomy":"product_brand","embeddable":true,"href":"https:\/\/litepack.ch\/en\/wp-json\/wp\/v2\/product_brand?post=40247"},{"taxonomy":"product_cat","embeddable":true,"href":"https:\/\/litepack.ch\/en\/wp-json\/wp\/v2\/product_cat?post=40247"},{"taxonomy":"product_tag","embeddable":true,"href":"https:\/\/litepack.ch\/en\/wp-json\/wp\/v2\/product_tag?post=40247"}],"curies":[{"name":"wp","href":"https:\/\/api.w.org\/{rel}","templated":true}]}}