{"id":40235,"date":"2025-11-03T14:03:40","date_gmt":"2025-11-03T13:03:40","guid":{"rendered":"https:\/\/litepack.ch\/?post_type=product&#038;p=40235"},"modified":"2026-03-06T22:53:56","modified_gmt":"2026-03-06T21:53:56","slug":"14-nylon-tape-strip","status":"publish","type":"product","link":"https:\/\/litepack.ch\/en\/product\/14-nylon-tape-strip\/","title":{"rendered":"14&#8243; Nylon Tape Strip"},"content":{"rendered":"<p>Dieses Klebeband besteht aus dem gleichen <a href=\"https:\/\/litepack.ch\/en\/material-zpacks\/\" data-internallinksmanager029f6b8e52c=\"1\" title=\"Material Zpacks\">Ventum<\/a>-Nylon-Material wie unsere Schlafs\u00e4cke und Windjacken. Es eignet sich perfekt, um passende Reparaturen an deiner Nylonausr\u00fcstung vorzunehmen.<\/p>\n<p>Da Nylon an den R\u00e4ndern ausfranst, solltest du das Band in die gew\u00fcnschte Gr\u00f6sse schneiden und die Kanten vorsichtig mit einem Feuerzeug verschmelzen, bevor du es verwendest. Anschliessend das Tr\u00e4gerpapier abziehen und das Band glatt aufkleben \u2013 so erh\u00e4ltst du eine schnelle, einfache und langlebige Reparatur.<\/p>\n<p>Gr\u00f6sse:<br \/>\n1&#8243; x 14&#8243;\u00a0 (2.5 cm x 35.5 cm)<\/p>\n<p>Gewicht:<br \/>\n2.8 g inklusive Tr\u00e4gerpapier<\/p>","protected":false},"excerpt":{"rendered":"<p>Dieses Klebeband besteht aus dem gleichen Ventum-Nylon-Material wie unsere Schlafs\u00e4cke und Windjacken. Es eignet sich perfekt, um passende Reparaturen an<\/p>","protected":false},"featured_media":40241,"comment_status":"open","ping_status":"closed","template":"","meta":[],"product_brand":[220],"product_cat":[292,191],"product_tag":[],"class_list":{"0":"post-40235","1":"product","2":"type-product","3":"status-publish","4":"has-post-thumbnail","6":"product_brand-zpacks","7":"product_cat-schlaf-zubehoer","8":"product_cat-zubehoer","9":"pa_hersteller-zpacks","11":"first","12":"instock","13":"taxable","14":"shipping-taxable","15":"purchasable","16":"product-type-variable"},"_links":{"self":[{"href":"https:\/\/litepack.ch\/en\/wp-json\/wp\/v2\/product\/40235","targetHints":{"allow":["GET"]}}],"collection":[{"href":"https:\/\/litepack.ch\/en\/wp-json\/wp\/v2\/product"}],"about":[{"href":"https:\/\/litepack.ch\/en\/wp-json\/wp\/v2\/types\/product"}],"replies":[{"embeddable":true,"href":"https:\/\/litepack.ch\/en\/wp-json\/wp\/v2\/comments?post=40235"}],"wp:featuredmedia":[{"embeddable":true,"href":"https:\/\/litepack.ch\/en\/wp-json\/wp\/v2\/media\/40241"}],"wp:attachment":[{"href":"https:\/\/litepack.ch\/en\/wp-json\/wp\/v2\/media?parent=40235"}],"wp:term":[{"taxonomy":"product_brand","embeddable":true,"href":"https:\/\/litepack.ch\/en\/wp-json\/wp\/v2\/product_brand?post=40235"},{"taxonomy":"product_cat","embeddable":true,"href":"https:\/\/litepack.ch\/en\/wp-json\/wp\/v2\/product_cat?post=40235"},{"taxonomy":"product_tag","embeddable":true,"href":"https:\/\/litepack.ch\/en\/wp-json\/wp\/v2\/product_tag?post=40235"}],"curies":[{"name":"wp","href":"https:\/\/api.w.org\/{rel}","templated":true}]}}