{"id":40109,"date":"2025-10-20T09:05:13","date_gmt":"2025-10-20T08:05:13","guid":{"rendered":"https:\/\/litepack.ch\/?post_type=product&#038;p=40109"},"modified":"2025-11-25T09:45:40","modified_gmt":"2025-11-25T08:45:40","slug":"tarptent-dipole-1-dw","status":"publish","type":"product","link":"https:\/\/litepack.ch\/en\/product\/tarptent-dipole-1-dw\/","title":{"rendered":"Tarptent Dipole 1 DW"},"content":{"rendered":"<p><strong>Das Zelt befindet sich in Top zustand!<\/strong><\/p>\n<p><strong>Das Zelt kommt sealed-ready und muss nicht mehr behandelt werden!<\/strong><\/p>\n<p>&nbsp;<\/p>\n<p class=\"p1\">Das <span class=\"s1\"><b>patentierte Tarptent Dipole 1 DW<\/b><\/span> besteht aus silikonbeschichtetem Polyester und bietet ein <span class=\"s1\"><b>unerreichtes nutzbares Innenvolumen<\/b><\/span> \u2013 mit ausreichend Platz zum Sitzen und Liegen, selbst f\u00fcr grosse Personen und die l\u00e4ngsten, breitesten und dicksten Isomatten. Es ist ideal f\u00fcr Trekkingstock-Nutzer, die <span class=\"s1\"><b>maximalen Leichtbau<\/b><\/span> suchen, ohne auf Komfort und Raumgef\u00fchl zu verzichten. Elegant und robust zugleich, passt das Dipole 1 DW problemlos in jeden Rucksack und bietet <span class=\"s1\"><b>Freiheit, Sicherheit und Komfort<\/b><\/span> unter unterschiedlichsten Bedingungen.<\/p>\n<ul>\n<li>\n<p class=\"p1\"><span class=\"s1\">Hergestellt aus <\/span><b>20D Nano Ripstop 100 % silikonbeschichtetem Polyester<\/b><span class=\"s1\"> mit \u00fcber <\/span><b>5.000 mm Wassers\u00e4ule<\/b><span class=\"s1\">, das auch bei N\u00e4sse nicht durchh\u00e4ngt.<\/span><\/p>\n<\/li>\n<li>\n<p class=\"p1\">Der Boden besteht aus robustem 30D Sil-Nylon 66 f\u00fcr zus\u00e4tzliche Haltbarkeit.<\/p>\n<\/li>\n<li>\n<p class=\"p1\"><span class=\"s1\"><b>Hochwertige Materialien und Komponenten:<\/b><\/span> YKK-Reissverschl\u00fcsse, Easton\u00ae faltbare Carbonstreben, DAC-<a href=\"https:\/\/litepack.ch\/en\/shop\/?min_price=0&amp;max_price=40&amp;s=Hering&amp;post_type=product\" data-internallinksmanager029f6b8e52c=\"3\" title=\"Zpacks Heringe\">Stakes<\/a>, UHMWPE-Schn\u00fcre.<\/p>\n<\/li>\n<li>\n<p class=\"p1\"><span class=\"s1\"><b>Einzigartiger Innenraum<\/b><\/span> mit nach hinten verj\u00fcngtem Boden \u2013 bietet zus\u00e4tzlichen Platz an Kopf- und Fussende, ideal f\u00fcr Gep\u00e4ck und seitliches Liegen.<\/p>\n<\/li>\n<li>\n<p class=\"p1\">Passend f\u00fcr Isomatten bis <span class=\"s1\"><b>63,5 \u00d7 213 cm<\/b><\/span> und Benutzer bis <span class=\"s1\"><b>203 cm K\u00f6rpergr\u00f6sse<\/b><\/span>.<\/p>\n<\/li>\n<li>\n<p class=\"p1\">Packmass: <span class=\"s1\"><b>28 cm<\/b><\/span> mit Faltstreben, oder <span class=\"s1\"><b>45,7 cm<\/b><\/span> mit starren Streben (spart 17 g; Streben sind leicht entfernbar).<\/p>\n<\/li>\n<li>\n<p class=\"p1\"><span class=\"s1\"><b>Hervorragende Windstabilit\u00e4t<\/b><\/span>, besonders mit abgespannten T\u00fcren und Apex-Punkten.<\/p>\n<\/li>\n<li>\n<p class=\"p1\"><span class=\"s1\"><b>6 cm hohe Wanne<\/b><\/span> und tiefgezogener Aussenzelt-Saum f\u00fcr optimalen Wetterschutz.<\/p>\n<\/li>\n<li>\n<p class=\"p1\"><span class=\"s1\"><b>Steile W\u00e4nde<\/b><\/span> leiten Schnee ab, kleine Paneele minimieren die Schneelast.<\/p>\n<\/li>\n<li>\n<p class=\"p1\"><span class=\"s1\"><b>Vier integrierte Innentaschen<\/b><\/span> und Apex-Clips zur Organisation.<\/p>\n<\/li>\n<li>\n<p class=\"p1\"><span class=\"s1\"><b>Zwei Eing\u00e4nge mit Apsiden<\/b><\/span> f\u00fcr einfachen Zugang und zus\u00e4tzlichen Stauraum.<\/p>\n<\/li>\n<li>\n<p class=\"p1\">Nutzbar mit Trekkingst\u00f6cken, wahlweise <span class=\"s1\"><b>Griff nach oben oder unten<\/b><\/span>, mit optionalen Adaptern.<\/p>\n<\/li>\n<li>\n<p class=\"p1\"><span class=\"s1\"><b>Doppellagiges Design<\/b><\/span> trennt Innenzelt und Aussenzelt zur Reduktion von <a href=\"https:\/\/litepack.ch\/en\/kondensation\/\" data-internallinksmanager029f6b8e52c=\"5\" title=\"Kondenswasser in Zelten\">Kondensation<\/a>.<\/p>\n<\/li>\n<li>\n<p class=\"p1\"><span class=\"s1\"><b>Innen- und Aussenzelt<\/b><\/span> k\u00f6nnen unabh\u00e4ngig voneinander aufgebaut werden; das Fly kann halb aufgerollt werden f\u00fcr Aussicht und Bel\u00fcftung.<\/p>\n<p class=\"p1\"><i>(F\u00fcr den Aufbau nur des Innenzelts werden ca. 3 m Zusatzschnur ben\u00f6tigt.)<\/i><i><\/i><\/p>\n<\/li>\n<li>\n<p class=\"p1\">Das <span class=\"s1\"><b>Aussenzelt wird zuerst aufgestellt<\/b><\/span>, damit das Innenzelt beim Aufbau im Regen trocken bleibt.<\/p>\n<\/li>\n<li>\n<p class=\"p1\"><span class=\"s1\"><b>Verstellbare Bel\u00fcftung oben und unten<\/b><\/span> reduziert <a href=\"https:\/\/litepack.ch\/en\/kondensation\/\" data-internallinksmanager029f6b8e52c=\"5\" title=\"Kondenswasser in Zelten\">Kondensation<\/a> und sch\u00fctzt bei Sturm.<\/p>\n<\/li>\n<li>\n<p class=\"p1\"><b>Schneller 4-<a href=\"https:\/\/litepack.ch\/en\/shop\/?min_price=0&amp;max_price=40&amp;s=Hering&amp;post_type=product\" data-internallinksmanager029f6b8e52c=\"3\" title=\"Zpacks Heringe\">Hering<\/a>-Aufbau<\/b><span class=\"s1\"> \u2013 in unter <\/span><b>1,5 Minuten<\/b><span class=\"s1\"> m\u00f6glich.<\/span><\/p>\n<\/li>\n<li>\n<p class=\"p1\"><b>Magnetische T\u00fcrhalter<\/b><span class=\"s1\"> am Fly.<\/span><\/p>\n<\/li>\n<li>\n<p class=\"p1\"><span class=\"s1\"><b>Katenarischer Schnitt<\/b><\/span> sorgt f\u00fcr straffe, stabile Spannung.<\/p>\n<\/li>\n<li>\n<p class=\"p1\"><span class=\"s1\"><b>Gesch\u00fctzter Eingangsbereich<\/b><\/span> h\u00e4lt das Innenzelt beim Ein- und Ausstieg trocken.<\/p>\n<\/li>\n<\/ul>\n<p class=\"p1\"><span class=\"s1\"><b>Hinweis:<\/b><\/span> Die Innenzelte (Mesh oder Solid) sind <span class=\"s1\"><b>austauschbar<\/b><\/span> und k\u00f6nnen separat nachbestellt werden. Beide Varianten werden unter das Aussenzelt eingeh\u00e4ngt.<\/p>\n<p class=\"p1\">Das <span class=\"s1\"><b>Solid-Inner<\/b><\/span> (zwei Drittel geschlossene W\u00e4nde, ein Drittel Mesh, mit geschlossener Decke) sch\u00fctzt zus\u00e4tzlich vor Wind, Sand, Schnee und seitlich einfallendem Regen und macht das Zelt bei Windstille <span class=\"s1\"><b>bis zu 4 \u00b0C <\/b><\/span>w\u00e4rmer.<\/p>","protected":false},"excerpt":{"rendered":"<p>Das Zelt befindet sich in Top zustand! Das Zelt kommt sealed-ready und muss nicht mehr behandelt werden! &nbsp; Das patentierte<\/p>","protected":false},"featured_media":40129,"comment_status":"open","ping_status":"closed","template":"","meta":[],"product_brand":[382],"product_cat":[117],"product_tag":[],"class_list":{"0":"post-40109","1":"product","2":"type-product","3":"status-publish","4":"has-post-thumbnail","6":"product_brand-tarptent","7":"product_cat-1p-zelte","8":"pa_hersteller-tarptent","10":"first","11":"instock","12":"sale","13":"sold-individually","14":"taxable","15":"shipping-taxable","16":"purchasable","17":"product-type-simple"},"_links":{"self":[{"href":"https:\/\/litepack.ch\/en\/wp-json\/wp\/v2\/product\/40109","targetHints":{"allow":["GET"]}}],"collection":[{"href":"https:\/\/litepack.ch\/en\/wp-json\/wp\/v2\/product"}],"about":[{"href":"https:\/\/litepack.ch\/en\/wp-json\/wp\/v2\/types\/product"}],"replies":[{"embeddable":true,"href":"https:\/\/litepack.ch\/en\/wp-json\/wp\/v2\/comments?post=40109"}],"wp:featuredmedia":[{"embeddable":true,"href":"https:\/\/litepack.ch\/en\/wp-json\/wp\/v2\/media\/40129"}],"wp:attachment":[{"href":"https:\/\/litepack.ch\/en\/wp-json\/wp\/v2\/media?parent=40109"}],"wp:term":[{"taxonomy":"product_brand","embeddable":true,"href":"https:\/\/litepack.ch\/en\/wp-json\/wp\/v2\/product_brand?post=40109"},{"taxonomy":"product_cat","embeddable":true,"href":"https:\/\/litepack.ch\/en\/wp-json\/wp\/v2\/product_cat?post=40109"},{"taxonomy":"product_tag","embeddable":true,"href":"https:\/\/litepack.ch\/en\/wp-json\/wp\/v2\/product_tag?post=40109"}],"curies":[{"name":"wp","href":"https:\/\/api.w.org\/{rel}","templated":true}]}}