{"id":39973,"date":"2025-10-13T10:09:36","date_gmt":"2025-10-13T09:09:36","guid":{"rendered":"https:\/\/litepack.ch\/?post_type=product&#038;p=39973"},"modified":"2026-02-16T08:14:59","modified_gmt":"2026-02-16T07:14:59","slug":"zpacks-octa-fleece-hoody-jacke-men","status":"publish","type":"product","link":"https:\/\/litepack.ch\/en\/product\/zpacks-octa-fleece-hoody-jacke-men\/","title":{"rendered":"Zpacks Octa Fleece Hoody &#8211; Jacke (Men)"},"content":{"rendered":"<p>Von alpinen Aufstiegen bis hin zur Entspannung auf dem Campingplatz \u2013 der ultraleichte <a href=\"https:\/\/litepack.ch\/en\/material-zpacks\/\" data-internallinksmanager029f6b8e52c=\"1\" title=\"Material Zpacks\">Octa<\/a>\u00ae Fleece Hoody definiert die M\u00f6glichkeiten eines Fleece-Oberteils neu. Er besteht aus fortschrittlichem <a href=\"https:\/\/litepack.ch\/en\/material-zpacks\/\" data-internallinksmanager029f6b8e52c=\"1\" title=\"Material Zpacks\">Octa<\/a>\u00ae-Fleece und bietet au\u00dfergew\u00f6hnliche Strapazierf\u00e4higkeit, Atmungsaktivit\u00e4t und ein un\u00fcbertroffenes W\u00e4rme-Gewichts-Verh\u00e4ltnis.<br \/>\nMit einer weichen, flauschigen Innenseite f\u00fcr unvergleichlichen Komfort, einem durchgehenden Rei\u00dfverschluss f\u00fcr einfaches \u00dcberziehen und pr\u00e4zise Temperaturregulierung sowie einer eng anliegenden Kapuze, die die K\u00e4lte abh\u00e4lt, ist der <a href=\"https:\/\/litepack.ch\/en\/material-zpacks\/\" data-internallinksmanager029f6b8e52c=\"1\" title=\"Material Zpacks\">Octa<\/a>\u00ae Fleece Hoody auf Leistung und Vielseitigkeit ausgelegt.<br \/>\nDie ger\u00e4umigen K\u00e4nguru-Taschen sind perfekt positioniert, um sie mit einem Rucksackgurt zu verwenden, sodass wichtige Utensilien oder Snacks f\u00fcr unterwegs immer griffbereit sind. Auch als <a href=\"https:\/\/litepack.ch\/en\/product\/zpacks-octa-fleece-hoody-pullover\/\">Pullover<\/a> mit halbem Rei\u00dfverschluss erh\u00e4ltlich.<\/p>\n<ul>\n<li>Unser 2,35 oz\/sqyd <a href=\"https:\/\/litepack.ch\/en\/material-zpacks\/\" data-internallinksmanager029f6b8e52c=\"1\" title=\"Material Zpacks\">Octa<\/a>\u00ae-Fleece bietet au\u00dfergew\u00f6hnliche W\u00e4rme bei unglaublich geringem Gewicht und ist damit eine fortschrittliche Alternative zu herk\u00f6mmlichem Fleece. Es eignet sich hervorragend als aktive Isolierung und bietet bei Temperaturen von 0 \u00b0C bis 20 \u00b0C eine gute Leistung bei Bewegung.<\/li>\n<li>Das <a href=\"https:\/\/litepack.ch\/en\/material-zpacks\/\" data-internallinksmanager029f6b8e52c=\"1\" title=\"Material Zpacks\">Octa<\/a>\u00ae-Filament hat einen oktopusartigen Querschnitt mit 8 Vorspr\u00fcngen, die Luftspalten bilden, welche die W\u00e4rmeabschirmung und die Isolationseigenschaften verbessern. Durch diese einzigartige Faserstruktur sind <a href=\"https:\/\/litepack.ch\/en\/material-zpacks\/\" data-internallinksmanager029f6b8e52c=\"1\" title=\"Material Zpacks\">Octa<\/a>\u00ae-Stoffe etwa 50 % leichter als herk\u00f6mmliche Polyesterstoffe \u00e4hnlicher Dicke.<\/li>\n<li>Die Innenseite des <a href=\"https:\/\/litepack.ch\/en\/material-zpacks\/\" data-internallinksmanager029f6b8e52c=\"1\" title=\"Material Zpacks\">Octa<\/a>\u00ae-Stoffes hat eine flauschige, geb\u00fcrstete Oberfl\u00e4che, die Luft einschlie\u00dft und Sie angenehm warm h\u00e4lt.<\/li>\n<li>Kombinieren Sie die Jacke mit einer <a href=\"\/en\/hersteller\/zpacks\/\" data-internallinksmanager029f6b8e52c=\"2\" title=\"Zpacks\">Zpacks<\/a> Wind Shell Jacke, um den Wind abzuhalten und Ihr Schichtsystem f\u00fcr noch k\u00e4ltere Temperaturen zu optimieren.<\/li>\n<li>Passt gut zu unserer <a href=\"https:\/\/litepack.ch\/en\/product\/zpacks-octa-camp-hosen\/\">Octa Fleece Hose<\/a> und unserer <a href=\"https:\/\/litepack.ch\/en\/product\/zpacks-octa-fleece-muetze\/\">Octa Fleece M\u00fctze<\/a> als Schlafbekleidung.<\/li>\n<li>Das Mesh-Au\u00dfenmaterial ist extrem abriebfest und bietet eine bessere Haltbarkeit als andere ultraleichte Fleece-Optionen. Au\u00dferdem sammelt es keinen Schmutz an wie andere Fleece-Stoffe, die au\u00dfen flauschig sind.<\/li>\n<li>Dank des durchgehenden Rei\u00dfverschlusses l\u00e4sst sich die Fleecejacke leicht an- und ausziehen, sodass Sie Ihre K\u00f6rpertemperatur bei wechselnden Wetterbedingungen regulieren k\u00f6nnen.<\/li>\n<li>Die ger\u00e4umigen Seitentaschen halten Ihre H\u00e4nde warm oder bieten Platz f\u00fcr Dinge, die Sie schnell zur Hand haben m\u00f6chten. Die Taschen sind so positioniert, dass Sie auch mit einem Rucksackgurt leicht darauf zugreifen k\u00f6nnen.<\/li>\n<li>Die eng anliegende Kapuze w\u00e4rmt Ihre Ohren an k\u00fchlen Morgenstunden.<\/li>\n<li>Integrierte Daumenl\u00f6cher verhindern, dass die \u00c4rmel hochrutschen, halten Ihre H\u00e4nde etwas w\u00e4rmer und bieten Sonnenschutz f\u00fcr Ihre Handr\u00fccken.<\/li>\n<li>Die \u00c4rmel bieten eine hervorragende Bewegungsfreiheit und verzichten auf eine obere Schulternaht, die an den Rucksacktr\u00e4gern reiben k\u00f6nnte.<\/li>\n<li>Gummiz\u00fcge am Saum und an den \u00c4rmelb\u00fcndchen helfen, die W\u00e4rme zu speichern und verhindern, dass der Hoody hochrutscht.<\/li>\n<li>Eine sanfte Taillierung am hinteren Teil des Hoodies sorgt f\u00fcr zus\u00e4tzlichen Schutz beim Radfahren oder beim Greifen \u00fcber den Kopf.<\/li>\n<li>Die Gr\u00f6\u00dfen entsprechen US-Herrengr\u00f6\u00dfen, jedoch eignen sich die athletische Passform und das dehnbare Material auch gut f\u00fcr Frauen.<\/li>\n<li>Das Material ist dehnbar und passt sich bequem den Bewegungen Ihres K\u00f6rpers an.<\/li>\n<li>UPF 40+<\/li>\n<\/ul>\n<p>&nbsp;<\/p>","protected":false},"excerpt":{"rendered":"<p>Von alpinen Aufstiegen bis hin zur Entspannung auf dem Campingplatz \u2013 der ultraleichte Octa\u00ae Fleece Hoody definiert die M\u00f6glichkeiten eines<\/p>","protected":false},"featured_media":39997,"comment_status":"open","ping_status":"closed","template":"","meta":[],"product_brand":[220],"product_cat":[190],"product_tag":[],"class_list":{"0":"post-39973","1":"product","2":"type-product","3":"status-publish","4":"has-post-thumbnail","6":"product_brand-zpacks","7":"product_cat-kleidung","8":"pa_hersteller-zpacks","10":"first","11":"instock","12":"taxable","13":"shipping-taxable","14":"purchasable","15":"product-type-variable","16":"has-default-attributes"},"_links":{"self":[{"href":"https:\/\/litepack.ch\/en\/wp-json\/wp\/v2\/product\/39973","targetHints":{"allow":["GET"]}}],"collection":[{"href":"https:\/\/litepack.ch\/en\/wp-json\/wp\/v2\/product"}],"about":[{"href":"https:\/\/litepack.ch\/en\/wp-json\/wp\/v2\/types\/product"}],"replies":[{"embeddable":true,"href":"https:\/\/litepack.ch\/en\/wp-json\/wp\/v2\/comments?post=39973"}],"wp:featuredmedia":[{"embeddable":true,"href":"https:\/\/litepack.ch\/en\/wp-json\/wp\/v2\/media\/39997"}],"wp:attachment":[{"href":"https:\/\/litepack.ch\/en\/wp-json\/wp\/v2\/media?parent=39973"}],"wp:term":[{"taxonomy":"product_brand","embeddable":true,"href":"https:\/\/litepack.ch\/en\/wp-json\/wp\/v2\/product_brand?post=39973"},{"taxonomy":"product_cat","embeddable":true,"href":"https:\/\/litepack.ch\/en\/wp-json\/wp\/v2\/product_cat?post=39973"},{"taxonomy":"product_tag","embeddable":true,"href":"https:\/\/litepack.ch\/en\/wp-json\/wp\/v2\/product_tag?post=39973"}],"curies":[{"name":"wp","href":"https:\/\/api.w.org\/{rel}","templated":true}]}}