{"id":39861,"date":"2025-09-24T07:40:54","date_gmt":"2025-09-24T06:40:54","guid":{"rendered":"https:\/\/litepack.ch\/?post_type=product&#038;p=39861"},"modified":"2025-11-28T17:10:52","modified_gmt":"2025-11-28T16:10:52","slug":"zpacks-leitfaehige-possumhandschuhe","status":"publish","type":"product","link":"https:\/\/litepack.ch\/en\/product\/zpacks-leitfaehige-possumhandschuhe\/","title":{"rendered":"Zpacks Leitf\u00e4hige Possum Handschuhe"},"content":{"rendered":"<p>Das Winterwetter kann rau sein, aber wenn die Temperaturen sinken, m\u00fcssen Ihre Finger nicht frieren. Diese Brushtail Possum-Handschuhe bestehen aus einer Kombination aus neuseel\u00e4ndischem Brushtail Possum-Fell und neuseel\u00e4ndischer Merino-Lammwolle und bieten Ihnen viel W\u00e4rme, wenn Sie sie am meisten brauchen.<\/p>\n<p>Dank der leitf\u00e4higen Spitzen an Zeigefinger und Daumen k\u00f6nnen Sie mit diesen Handschuhen Ihr Smartphone und andere Touchscreen-Ger\u00e4te bedienen, ohne sie ausziehen zu m\u00fcssen.<\/p>\n<p>Diese Handschuhe sind eine hervorragende Erg\u00e4nzung zu den <a href=\"https:\/\/litepack.ch\/en\/product\/zpacks-brushtail-possum-socken\/\">Brushtail Possum Socken<\/a> und k\u00f6nnen als Innenfutter unter unseren <a href=\"https:\/\/litepack.ch\/en\/product\/zpacks-vertice-regen-handschuhe\/\">Vertice Rain Mitts<\/a> verwendet werden.<\/p>\n<p>Unsere Brushtail Possum-Handschuhe werden aus einer Kombination aus dem Fell des neuseel\u00e4ndischen Brushtail Possums und neuseel\u00e4ndischer Merino-Lammwolle hergestellt.<\/p>\n<p>Das Fell des Brushtail Possums ist hohl, genau wie das Fell des Eisb\u00e4ren, wodurch es unglaublich warm und wasserabweisend ist. W\u00e4hrend herk\u00f6mmliche Wollhandschuhe zwar auch im nassen Zustand warm bleiben, brauchen sie ewig zum Trocknen. Wenn Sie diese Handschuhe in Wasser tauchen, sch\u00fctteln Sie das Wasser einfach ab und sie trocknen schnell.<\/p>\n<p>Die Possums aus Neuseeland sind nicht mit den Opossums aus den Vereinigten Staaten verwandt. Sie sind zwar sehr niedlich, aber auch eine invasive Art, die die einheimische Pflanzen- und Vogelwelt zerst\u00f6rt.<\/p>\n<p>Hergestellt in Neuseeland<\/p>\n<p><strong><span class=\"s1\">Materialzusammensetzung:<\/span><\/strong><\/p>\n<ul>\n<li>28,43 % B\u00fcrstenschwanz-Possumfaser<\/li>\n<li>52,12 % Merinowolle<\/li>\n<li>15,71 % Nylon<\/li>\n<li>2,12 % Acryl<\/li>\n<li>1,25 % Elastan<\/li>\n<li>0,37 % Stahl<\/li>\n<\/ul>","protected":false},"excerpt":{"rendered":"<p>Das Winterwetter kann rau sein, aber wenn die Temperaturen sinken, m\u00fcssen Ihre Finger nicht frieren. Diese Brushtail Possum-Handschuhe bestehen aus<\/p>","protected":false},"featured_media":39863,"comment_status":"open","ping_status":"closed","template":"","meta":[],"product_brand":[220],"product_cat":[190],"product_tag":[],"class_list":{"0":"post-39861","1":"product","2":"type-product","3":"status-publish","4":"has-post-thumbnail","6":"product_brand-zpacks","7":"product_cat-kleidung","8":"pa_hersteller-zpacks","10":"first","11":"instock","12":"taxable","13":"shipping-taxable","14":"purchasable","15":"product-type-variable"},"_links":{"self":[{"href":"https:\/\/litepack.ch\/en\/wp-json\/wp\/v2\/product\/39861","targetHints":{"allow":["GET"]}}],"collection":[{"href":"https:\/\/litepack.ch\/en\/wp-json\/wp\/v2\/product"}],"about":[{"href":"https:\/\/litepack.ch\/en\/wp-json\/wp\/v2\/types\/product"}],"replies":[{"embeddable":true,"href":"https:\/\/litepack.ch\/en\/wp-json\/wp\/v2\/comments?post=39861"}],"wp:featuredmedia":[{"embeddable":true,"href":"https:\/\/litepack.ch\/en\/wp-json\/wp\/v2\/media\/39863"}],"wp:attachment":[{"href":"https:\/\/litepack.ch\/en\/wp-json\/wp\/v2\/media?parent=39861"}],"wp:term":[{"taxonomy":"product_brand","embeddable":true,"href":"https:\/\/litepack.ch\/en\/wp-json\/wp\/v2\/product_brand?post=39861"},{"taxonomy":"product_cat","embeddable":true,"href":"https:\/\/litepack.ch\/en\/wp-json\/wp\/v2\/product_cat?post=39861"},{"taxonomy":"product_tag","embeddable":true,"href":"https:\/\/litepack.ch\/en\/wp-json\/wp\/v2\/product_tag?post=39861"}],"curies":[{"name":"wp","href":"https:\/\/api.w.org\/{rel}","templated":true}]}}