{"id":39851,"date":"2025-09-24T07:19:31","date_gmt":"2025-09-24T06:19:31","guid":{"rendered":"https:\/\/litepack.ch\/?post_type=product&#038;p=39851"},"modified":"2025-11-23T10:05:55","modified_gmt":"2025-11-23T09:05:55","slug":"zpacks-octa-nackenwaermer","status":"publish","type":"product","link":"https:\/\/litepack.ch\/en\/product\/zpacks-octa-nackenwaermer\/","title":{"rendered":"Zpacks Octa Nackenw\u00e4rmer"},"content":{"rendered":"<p>Wenn die Morgenluft k\u00e4lter ist als Ihr Studentenfutter, sch\u00fctzt Sie der <a href=\"\/en\/hersteller\/zpacks\/\" data-internallinksmanager029f6b8e52c=\"2\" title=\"Zpacks\">Zpacks<\/a> <a href=\"https:\/\/litepack.ch\/en\/material-zpacks\/\" data-internallinksmanager029f6b8e52c=\"1\" title=\"Material Zpacks\">Octa<\/a>\u00ae Neck Gaiter (und Ihren Hals, Ihr Gesicht und gelegentlich auch Ihre Haare). Dieses ultraleichte Wunderwerk ist nicht nur ein Halsw\u00e4rmer, sondern ein formver\u00e4nderbarer Begleiter, der f\u00fcr alle Herausforderungen auf dem Trail ger\u00fcstet ist.<\/p>\n<p>Brauchen Sie W\u00e4rme? Kein Problem. Schutz vor Sonnenbrand? Check. Tarnung f\u00fcr einen schlechten Haartag? Auf jeden Fall. Stellen Sie sich das Teil als Multifunktionswerkzeug f\u00fcr Ihren Kopf vor, nur viel weicher, leichter und weniger wahrscheinlich, dass es Ihnen in die Finger schneidet.<\/p>\n<p>Sehen Sie sich hier den Rest unserer <a href=\"https:\/\/litepack.ch\/en\/material-zpacks\/\" data-internallinksmanager029f6b8e52c=\"1\" title=\"Material Zpacks\">Octa<\/a>\u00ae Fleece-Kollektion an.<\/p>\n<ul>\n<li>Unser 2,35 oz\/sqyd <a href=\"https:\/\/litepack.ch\/en\/material-zpacks\/\" data-internallinksmanager029f6b8e52c=\"1\" title=\"Material Zpacks\">Octa<\/a>\u00ae Fleece bietet au\u00dfergew\u00f6hnliche W\u00e4rme bei unglaublich geringem Gewicht und ist damit eine fortschrittliche Alternative zu herk\u00f6mmlichem Fleece. <a href=\"https:\/\/litepack.ch\/en\/material-zpacks\/\" data-internallinksmanager029f6b8e52c=\"1\" title=\"Material Zpacks\">Octa<\/a>\u00ae-Filamente haben einen oktopusartigen Querschnitt mit 8 Ausl\u00e4ufern, die Luftspalten bilden, welche die W\u00e4rmeabschirmung und Isolierungseigenschaften verbessern. Durch diese einzigartige Faserstruktur sind <a href=\"https:\/\/litepack.ch\/en\/material-zpacks\/\" data-internallinksmanager029f6b8e52c=\"1\" title=\"Material Zpacks\">Octa<\/a>\u00ae-Stoffe etwa 50 % leichter als herk\u00f6mmliche Polyesterstoffe \u00e4hnlicher Dicke.<\/li>\n<li><a href=\"https:\/\/litepack.ch\/en\/material-zpacks\/\" data-internallinksmanager029f6b8e52c=\"1\" title=\"Material Zpacks\">Octa<\/a>-Fleece hat eine ausgezeichnete Luftdurchl\u00e4ssigkeit, sodass Sie durch den Stoff leicht atmen k\u00f6nnen. Ziehen Sie den Halsw\u00e4rmer \u00fcber Ihr Gesicht, um den Windchill bei einem Aufstieg im Schnee zu reduzieren, oder ziehen Sie ihn an k\u00fchlen Morgen- und Abendstunden um Ihren Hals oder \u00fcber Ihre Ohren.<\/li>\n<li>Verwenden Sie ihn als Stirnband, um Ihre Haare aus den Augen zu halten.<\/li>\n<li>Die Innenseite des <a href=\"https:\/\/litepack.ch\/en\/material-zpacks\/\" data-internallinksmanager029f6b8e52c=\"1\" title=\"Material Zpacks\">Octa<\/a>\u00ae verf\u00fcgt \u00fcber eine flauschige, hautnahe, geb\u00fcrstete Oberfl\u00e4che, die Luft einschlie\u00dft, um Sie bequem und warm zu halten.<\/li>\n<li>Die Mesh-Au\u00dfenseite ist abriebfest und bietet eine bessere Haltbarkeit als andere ultraleichte Fleece-Optionen. Au\u00dferdem sammelt sich kein Schmutz an wie bei anderen Fleece-Stoffen, die au\u00dfen flauschig sind.<\/li>\n<li>Elastische B\u00fcndchen an den S\u00e4umen helfen, die W\u00e4rme zu speichern und die Sturmhaube an Ort und Stelle zu halten.<\/li>\n<li>Diese dehnbaren Sturmhauben passen f\u00fcr die meisten Kopfgr\u00f6\u00dfen.<\/li>\n<li>Passt gut zu unserer <a href=\"https:\/\/litepack.ch\/en\/material-zpacks\/\" data-internallinksmanager029f6b8e52c=\"1\" title=\"Material Zpacks\">Octa<\/a> Fleece-M\u00fctze, dem <a href=\"https:\/\/litepack.ch\/en\/material-zpacks\/\" data-internallinksmanager029f6b8e52c=\"1\" title=\"Material Zpacks\">Octa<\/a> Fleece-Hoody und der <a href=\"https:\/\/litepack.ch\/en\/material-zpacks\/\" data-internallinksmanager029f6b8e52c=\"1\" title=\"Material Zpacks\">Octa<\/a> Fleece-Hose als Schlafbekleidung.<\/li>\n<\/ul>","protected":false},"excerpt":{"rendered":"<p>Wenn die Morgenluft k\u00e4lter ist als Ihr Studentenfutter, sch\u00fctzt Sie der Zpacks Octa\u00ae Neck Gaiter (und Ihren Hals, Ihr Gesicht<\/p>","protected":false},"featured_media":39858,"comment_status":"open","ping_status":"closed","template":"","meta":[],"product_brand":[220],"product_cat":[190],"product_tag":[],"class_list":{"0":"post-39851","1":"product","2":"type-product","3":"status-publish","4":"has-post-thumbnail","6":"product_brand-zpacks","7":"product_cat-kleidung","8":"pa_hersteller-zpacks","10":"first","11":"instock","12":"taxable","13":"shipping-taxable","14":"purchasable","15":"product-type-simple"},"_links":{"self":[{"href":"https:\/\/litepack.ch\/en\/wp-json\/wp\/v2\/product\/39851","targetHints":{"allow":["GET"]}}],"collection":[{"href":"https:\/\/litepack.ch\/en\/wp-json\/wp\/v2\/product"}],"about":[{"href":"https:\/\/litepack.ch\/en\/wp-json\/wp\/v2\/types\/product"}],"replies":[{"embeddable":true,"href":"https:\/\/litepack.ch\/en\/wp-json\/wp\/v2\/comments?post=39851"}],"wp:featuredmedia":[{"embeddable":true,"href":"https:\/\/litepack.ch\/en\/wp-json\/wp\/v2\/media\/39858"}],"wp:attachment":[{"href":"https:\/\/litepack.ch\/en\/wp-json\/wp\/v2\/media?parent=39851"}],"wp:term":[{"taxonomy":"product_brand","embeddable":true,"href":"https:\/\/litepack.ch\/en\/wp-json\/wp\/v2\/product_brand?post=39851"},{"taxonomy":"product_cat","embeddable":true,"href":"https:\/\/litepack.ch\/en\/wp-json\/wp\/v2\/product_cat?post=39851"},{"taxonomy":"product_tag","embeddable":true,"href":"https:\/\/litepack.ch\/en\/wp-json\/wp\/v2\/product_tag?post=39851"}],"curies":[{"name":"wp","href":"https:\/\/api.w.org\/{rel}","templated":true}]}}