{"id":39807,"date":"2025-09-22T07:26:55","date_gmt":"2025-09-22T06:26:55","guid":{"rendered":"https:\/\/litepack.ch\/?post_type=product&#038;p=39807"},"modified":"2026-02-11T10:07:07","modified_gmt":"2026-02-11T09:07:07","slug":"zpacks-octa-fleece-muetze","status":"publish","type":"product","link":"https:\/\/litepack.ch\/en\/product\/zpacks-octa-fleece-muetze\/","title":{"rendered":"Zpacks Octa Fleece M\u00fctze"},"content":{"rendered":"<p>Die <a href=\"\/en\/hersteller\/zpacks\/\" data-internallinksmanager029f6b8e52c=\"2\" title=\"Zpacks\">Zpacks<\/a> <a href=\"https:\/\/litepack.ch\/en\/material-zpacks\/\" data-internallinksmanager029f6b8e52c=\"1\" title=\"Material Zpacks\">Octa<\/a>\u00ae Fleece-M\u00fctze bietet beeindruckende W\u00e4rme ohne aufzutragen und sorgt daf\u00fcr, dass Sie sich wohlf\u00fchlen, egal ob Sie einen windigen Wanderweg bew\u00e4ltigen oder morgens zur Arbeit pendeln.<\/p>\n<p>Diese M\u00fctze ist ultraleicht und verf\u00fcgt \u00fcber eine doppelte Fleece-Schicht um die Ohren, sodass sie die W\u00e4rme dort speichert, wo es am wichtigsten ist, und gleichzeitig atmungsaktiv und leicht zu verstauen ist. W\u00e4rme ohne Kompromisse \u2013 egal, wohin der Tag Sie f\u00fchrt.<\/p>\n<p>Wenn Sie eine schwerere Option f\u00fcr alle vier Jahreszeiten suchen, sehen Sie sich unsere Brushtail Possum Beanie an.<\/p>\n<ul>\n<li>Unser 2,35 oz\/sqyd <a href=\"https:\/\/litepack.ch\/en\/material-zpacks\/\" data-internallinksmanager029f6b8e52c=\"1\" title=\"Material Zpacks\">Octa<\/a>\u00ae-Fleece bietet au\u00dfergew\u00f6hnliche W\u00e4rme bei unglaublich geringem Gewicht und ist damit eine fortschrittliche Alternative zu herk\u00f6mmlichem Fleece. Es eignet sich hervorragend als aktive Isolierung und bietet bei Temperaturen von 0 \u00b0C bis 20 \u00b0C eine gute Leistung, wenn Sie in Bewegung sind.<\/li>\n<li>Das <a href=\"https:\/\/litepack.ch\/en\/material-zpacks\/\" data-internallinksmanager029f6b8e52c=\"1\" title=\"Material Zpacks\">Octa<\/a>\u00ae-Filament hat einen oktopusartigen Querschnitt mit 8 Vorspr\u00fcngen, die Luftspalten bilden, welche die W\u00e4rmeabschirmung und die Isolationseigenschaften verbessern. Durch diese einzigartige Faserstruktur sind <a href=\"https:\/\/litepack.ch\/en\/material-zpacks\/\" data-internallinksmanager029f6b8e52c=\"1\" title=\"Material Zpacks\">Octa<\/a>\u00ae-Stoffe etwa 50 % leichter als herk\u00f6mmliche Polyesterstoffe \u00e4hnlicher Dicke.<\/li>\n<li>Die Innenseite des <a href=\"https:\/\/litepack.ch\/en\/material-zpacks\/\" data-internallinksmanager029f6b8e52c=\"1\" title=\"Material Zpacks\">Octa<\/a>\u00ae-Stoffes hat eine flauschige, hautnahe, geb\u00fcrstete Oberfl\u00e4che, die Luft einschlie\u00dft und Sie angenehm warm h\u00e4lt.<\/li>\n<li>Die Mesh-Au\u00dfenseite ist abriebfest und bietet eine bessere Haltbarkeit als andere ultraleichte Fleece-Optionen. Au\u00dferdem sammelt sich im Gegensatz zu anderen Fleece-Stoffen, die au\u00dfen flauschig sind, kein Schmutz an.<\/li>\n<li>Das angepasste Design bietet maximale Abdeckung f\u00fcr die Ohren.<\/li>\n<li>Doppellagiger unterer Bereich f\u00fcr maximale W\u00e4rme um die Ohren.<\/li>\n<li>Diese dehnbaren M\u00fctzen passen f\u00fcr die meisten Kopfgr\u00f6\u00dfen.<\/li>\n<li>Passt gut zu unserem <a href=\"https:\/\/litepack.ch\/en\/product\/zpacks-octa-fleece-hoody-pullover\/\">Octa Fleece Hoody<\/a> und der <a href=\"https:\/\/litepack.ch\/en\/product\/zpacks-octa-camp-hosen\/\">Octa Fleece Hose<\/a> als Schlafbekleidung.<\/li>\n<\/ul>","protected":false},"excerpt":{"rendered":"<p>Die Zpacks Octa\u00ae Fleece-M\u00fctze bietet beeindruckende W\u00e4rme ohne aufzutragen und sorgt daf\u00fcr, dass Sie sich wohlf\u00fchlen, egal ob Sie einen<\/p>","protected":false},"featured_media":39839,"comment_status":"open","ping_status":"closed","template":"","meta":[],"product_brand":[220],"product_cat":[190],"product_tag":[],"class_list":{"0":"post-39807","1":"product","2":"type-product","3":"status-publish","4":"has-post-thumbnail","6":"product_brand-zpacks","7":"product_cat-kleidung","8":"pa_hersteller-zpacks","10":"first","11":"instock","12":"taxable","13":"shipping-taxable","14":"purchasable","15":"product-type-variable","16":"has-default-attributes"},"_links":{"self":[{"href":"https:\/\/litepack.ch\/en\/wp-json\/wp\/v2\/product\/39807","targetHints":{"allow":["GET"]}}],"collection":[{"href":"https:\/\/litepack.ch\/en\/wp-json\/wp\/v2\/product"}],"about":[{"href":"https:\/\/litepack.ch\/en\/wp-json\/wp\/v2\/types\/product"}],"replies":[{"embeddable":true,"href":"https:\/\/litepack.ch\/en\/wp-json\/wp\/v2\/comments?post=39807"}],"wp:featuredmedia":[{"embeddable":true,"href":"https:\/\/litepack.ch\/en\/wp-json\/wp\/v2\/media\/39839"}],"wp:attachment":[{"href":"https:\/\/litepack.ch\/en\/wp-json\/wp\/v2\/media?parent=39807"}],"wp:term":[{"taxonomy":"product_brand","embeddable":true,"href":"https:\/\/litepack.ch\/en\/wp-json\/wp\/v2\/product_brand?post=39807"},{"taxonomy":"product_cat","embeddable":true,"href":"https:\/\/litepack.ch\/en\/wp-json\/wp\/v2\/product_cat?post=39807"},{"taxonomy":"product_tag","embeddable":true,"href":"https:\/\/litepack.ch\/en\/wp-json\/wp\/v2\/product_tag?post=39807"}],"curies":[{"name":"wp","href":"https:\/\/api.w.org\/{rel}","templated":true}]}}