{"id":39679,"date":"2025-08-30T09:24:35","date_gmt":"2025-08-30T08:24:35","guid":{"rendered":"https:\/\/litepack.ch\/?post_type=product&#038;p=39679"},"modified":"2026-02-16T08:15:39","modified_gmt":"2026-02-16T07:15:39","slug":"zpacks-octa-fleece-hoody-pullover-men","status":"publish","type":"product","link":"https:\/\/litepack.ch\/en\/product\/zpacks-octa-fleece-hoody-pullover-men\/","title":{"rendered":"Zpacks Octa Fleece Hoody &#8211; Pullover (Men)"},"content":{"rendered":"<p>Von alpinen Aufstiegen bis hin zur Entspannung auf dem Campingplatz \u2013 der ultraleichte <a href=\"https:\/\/litepack.ch\/en\/material-zpacks\/\" data-internallinksmanager029f6b8e52c=\"1\" title=\"Material Zpacks\">Octa<\/a>\u00ae Fleece Hoody definiert neu, was ein Fleece leisten kann. Er besteht aus fortschrittlichem <a href=\"https:\/\/litepack.ch\/en\/material-zpacks\/\" data-internallinksmanager029f6b8e52c=\"1\" title=\"Material Zpacks\">Octa<\/a>\u00ae-Fleece und bietet au\u00dfergew\u00f6hnliche Strapazierf\u00e4higkeit, Atmungsaktivit\u00e4t und ein un\u00fcbertroffenes W\u00e4rme-Gewichts-Verh\u00e4ltnis.<br \/>\nMit einer weichen, flauschigen Innenseite f\u00fcr unvergleichlichen Komfort, einem halben Rei\u00dfverschluss f\u00fcr schnelle Temperaturregulierung und einer eng anliegenden Kapuze, die die K\u00e4lte abh\u00e4lt, ist der <a href=\"https:\/\/litepack.ch\/en\/material-zpacks\/\" data-internallinksmanager029f6b8e52c=\"1\" title=\"Material Zpacks\">Octa<\/a>\u00ae Fleece Hoody auf Leistung und Vielseitigkeit ausgelegt.<br \/>\nDie ger\u00e4umige K\u00e4ngurutasche ist perfekt f\u00fcr die Verwendung mit einem Rucksackgurt positioniert, sodass wichtige Utensilien oder Snacks f\u00fcr unterwegs immer griffbereit sind.<\/p>\n<ul>\n<li>Unser 2,35 oz\/sqyd <a href=\"https:\/\/litepack.ch\/en\/material-zpacks\/\" data-internallinksmanager029f6b8e52c=\"1\" title=\"Material Zpacks\">Octa<\/a>\u00ae-Fleece bietet au\u00dfergew\u00f6hnliche W\u00e4rme bei unglaublich geringem Gewicht und ist damit eine fortschrittliche Alternative zu herk\u00f6mmlichem Fleece. Es eignet sich hervorragend als aktive Isolierung und bietet eine gute Leistung in einem Temperaturbereich von 0 \u00b0C bis 20 \u00b0C bei Bewegung.<\/li>\n<li>Die Innenseite des <a href=\"https:\/\/litepack.ch\/en\/material-zpacks\/\" data-internallinksmanager029f6b8e52c=\"1\" title=\"Material Zpacks\">Octa<\/a>\u00ae verf\u00fcgt \u00fcber eine flauschige, geb\u00fcrstete Oberfl\u00e4che, die Luft einschlie\u00dft und Sie bequem und warm h\u00e4lt.<\/li>\n<li>Kombinieren Sie die Jacke mit einer <a href=\"\/en\/hersteller\/zpacks\/\" data-internallinksmanager029f6b8e52c=\"2\" title=\"Zpacks\">Zpacks<\/a> Wind Shell Jacke, um Wind abzuhalten und Ihr Schichtsystem f\u00fcr noch k\u00e4ltere Temperaturen zu optimieren.<\/li>\n<li>Passt gut zu unserer <a href=\"https:\/\/litepack.ch\/en\/product\/zpacks-octa-camp-hosen\/\">Octa Fleece Hose<\/a> und <a href=\"https:\/\/litepack.ch\/en\/product\/zpacks-octa-fleece-muetze\/\">Octa Fleece M\u00fctze<\/a> als Schlafbekleidung.<br \/>\nDas Mesh-Au\u00dfenmaterial ist extrem abriebfest und bietet eine bessere Haltbarkeit als andere ultraleichte Fleece-Optionen.<\/li>\n<li>Au\u00dferdem sammelt es keinen Schmutz an wie andere Fleece-Stoffe, die au\u00dfen flauschig sind.<\/li>\n<li>Der halblange Rei\u00dfverschluss erm\u00f6glicht es Ihnen, Ihre K\u00f6rpertemperatur zu regulieren und die Kapuze je nach Wetterlage an- und auszuziehen.<\/li>\n<li>Die ger\u00e4umige K\u00e4ngurutasche h\u00e4lt Ihre H\u00e4nde warm oder bietet Platz f\u00fcr Dinge, die Sie schnell zur Hand haben m\u00f6chten, wie z. B. Handschuhe. Die Tasche ist hoch genug, um auch mit einem Rucksackgurt leicht zug\u00e4nglich zu sein.<\/li>\n<li>Die eng anliegende Kapuze w\u00e4rmt Ihre Ohren an k\u00fchlen Morgenstunden.<\/li>\n<li>Integrierte Daumenl\u00f6cher verhindern, dass die \u00c4rmel hochrutschen, halten Ihre H\u00e4nde etwas w\u00e4rmer und sch\u00fctzen Ihre Handr\u00fccken vor der Sonne.<\/li>\n<li>Die \u00c4rmel bieten eine hervorragende Bewegungsfreiheit und verzichten auf eine obere Schulternaht, die an den Rucksacktr\u00e4gern reiben k\u00f6nnte.<\/li>\n<li>Gummiz\u00fcge am Saum und an den Handgelenken helfen, die W\u00e4rme zu speichern und verhindern, dass der Hoody hochrutscht.<\/li>\n<li>Eine sanfte Taillierung am R\u00fccken des Hoodys sorgt f\u00fcr zus\u00e4tzlichen Schutz beim Radfahren oder beim Greifen \u00fcber den Kopf.<\/li>\n<li>Die Gr\u00f6\u00dfen entsprechen US-Herrengr\u00f6\u00dfen, aber die athletische Passform und das dehnbare Material eignen sich auch gut f\u00fcr Frauen.<\/li>\n<li>Das Material ist dehnbar und passt sich bequem den Bewegungen Ihres K\u00f6rpers an.<\/li>\n<li>UPF 40+<\/li>\n<\/ul>\n<p>&nbsp;<\/p>\n<p><iframe title=\"Zpacks Octa Fleece\" width=\"500\" height=\"281\" src=\"https:\/\/www.youtube.com\/embed\/xXaTzJNTd8w?feature=oembed\" frameborder=\"0\" allow=\"accelerometer; autoplay; clipboard-write; encrypted-media; gyroscope; picture-in-picture; web-share\" referrerpolicy=\"strict-origin-when-cross-origin\" allowfullscreen><\/iframe><\/p>","protected":false},"excerpt":{"rendered":"<p>Von alpinen Aufstiegen bis hin zur Entspannung auf dem Campingplatz \u2013 der ultraleichte Octa\u00ae Fleece Hoody definiert neu, was ein<\/p>","protected":false},"featured_media":40028,"comment_status":"open","ping_status":"closed","template":"","meta":[],"product_brand":[220],"product_cat":[190],"product_tag":[],"class_list":{"0":"post-39679","1":"product","2":"type-product","3":"status-publish","4":"has-post-thumbnail","6":"product_brand-zpacks","7":"product_cat-kleidung","8":"pa_hersteller-zpacks","10":"first","11":"instock","12":"taxable","13":"shipping-taxable","14":"purchasable","15":"product-type-variable","16":"has-default-attributes"},"_links":{"self":[{"href":"https:\/\/litepack.ch\/en\/wp-json\/wp\/v2\/product\/39679","targetHints":{"allow":["GET"]}}],"collection":[{"href":"https:\/\/litepack.ch\/en\/wp-json\/wp\/v2\/product"}],"about":[{"href":"https:\/\/litepack.ch\/en\/wp-json\/wp\/v2\/types\/product"}],"replies":[{"embeddable":true,"href":"https:\/\/litepack.ch\/en\/wp-json\/wp\/v2\/comments?post=39679"}],"wp:featuredmedia":[{"embeddable":true,"href":"https:\/\/litepack.ch\/en\/wp-json\/wp\/v2\/media\/40028"}],"wp:attachment":[{"href":"https:\/\/litepack.ch\/en\/wp-json\/wp\/v2\/media?parent=39679"}],"wp:term":[{"taxonomy":"product_brand","embeddable":true,"href":"https:\/\/litepack.ch\/en\/wp-json\/wp\/v2\/product_brand?post=39679"},{"taxonomy":"product_cat","embeddable":true,"href":"https:\/\/litepack.ch\/en\/wp-json\/wp\/v2\/product_cat?post=39679"},{"taxonomy":"product_tag","embeddable":true,"href":"https:\/\/litepack.ch\/en\/wp-json\/wp\/v2\/product_tag?post=39679"}],"curies":[{"name":"wp","href":"https:\/\/api.w.org\/{rel}","templated":true}]}}