{"id":39666,"date":"2025-08-30T08:56:27","date_gmt":"2025-08-30T07:56:27","guid":{"rendered":"https:\/\/litepack.ch\/?post_type=product&#038;p=39666"},"modified":"2025-09-26T11:04:09","modified_gmt":"2025-09-26T10:04:09","slug":"zpacks-1-x-54-ultra-tape-strip","status":"publish","type":"product","link":"https:\/\/litepack.ch\/en\/product\/zpacks-1-x-54-ultra-tape-strip\/","title":{"rendered":"Zpacks 1&#8243; x 54&#8243; Ultra Tape Strip"},"content":{"rendered":"<p>Dieses Nahtband besteht aus einem d\u00fcnnen Ultra-TNT-Material als Tr\u00e4germaterial, auf das Klebstoff aufgebracht ist. Es verf\u00fcgt \u00fcber eine wei\u00dfe Papierschicht, die sich abziehen l\u00e4sst, sodass der transparente Klebstoff auf dem Ultra-TNT-Streifen zur\u00fcckbleibt. Einfach das Papier abziehen und glatt andr\u00fccken. Keine Erw\u00e4rmung erforderlich.<\/p>\n<p>Der Klebstoff haftet hervorragend auf der Innenseite aller unserer Ultra-Rucks\u00e4cke. Es ist die beste Methode, um Undichtigkeiten oder Probleme mit dem Klebeband auf der Innenseite des Rucksacks zu beheben.<\/p>\n<p>Das Band ist eine gute Erg\u00e4nzung f\u00fcr Ihr Reparaturset, um Kratzer, L\u00f6cher oder N\u00e4hte im Inneren Ihres Ultra-Stoffrucksacks zu versiegeln.<\/p>\n<p>Es wird in Abschnitten von 54 Zoll L\u00e4nge verkauft. \u00dcberlappen Sie die Enden der Abschnitte f\u00fcr l\u00e4ngere N\u00e4hte.<\/p>\n<p>&nbsp;<\/p>","protected":false},"excerpt":{"rendered":"<p>Dieses Nahtband besteht aus einem d\u00fcnnen Ultra-TNT-Material als Tr\u00e4germaterial, auf das Klebstoff aufgebracht ist. Es verf\u00fcgt \u00fcber eine wei\u00dfe Papierschicht,<\/p>","protected":false},"featured_media":39667,"comment_status":"open","ping_status":"closed","template":"","meta":[],"product_brand":[220],"product_cat":[277,191],"product_tag":[],"class_list":{"0":"post-39666","1":"product","2":"type-product","3":"status-publish","4":"has-post-thumbnail","6":"product_brand-zpacks","7":"product_cat-rucksack-zubehoer","8":"product_cat-zubehoer","9":"pa_hersteller-zpacks","11":"first","12":"instock","13":"taxable","14":"shipping-taxable","15":"purchasable","16":"product-type-simple"},"_links":{"self":[{"href":"https:\/\/litepack.ch\/en\/wp-json\/wp\/v2\/product\/39666","targetHints":{"allow":["GET"]}}],"collection":[{"href":"https:\/\/litepack.ch\/en\/wp-json\/wp\/v2\/product"}],"about":[{"href":"https:\/\/litepack.ch\/en\/wp-json\/wp\/v2\/types\/product"}],"replies":[{"embeddable":true,"href":"https:\/\/litepack.ch\/en\/wp-json\/wp\/v2\/comments?post=39666"}],"wp:featuredmedia":[{"embeddable":true,"href":"https:\/\/litepack.ch\/en\/wp-json\/wp\/v2\/media\/39667"}],"wp:attachment":[{"href":"https:\/\/litepack.ch\/en\/wp-json\/wp\/v2\/media?parent=39666"}],"wp:term":[{"taxonomy":"product_brand","embeddable":true,"href":"https:\/\/litepack.ch\/en\/wp-json\/wp\/v2\/product_brand?post=39666"},{"taxonomy":"product_cat","embeddable":true,"href":"https:\/\/litepack.ch\/en\/wp-json\/wp\/v2\/product_cat?post=39666"},{"taxonomy":"product_tag","embeddable":true,"href":"https:\/\/litepack.ch\/en\/wp-json\/wp\/v2\/product_tag?post=39666"}],"curies":[{"name":"wp","href":"https:\/\/api.w.org\/{rel}","templated":true}]}}