{"id":39659,"date":"2025-08-30T08:50:22","date_gmt":"2025-08-30T07:50:22","guid":{"rendered":"https:\/\/litepack.ch\/?post_type=product&#038;p=39659"},"modified":"2025-10-02T09:37:10","modified_gmt":"2025-10-02T08:37:10","slug":"zpacks-54-dcf-tape-strip","status":"publish","type":"product","link":"https:\/\/litepack.ch\/en\/product\/zpacks-54-dcf-tape-strip\/","title":{"rendered":"Zpacks 54&#8243; DCF Tape Strip"},"content":{"rendered":"<p>Dieses Nahtband besteht aus einem d\u00fcnnen <a href=\"https:\/\/litepack.ch\/en\/material-zpacks\/\" data-internallinksmanager029f6b8e52c=\"1\" title=\"Material Zpacks\">Dyneema<\/a>\u00ae-Verbundstoff als Tr\u00e4germaterial, auf das Klebstoff aufgebracht ist. Es hat eine braune Papierschicht, die sich abziehen l\u00e4sst, sodass der transparente Klebstoff auf dem <a href=\"https:\/\/litepack.ch\/en\/material-zpacks\/\" data-internallinksmanager029f6b8e52c=\"1\" title=\"Material Zpacks\">Dyneema<\/a>\u00ae-Verbundstoffstreifen zur\u00fcckbleibt. Einfach das Papier abziehen und glatt andr\u00fccken. Keine Erw\u00e4rmung erforderlich.<\/p>\n<p>Der Klebstoff haftet hervorragend auf allen unseren <a href=\"https:\/\/litepack.ch\/en\/material-zpacks\/\" data-internallinksmanager029f6b8e52c=\"1\" title=\"Material Zpacks\">Dyneema<\/a>\u00ae-Verbundstoffprodukten wie Unterst\u00e4nden, Packs\u00e4cken oder Trockentaschen. Er haftet auch auf der Innenseite von Ultra-Gewebe und anderen glatten Laminatmaterialien. Er haftet nicht auf silikonbeschichteten Geweben und eignet sich nicht f\u00fcr raue Oberfl\u00e4chen wie die Au\u00dfenseite von Rucks\u00e4cken.<\/p>\n<p>Das Klebeband eignet sich hervorragend zum Verst\u00e4rken, Abdichten oder Reparieren von N\u00e4hten an Packs\u00e4cken, Rucks\u00e4cken und Planen. Es kann auch in kleinere Flicken geschnitten werden, um L\u00f6cher oder Risse zu flicken.<\/p>\n<p>Der Klebstoff haftet auf vielen Materialien und ist ein gutes Allzweck-Reparaturband f\u00fcr die meisten Ihrer Ausr\u00fcstungsgegenst\u00e4nde. Es haftet nicht auf Silikongeweben oder rauen Textilien wie der Au\u00dfenseite der meisten Rucks\u00e4cke. Bringen Sie es auf der glatten Innenseite von Rucks\u00e4cken, Regenbekleidung usw. an.<\/p>\n<p>Es wird in Abschnitten von 54&#8243; L\u00e4nge verkauft. \u00dcberlappen Sie die Enden der Abschnitte f\u00fcr l\u00e4ngere N\u00e4hte.<\/p>\n<p>&nbsp;<\/p>","protected":false},"excerpt":{"rendered":"<p>Dieses Nahtband besteht aus einem d\u00fcnnen Dyneema\u00ae-Verbundstoff als Tr\u00e4germaterial, auf das Klebstoff aufgebracht ist. Es hat eine braune Papierschicht, die<\/p>","protected":false},"featured_media":39660,"comment_status":"open","ping_status":"closed","template":"","meta":[],"product_brand":[220],"product_cat":[278,191],"product_tag":[],"class_list":{"0":"post-39659","1":"product","2":"type-product","3":"status-publish","4":"has-post-thumbnail","6":"product_brand-zpacks","7":"product_cat-zelt-zubehoer","8":"product_cat-zubehoer","9":"pa_hersteller-zpacks","11":"first","12":"instock","13":"taxable","14":"shipping-taxable","15":"purchasable","16":"product-type-variable"},"_links":{"self":[{"href":"https:\/\/litepack.ch\/en\/wp-json\/wp\/v2\/product\/39659","targetHints":{"allow":["GET"]}}],"collection":[{"href":"https:\/\/litepack.ch\/en\/wp-json\/wp\/v2\/product"}],"about":[{"href":"https:\/\/litepack.ch\/en\/wp-json\/wp\/v2\/types\/product"}],"replies":[{"embeddable":true,"href":"https:\/\/litepack.ch\/en\/wp-json\/wp\/v2\/comments?post=39659"}],"wp:featuredmedia":[{"embeddable":true,"href":"https:\/\/litepack.ch\/en\/wp-json\/wp\/v2\/media\/39660"}],"wp:attachment":[{"href":"https:\/\/litepack.ch\/en\/wp-json\/wp\/v2\/media?parent=39659"}],"wp:term":[{"taxonomy":"product_brand","embeddable":true,"href":"https:\/\/litepack.ch\/en\/wp-json\/wp\/v2\/product_brand?post=39659"},{"taxonomy":"product_cat","embeddable":true,"href":"https:\/\/litepack.ch\/en\/wp-json\/wp\/v2\/product_cat?post=39659"},{"taxonomy":"product_tag","embeddable":true,"href":"https:\/\/litepack.ch\/en\/wp-json\/wp\/v2\/product_tag?post=39659"}],"curies":[{"name":"wp","href":"https:\/\/api.w.org\/{rel}","templated":true}]}}