{"id":39586,"date":"2025-08-23T08:46:51","date_gmt":"2025-08-23T07:46:51","guid":{"rendered":"https:\/\/litepack.ch\/?post_type=product&#038;p=39586"},"modified":"2026-03-21T22:17:28","modified_gmt":"2026-03-21T21:17:28","slug":"zpacks-pivot-trio-zelt","status":"publish","type":"product","link":"https:\/\/litepack.ch\/en\/product\/zpacks-pivot-trio-zelt\/","title":{"rendered":"Zpacks Pivot Trio Zelt"},"content":{"rendered":"<p class=\"p1\">Egal, ob Du mit Deinem Kind, Deinem Hund oder Deinen Freunden unterwegs bist, das Pivot Trio wurde entwickelt, um gemeinsame Momente in der Wildnis so komfortabel wie nie zuvor zu gestalten. Es ist das leichteste und ger\u00e4umigste 3-Personen-Zelt seiner Klasse \u2013 speziell f\u00fcr Wanderer entwickelt, die Platz f\u00fcr ihre Ausr\u00fcstung und ihre Kleinen, ob Mensch oder Hund, ben\u00f6tigen.<\/p>\n<p class=\"p1\">Dieser voll ausgestattete Zeltraum bietet bequem Platz f\u00fcr drei durchschnittlich grosse Erwachsene oder ein Paar mit zus\u00e4tzlichem Platz f\u00fcr ein Kind oder einen Hund sowie f\u00fcr Dein Gep\u00e4ck und andere wichtige Dinge. Der symmetrische Grundriss und die zwei breiten T\u00fcren erm\u00f6glichen eine flexible Schlafausrichtung unabh\u00e4ngig von Wind und Hanglage, und der Aufbau geht mit nur zwei 132-cm-Trekkingst\u00f6cken und dem mitgelieferten 81-cm-Endstock schnell von der Hand.<\/p>\n<p class=\"p1\">Mit grossz\u00fcgiger Kopffreiheit, die es Dir erm\u00f6glicht, Dich aufzusetzen, ohne die Decke zu ber\u00fchren, und einem durchdachten Boden, der Platz f\u00fcr verschiedene Isomatten bietet, ist das Pivot Trio ideal f\u00fcr Familien, die keine Kompromisse in Bezug auf Platz, Komfort oder Gewicht eingehen m\u00f6chten.<\/p>\n<p class=\"p1\">Wenn Du Deine Abenteuer mit jemandem teilst, der kleiner \u2013 oder pelziger \u2013 ist, bietet Dir das Pivot Trio den n\u00f6tigen Platz, um dies richtig zu tun.<\/p>\n<p class=\"p1\">Erh\u00e4ltlich in zwei <a href=\"https:\/\/litepack.ch\/en\/material-zpacks\/\" data-internallinksmanager029f6b8e52c=\"1\" title=\"Material Zpacks\">Dyneema<\/a>\u00ae Composite Fabric-Optionen, passend zu Deinen Anforderungen an Haltbarkeit und Gewicht.<\/p>\n<ul>\n<li class=\"p1\">Hergestellt aus wasserdichtem, strapazierf\u00e4higem, <a href=\"https:\/\/litepack.ch\/en\/pfas-chemikalien\/\" data-internallinksmanager029f6b8e52c=\"4\" title=\"PFAS Free\">PFAS<\/a>-freiem <a href=\"https:\/\/litepack.ch\/en\/material-zpacks\/\" data-internallinksmanager029f6b8e52c=\"1\" title=\"Material Zpacks\">Dyneema<\/a>\u00ae Composite Fabric:\n<ul>\n<li>\n<p class=\"p1\">W\u00e4hle \u201eBlau\u201c oder &#8222;Olive&#8220;, um mit unserem bew\u00e4hrten 0,55 oz\/sqyd (ca. <span class=\"s1\"><b>18,7 g\/m\u00b2<\/b><\/span>) DCF-Dach, 0,75 oz\/sqyd (ca. <span class=\"s1\"><b>25,4 g\/m\u00b2<\/b><\/span>) DCF-Boden und 1,3 mm Abspannleinen neue Grenzen zu setzen.<\/p>\n<\/li>\n<li>\n<p class=\"p1\">W\u00e4hle \u201eGr\u00fcn\u201c, um mit einem 0,75 oz\/sqyd (ca. <span class=\"s1\"><b>25,4 g\/m\u00b2<\/b><\/span>) DCF-Dach, einem 1,0 oz\/sqyd (ca. <span class=\"s1\"><b>33,9 g\/m\u00b2<\/b><\/span>) DCF-Boden und 2 mm Abspannleinen f\u00fcr mehr Opazit\u00e4t und zus\u00e4tzliche Haltbarkeit zu sorgen.<\/p>\n<\/li>\n<\/ul>\n<\/li>\n<li class=\"p1\">Der Aufbau erfolgt mit zwei 132-cm-Trekkingst\u00f6cken (separat erh\u00e4ltlich), einer mitgelieferten 81-cm-Zeltstange und nur 8 <a href=\"https:\/\/litepack.ch\/en\/shop\/?min_price=0&amp;max_price=40&amp;s=Hering&amp;post_type=product\" data-internallinksmanager029f6b8e52c=\"3\" title=\"Zpacks Heringe\">Heringen<\/a> (separat erh\u00e4ltlich). Alternativ kannst Du einen dritten Trekkingstock verwenden, um Gewicht zu sparen.<\/li>\n<li class=\"p1\">Die Sturmt\u00fcren auf jeder Seite des Zeltes verf\u00fcgen \u00fcber einen praktischen Reissverschluss, Magnetverschl\u00fcsse und Bel\u00fcftungs\u00f6ffnungen f\u00fcr einen guten Luftstrom.<\/li>\n<li class=\"p1\">Verstaue Deine Schuhe und Deinen Rucksack entweder im Vorraum oder stelle Deinen Rucksack aufrecht in den ger\u00e4umigen Innenraum.<\/li>\n<li class=\"p1\">Das vollst\u00e4ndig geschlossene, ultraleichte Insektennetz mit einer St\u00e4rke von 0,67 oz\/sqyd (ca. <span class=\"s1\"><b>22,7 g\/m\u00b2<\/b><\/span>) h\u00e4lt selbst die kleinsten Insekten fern und sorgt f\u00fcr zus\u00e4tzliche Bel\u00fcftung rund um das Zelt.<\/li>\n<li class=\"p1\">Breite L-f\u00f6rmige Eing\u00e4nge auf beiden Seiten des Zeltes bilden drapierte Fliegengittert\u00fcren, die helfen, M\u00fccken fernzuhalten. Der Boden wird durch die Stangen festgesteckt, sodass der Reissverschluss leicht mit einer Hand bedient werden kann.<\/li>\n<li class=\"p1\">Der Wannenboden hat hohe W\u00e4nde und ist vom Rand zur\u00fcckgesetzt, um Dich vor Spritzwasser und <a href=\"https:\/\/litepack.ch\/en\/kondensation\/\" data-internallinksmanager029f6b8e52c=\"5\" title=\"Kondenswasser in Zelten\">Kondenswasser<\/a> zu sch\u00fctzen. Bei leichtem Regen oder unter nassen B\u00e4umen k\u00f6nnen die T\u00fcren f\u00fcr die Bel\u00fcftung offen gelassen werden, ohne dass Wasser in Deinen Wohnbereich tropft oder f\u00e4llt.<\/li>\n<li class=\"p1\">Die versetzten 132-cm-Stangen in Kombination mit einer 81-cm-Stange am Ende des Zeltes schaffen steile W\u00e4nde f\u00fcr viel Kopf- und Fussfreiheit. Drei durchschnittlich grosse Wanderer k\u00f6nnen je nach Neigung des Bodens oder Windrichtung mit dem Kopf und den F\u00fcssen an beiden Enden schlafen. Dein Kopf oder Deine F\u00fcsse k\u00f6nnen direkt an der inneren Netzwand liegen, ohne dass Du mit <a href=\"https:\/\/litepack.ch\/en\/kondensation\/\" data-internallinksmanager029f6b8e52c=\"5\" title=\"Kondenswasser in Zelten\">Kondenswasser<\/a> in Ber\u00fchrung kommst.<\/li>\n<li class=\"p1\">Der breite 165-cm-Boden bietet bequem Platz f\u00fcr drei Wanderer mit einer K\u00f6rpergr\u00f6sse von bis zu 1,95 Metern. Er eignet sich auch hervorragend f\u00fcr zwei Wanderer, ihre Ausr\u00fcstung und einen Hund oder ein Kind. F\u00fcr zus\u00e4tzliche Kopffreiheit kannst Du einen Trekkingstockhalter und eine zus\u00e4tzliche 81-cm-Stange am anderen Ende des Zeltes anbringen, um den Raum weiter zu vergr\u00f6ssern.<\/li>\n<li class=\"p1\">Dank seiner kompakten Grundfl\u00e4che f\u00fcr ein Dreipersonenzelt passt das Pivot Trio auch auf schwer zu findende ebene Stellen im Hinterland.<\/li>\n<li class=\"p1\">Mit den LineLoc V-Verstellern kannst Du die perfekte Spannung einstellen. Die leuchtend gelben Z-Line-Abspannleinen sind Tag und Nacht gut sichtbar, um Stolperfallen zu vermeiden.<\/li>\n<li class=\"p1\">Das strapazierf\u00e4hige Bodenmaterial erfordert keine separate Bodenplane. Flache Bodenplanen sind eine optionale Vorsichtsmassnahme.<\/li>\n<li class=\"p1\">In integrierten Netztaschen kannst Du kleine Gegenst\u00e4nde wie Deine Stirnlampe, Brille, Dein Telefon oder den Zelt-Packsack verstauen.<\/li>\n<li class=\"p1\">Alle Reissverschlussschieber sind vor Ort austauschbar. Reparaturband und Ersatzschieber sind im Lieferumfang enthalten. Waschanleitung.<\/li>\n<li class=\"p1\">Hergestellt in den USA.<\/li>\n<\/ul>\n<p><iframe title=\"Zpacks Pivot Trio | Overview\" width=\"500\" height=\"281\" src=\"https:\/\/www.youtube.com\/embed\/9h-ZbUhpwME?feature=oembed\" frameborder=\"0\" allow=\"accelerometer; autoplay; clipboard-write; encrypted-media; gyroscope; picture-in-picture; web-share\" referrerpolicy=\"strict-origin-when-cross-origin\" allowfullscreen><\/iframe><\/p>\n<p><iframe title=\"Zpacks Pivot Trio | Setup &amp; Breakdown\" width=\"500\" height=\"281\" src=\"https:\/\/www.youtube.com\/embed\/tCbeic8GDks?feature=oembed\" frameborder=\"0\" allow=\"accelerometer; autoplay; clipboard-write; encrypted-media; gyroscope; picture-in-picture; web-share\" referrerpolicy=\"strict-origin-when-cross-origin\" allowfullscreen><\/iframe><\/p>","protected":false},"excerpt":{"rendered":"<p>Egal, ob Du mit Deinem Kind, Deinem Hund oder Deinen Freunden unterwegs bist, das Pivot Trio wurde entwickelt, um gemeinsame<\/p>","protected":false},"featured_media":39597,"comment_status":"open","ping_status":"closed","template":"","meta":[],"product_brand":[220],"product_cat":[202,18],"product_tag":[],"class_list":{"0":"post-39586","1":"product","2":"type-product","3":"status-publish","4":"has-post-thumbnail","6":"product_brand-zpacks","7":"product_cat-3p-zelte","8":"product_cat-zelte","9":"pa_hersteller-zpacks","11":"first","12":"instock","13":"taxable","14":"shipping-taxable","15":"purchasable","16":"product-type-variable","17":"has-default-attributes"},"_links":{"self":[{"href":"https:\/\/litepack.ch\/en\/wp-json\/wp\/v2\/product\/39586","targetHints":{"allow":["GET"]}}],"collection":[{"href":"https:\/\/litepack.ch\/en\/wp-json\/wp\/v2\/product"}],"about":[{"href":"https:\/\/litepack.ch\/en\/wp-json\/wp\/v2\/types\/product"}],"replies":[{"embeddable":true,"href":"https:\/\/litepack.ch\/en\/wp-json\/wp\/v2\/comments?post=39586"}],"wp:featuredmedia":[{"embeddable":true,"href":"https:\/\/litepack.ch\/en\/wp-json\/wp\/v2\/media\/39597"}],"wp:attachment":[{"href":"https:\/\/litepack.ch\/en\/wp-json\/wp\/v2\/media?parent=39586"}],"wp:term":[{"taxonomy":"product_brand","embeddable":true,"href":"https:\/\/litepack.ch\/en\/wp-json\/wp\/v2\/product_brand?post=39586"},{"taxonomy":"product_cat","embeddable":true,"href":"https:\/\/litepack.ch\/en\/wp-json\/wp\/v2\/product_cat?post=39586"},{"taxonomy":"product_tag","embeddable":true,"href":"https:\/\/litepack.ch\/en\/wp-json\/wp\/v2\/product_tag?post=39586"}],"curies":[{"name":"wp","href":"https:\/\/api.w.org\/{rel}","templated":true}]}}