{"id":39544,"date":"2025-08-17T20:26:24","date_gmt":"2025-08-17T19:26:24","guid":{"rendered":"https:\/\/litepack.ch\/?post_type=product&#038;p=39544"},"modified":"2025-09-25T08:21:49","modified_gmt":"2025-09-25T07:21:49","slug":"3f-ul-shell-2","status":"publish","type":"product","link":"https:\/\/litepack.ch\/en\/product\/3f-ul-shell-2\/","title":{"rendered":"3F UL Shell 2"},"content":{"rendered":"<p>Das 3F UL Shell2 bietet eine optimale L\u00f6sung in Bezug auf Platz und Gewicht. Wenn du viel Wert auf Platz legst, ist dieses Zelt genau das Richtige f\u00fcr dich. Es verf\u00fcgt \u00fcber eine gew\u00f6lbte Zeltstange, die viel Bewegungsfreiheit bietet, und um das Gewicht unter Kontrolle zu halten, haben wir den Kopf- und Fu\u00dfbereich so gestaltet, dass er von Trekkingst\u00f6cken gest\u00fctzt wird. Es ist bis zu 5 Quadratmeter gro\u00df, wiegt aber nur rund 1,5 Kg.<\/p>\n<p><strong>EIGENSCHAFTEN<\/strong><\/p>\n<ul>\n<li>Das Shell2 ist ein Hybridzelt, das sowohl die Eigenschaften eines Trekkingstockzeltes als auch eines Tunnelzeltes vereint.<\/li>\n<li>Es verf\u00fcgt \u00fcber zwei T\u00fcren, zwei Vorr\u00e4ume mit Sturmklappen an allen Vorraumreissverschl\u00fcssen.<\/li>\n<li>Gr\u00f6\u00dfer und leichter als normale Zelte, da es nur eine gebogene Mittelstange hat.<\/li>\n<li>Die Bodenplane ist im Zeltpaket enthalten und muss nicht separat gekauft werden.<\/li>\n<li>Das Innenzelt (3 Season) kann durch ein Ganzjahres-Innenzelt ersetzt werden (4 Season).<\/li>\n<li>Ben\u00f6tigt Wanderst\u00f6cke oder Carbonstangen zum Aufbau.<\/li>\n<li>Das Zelt kann mit zwei Stangen verwendet werden, um die Windbest\u00e4ndigkeit des Zeltes zu erh\u00f6hen. (Ben\u00f6tigt Zus\u00e4tzlicher Satz Zeltstangen und doppelte Stangenclips -&gt; Addon).<\/li>\n<li>Wasserdichtigkeit: 5000 mm<\/li>\n<li>Struktur: 2-lagige Wand<\/li>\n<li>N\u00e4hte: Alle N\u00e4hte sind geklebt<\/li>\n<li>Befestigungspunkte: 10 <a href=\"https:\/\/litepack.ch\/en\/shop\/?min_price=0&amp;max_price=40&amp;s=Hering&amp;post_type=product\" data-internallinksmanager029f6b8e52c=\"3\" title=\"Zpacks Heringe\">Heringe<\/a>, 4 Abspannleinen (enthalten)<\/li>\n<li>Gewicht des Gewebes: 40 g\/m\u00b2<\/li>\n<li>Rei\u00dfverschluss &amp; Schnalle: YKK, Duraflex<\/li>\n<li>Rei\u00dffestigkeit des Gewebes: 12-15 N<\/li>\n<li>Beschichtung: Au\u00dfen Silikon \/ Innen PU<\/li>\n<\/ul>\n<p><iframe title=\"INTERESTING  Tent Design BUT is it any good?   - The 3FULGEAR Shell 2\" width=\"500\" height=\"281\" src=\"https:\/\/www.youtube.com\/embed\/YaBBcdherME?feature=oembed\" frameborder=\"0\" allow=\"accelerometer; autoplay; clipboard-write; encrypted-media; gyroscope; picture-in-picture; web-share\" referrerpolicy=\"strict-origin-when-cross-origin\" allowfullscreen><\/iframe><\/p>","protected":false},"excerpt":{"rendered":"<p>Das 3F UL Shell2 bietet eine optimale L\u00f6sung in Bezug auf Platz und Gewicht. Wenn du viel Wert auf Platz<\/p>","protected":false},"featured_media":39557,"comment_status":"open","ping_status":"closed","template":"","meta":[],"product_brand":[293],"product_cat":[118],"product_tag":[],"class_list":{"0":"post-39544","1":"product","2":"type-product","3":"status-publish","4":"has-post-thumbnail","6":"product_brand-3f-ul-gear","7":"product_cat-2p-zelte","8":"pa_hersteller-3f-ul","10":"first","11":"instock","12":"taxable","13":"shipping-taxable","14":"purchasable","15":"product-type-variable","16":"has-default-attributes"},"_links":{"self":[{"href":"https:\/\/litepack.ch\/en\/wp-json\/wp\/v2\/product\/39544","targetHints":{"allow":["GET"]}}],"collection":[{"href":"https:\/\/litepack.ch\/en\/wp-json\/wp\/v2\/product"}],"about":[{"href":"https:\/\/litepack.ch\/en\/wp-json\/wp\/v2\/types\/product"}],"replies":[{"embeddable":true,"href":"https:\/\/litepack.ch\/en\/wp-json\/wp\/v2\/comments?post=39544"}],"wp:featuredmedia":[{"embeddable":true,"href":"https:\/\/litepack.ch\/en\/wp-json\/wp\/v2\/media\/39557"}],"wp:attachment":[{"href":"https:\/\/litepack.ch\/en\/wp-json\/wp\/v2\/media?parent=39544"}],"wp:term":[{"taxonomy":"product_brand","embeddable":true,"href":"https:\/\/litepack.ch\/en\/wp-json\/wp\/v2\/product_brand?post=39544"},{"taxonomy":"product_cat","embeddable":true,"href":"https:\/\/litepack.ch\/en\/wp-json\/wp\/v2\/product_cat?post=39544"},{"taxonomy":"product_tag","embeddable":true,"href":"https:\/\/litepack.ch\/en\/wp-json\/wp\/v2\/product_tag?post=39544"}],"curies":[{"name":"wp","href":"https:\/\/api.w.org\/{rel}","templated":true}]}}