{"id":39539,"date":"2025-08-17T20:00:33","date_gmt":"2025-08-17T19:00:33","guid":{"rendered":"https:\/\/litepack.ch\/?post_type=product&#038;p=39539"},"modified":"2025-08-17T20:05:37","modified_gmt":"2025-08-17T19:05:37","slug":"3f-ul-zeltstangen-reparaturhuelse","status":"publish","type":"product","link":"https:\/\/litepack.ch\/en\/product\/3f-ul-zeltstangen-reparaturhuelse\/","title":{"rendered":"3F UL Zeltstangen-Reparaturh\u00fclse"},"content":{"rendered":"<p>Zeltstangenbr\u00fcche kommen h\u00e4ufig vor, aber mit einer Reparaturmanschette k\u00f6nnen besch\u00e4digte Stangen weiterhin verwendet werden und dienen als Notl\u00f6sung auf l\u00e4ngeren Reisen.<\/p>\n<p>Diese ultraleichte 10-Gramm-H\u00fclse ist ein unverzichtbarer Begleiter f\u00fcr lange Expeditionen und eignet sich f\u00fcr Stangen mit einem Durchmesser von bis zu 10 mm \u2013 als Backup f\u00fcr fast jedes Zelt.<\/p>\n<p>&nbsp;<\/p>","protected":false},"excerpt":{"rendered":"<p>Zeltstangenbr\u00fcche kommen h\u00e4ufig vor, aber mit einer Reparaturmanschette k\u00f6nnen besch\u00e4digte Stangen weiterhin verwendet werden und dienen als Notl\u00f6sung auf l\u00e4ngeren<\/p>","protected":false},"featured_media":39540,"comment_status":"open","ping_status":"closed","template":"","meta":[],"product_brand":[293],"product_cat":[278,191],"product_tag":[],"class_list":{"0":"post-39539","1":"product","2":"type-product","3":"status-publish","4":"has-post-thumbnail","6":"product_brand-3f-ul-gear","7":"product_cat-zelt-zubehoer","8":"product_cat-zubehoer","9":"pa_hersteller-3f-ul","11":"first","12":"instock","13":"taxable","14":"shipping-taxable","15":"purchasable","16":"product-type-simple"},"_links":{"self":[{"href":"https:\/\/litepack.ch\/en\/wp-json\/wp\/v2\/product\/39539","targetHints":{"allow":["GET"]}}],"collection":[{"href":"https:\/\/litepack.ch\/en\/wp-json\/wp\/v2\/product"}],"about":[{"href":"https:\/\/litepack.ch\/en\/wp-json\/wp\/v2\/types\/product"}],"replies":[{"embeddable":true,"href":"https:\/\/litepack.ch\/en\/wp-json\/wp\/v2\/comments?post=39539"}],"wp:featuredmedia":[{"embeddable":true,"href":"https:\/\/litepack.ch\/en\/wp-json\/wp\/v2\/media\/39540"}],"wp:attachment":[{"href":"https:\/\/litepack.ch\/en\/wp-json\/wp\/v2\/media?parent=39539"}],"wp:term":[{"taxonomy":"product_brand","embeddable":true,"href":"https:\/\/litepack.ch\/en\/wp-json\/wp\/v2\/product_brand?post=39539"},{"taxonomy":"product_cat","embeddable":true,"href":"https:\/\/litepack.ch\/en\/wp-json\/wp\/v2\/product_cat?post=39539"},{"taxonomy":"product_tag","embeddable":true,"href":"https:\/\/litepack.ch\/en\/wp-json\/wp\/v2\/product_tag?post=39539"}],"curies":[{"name":"wp","href":"https:\/\/api.w.org\/{rel}","templated":true}]}}