{"id":39091,"date":"2025-08-07T19:05:45","date_gmt":"2025-08-07T18:05:45","guid":{"rendered":"https:\/\/litepack.ch\/?post_type=product&#038;p=39091"},"modified":"2025-11-20T12:59:05","modified_gmt":"2025-11-20T11:59:05","slug":"zpacks-nylo-pro-groundsheet-zeltunterlage","status":"publish","type":"product","link":"https:\/\/litepack.ch\/en\/product\/zpacks-nylo-pro-groundsheet-zeltunterlage\/","title":{"rendered":"Zpacks NyloPro Groundsheet Zeltunterlage"},"content":{"rendered":"<p>Die <a href=\"\/en\/hersteller\/zpacks\/\" data-internallinksmanager029f6b8e52c=\"2\" title=\"Zpacks\">Zpacks<\/a> Nylo Pro Bodenplane besteht aus dem gleichen strapazierf\u00e4higen 1 mm starken, transparenten Nylonkunststoff wie unsere beliebten wasserdichten Nylo Pro-Taschen.<\/p>\n<p>Nylo Pro-Kunststofffolie weist eine h\u00f6here Durchstoss- und Reissfestigkeit auf als Bodenplanen aus \u201evernetztem Polyolefin\u201c (Polycro\/Polycryo) gleicher St\u00e4rke, die du m\u00f6glicherweise anderswo findest.<\/p>\n<p>Es h\u00e4lt zwar nicht ewig, ist aber eine ultraleichte M\u00f6glichkeit, den Boden Ihres Zeltes zu sch\u00fctzen, ohne Ihr Budget zu sprengen. Schneide die <strong>152 cm x 240 cm<\/strong> gro\u00dfe Zeltunterlage mit einer normalen Schere auf die gew\u00fcnschte Gr\u00f6\u00dfe zu. Bringe bei Bedarf an den Ecken Klebe\u00f6sen f\u00fcr <a href=\"https:\/\/litepack.ch\/en\/shop\/?min_price=0&amp;max_price=40&amp;s=Hering&amp;post_type=product\" data-internallinksmanager029f6b8e52c=\"3\" title=\"Zpacks Heringe\">Heringe<\/a> an.<\/p>\n<p>&nbsp;<\/p>","protected":false},"excerpt":{"rendered":"<p>Die Zpacks Nylo Pro Bodenplane besteht aus dem gleichen strapazierf\u00e4higen 1 mm starken, transparenten Nylonkunststoff wie unsere beliebten wasserdichten Nylo<\/p>","protected":false},"featured_media":39094,"comment_status":"open","ping_status":"closed","template":"","meta":[],"product_brand":[220],"product_cat":[278,191],"product_tag":[],"class_list":{"0":"post-39091","1":"product","2":"type-product","3":"status-publish","4":"has-post-thumbnail","6":"product_brand-zpacks","7":"product_cat-zelt-zubehoer","8":"product_cat-zubehoer","9":"pa_hersteller-zpacks","11":"first","12":"instock","13":"taxable","14":"shipping-taxable","15":"purchasable","16":"product-type-simple"},"_links":{"self":[{"href":"https:\/\/litepack.ch\/en\/wp-json\/wp\/v2\/product\/39091","targetHints":{"allow":["GET"]}}],"collection":[{"href":"https:\/\/litepack.ch\/en\/wp-json\/wp\/v2\/product"}],"about":[{"href":"https:\/\/litepack.ch\/en\/wp-json\/wp\/v2\/types\/product"}],"replies":[{"embeddable":true,"href":"https:\/\/litepack.ch\/en\/wp-json\/wp\/v2\/comments?post=39091"}],"wp:featuredmedia":[{"embeddable":true,"href":"https:\/\/litepack.ch\/en\/wp-json\/wp\/v2\/media\/39094"}],"wp:attachment":[{"href":"https:\/\/litepack.ch\/en\/wp-json\/wp\/v2\/media?parent=39091"}],"wp:term":[{"taxonomy":"product_brand","embeddable":true,"href":"https:\/\/litepack.ch\/en\/wp-json\/wp\/v2\/product_brand?post=39091"},{"taxonomy":"product_cat","embeddable":true,"href":"https:\/\/litepack.ch\/en\/wp-json\/wp\/v2\/product_cat?post=39091"},{"taxonomy":"product_tag","embeddable":true,"href":"https:\/\/litepack.ch\/en\/wp-json\/wp\/v2\/product_tag?post=39091"}],"curies":[{"name":"wp","href":"https:\/\/api.w.org\/{rel}","templated":true}]}}