{"id":39016,"date":"2025-08-05T15:03:47","date_gmt":"2025-08-05T14:03:47","guid":{"rendered":"https:\/\/litepack.ch\/?post_type=product&#038;p=39016"},"modified":"2026-03-03T10:01:46","modified_gmt":"2026-03-03T09:01:46","slug":"zpacks-triplex-pro-zelt","status":"publish","type":"product","link":"https:\/\/litepack.ch\/en\/product\/zpacks-triplex-pro-zelt\/","title":{"rendered":"Zpacks Triplex Pro Zelt"},"content":{"rendered":"<p>Das ultraleichte Dreipersonenzelt Triplex Pro bietet raffinierte Verbesserungen, die es f\u00fcr abenteuerlustige Paare und kleine Familien noch zuverl\u00e4ssiger machen. Das Pro-Modell verf\u00fcgt \u00fcber wasserdichtes, strapazierf\u00e4higes <a href=\"https:\/\/litepack.ch\/en\/material-zpacks\/\" data-internallinksmanager029f6b8e52c=\"1\" title=\"Material Zpacks\">Dyneema<\/a>\u00ae-Verbundgewebe, Sturmt\u00fcren mit Rei\u00dfverschluss und Magnetverschl\u00fcsse, die auf <a href=\"https:\/\/litepack.ch\/en\/pilgerreisen\/\" data-internallinksmanager029f6b8e52c=\"6\" title=\"Pilgerreisen\">Wanderungen<\/a> getestet wurden und sich auch auf langen Strecken bew\u00e4hren.<\/p>\n<p>Das symmetrische Layout gibt Ihnen die Freiheit, das Zelt in jede Richtung aufzubauen, um eine bessere Aussicht, eine verbesserte Luftzirkulation oder Windschutz zu erhalten. Doppelte L-f\u00f6rmige Rei\u00dfverschl\u00fcsse an den T\u00fcren erm\u00f6glichen einen einfachen Zugang auf beiden Seiten des Trekkingstocks, und die T\u00fcren fallen herunter, um zu verhindern, dass M\u00fccken Sie ins Zelt verfolgen.<\/p>\n<p>Der gro\u00dfe Boden bietet Platz f\u00fcr zwei gro\u00dfe Isomatten und noch genug Platz f\u00fcr Ausr\u00fcstung oder ein Kind oder einen Hund.<\/p>\n<p>Wenn Sie einen ultraleichten Unterschlupf suchen, der sich nicht beengt anf\u00fchlt und genauso bereit f\u00fcr gro\u00dfe Reisen ist wie Sie, dann gibt es keine bessere Wahl als das Triplex Pro.<\/p>\n<ul>\n<li>Hergestellt aus wasserdichtem, strapazierf\u00e4higem, <a href=\"https:\/\/litepack.ch\/en\/pfas-chemikalien\/\" data-internallinksmanager029f6b8e52c=\"4\" title=\"PFAS Free\">PFAS<\/a>-freiem <a href=\"https:\/\/litepack.ch\/en\/material-zpacks\/\" data-internallinksmanager029f6b8e52c=\"1\" title=\"Material Zpacks\">Dyneema<\/a>\u00ae Composite Fabric:<\/li>\n<li>W\u00e4hle \u201eOlive oder Blau\u201c, um mit unserem bew\u00e4hrten 0,55 oz\/sqyd DCF-Dach, 0,75 oz\/sqyd DCF-Boden und 1,3 mm Abspannleinen neue Grenzen zu setzen.<\/li>\n<li>W\u00e4hle \u201eGr\u00fcn\u201c, um mit einem 0,75 oz\/sqyd DCF-Dach, einem 1 oz\/sqyd DCF-Boden und 2 mm Abspannleinen f\u00fcr mehr Blickdichte und zus\u00e4tzliche Strapazierf\u00e4higkeit zu sorgen.<\/li>\n<li>Der Aufbau erfolgt mit zwei 122 cm langen Trekkingst\u00f6cken oder Zeltstangen. In der Regel werden 6 bis 8 <a href=\"https:\/\/litepack.ch\/en\/shop\/?min_price=0&amp;max_price=40&amp;s=Hering&amp;post_type=product\" data-internallinksmanager029f6b8e52c=\"3\" title=\"Zpacks Heringe\">Heringe<\/a> verwendet, bei starkem Wind k\u00f6nnen jedoch bis zu 12 <a href=\"https:\/\/litepack.ch\/en\/shop\/?min_price=0&amp;max_price=40&amp;s=Hering&amp;post_type=product\" data-internallinksmanager029f6b8e52c=\"3\" title=\"Zpacks Heringe\">Heringe<\/a> zum Einsatz kommen. (Jeweils separat erh\u00e4ltlich).<\/li>\n<li>Die Sturmt\u00fcren an jeder Seite des Zeltes verf\u00fcgen \u00fcber einen praktischen Rei\u00dfverschluss und Bel\u00fcftungs\u00f6ffnungen f\u00fcr einen guten Luftstrom. Alle vier T\u00fcren k\u00f6nnen unabh\u00e4ngig voneinander aufgerollt und mit Magnetverschl\u00fcssen gesichert werden. Lassen Sie die T\u00fcren bei sch\u00f6nem Wetter nachts offen, um eine Brise und eine gro\u00dfartige Aussicht zu genie\u00dfen. Schlie\u00dfen Sie die T\u00fcren auf der Windseite, um kalten Wind abzuhalten, oder schlie\u00dfen Sie alle vier T\u00fcren f\u00fcr einen 360\u00b0-Regenschutz. Verstauen Sie Ihre Schuhe und Ihren nassen Rucksack in einem der vier Vorr\u00e4ume.<\/li>\n<li>Doppelte L-f\u00f6rmige Fliegengittert\u00fcren auf beiden Seiten des Zeltes k\u00f6nnen heruntergelassen werden, um M\u00fccken fernzuhalten, oder mit Magnetverschl\u00fcssen aufgerollt werden, um einen einfachen Zugang zum Vorraum auf beiden Seiten der Trekkingst\u00f6cke zu erm\u00f6glichen. Der Boden wird mit den Stangen festgesteckt, sodass der Rei\u00dfverschluss bequem mit einer Hand bedient werden kann. Ein vollst\u00e4ndig geschlossenes, ultraleichtes Insektennetz h\u00e4lt selbst kleinste Insekten fern und sorgt f\u00fcr zus\u00e4tzliche Bel\u00fcftung rund um das Zelt.<\/li>\n<li>Wanderer k\u00f6nnen nebeneinander sitzen und zu beiden T\u00fcren hinausschauen, w\u00e4hrend sie ihre Schuhe ausziehen oder nach Ausr\u00fcstung au\u00dferhalb des Zeltes greifen.<\/li>\n<li>Der breite Boden von 165 cm bietet Platz f\u00fcr drei Erwachsene, die nebeneinander auf Standard-Isomatten liegen k\u00f6nnen. Das symmetrische Design erm\u00f6glicht es Ihnen, das Zelt je nach Wind, Neigung des Bodens und Aussicht in beide Richtungen aufzubauen und darin zu schlafen.<\/li>\n<li>Im Inneren ist viel Platz, um sich aufzusetzen oder auszustrecken. Mit Trekkingstockhalterungen und 81 cm langen Stangen an den Enden des Zeltes l\u00e4sst sich die Kopffreiheit noch weiter erh\u00f6hen.<\/li>\n<li>Der Badewannenboden hat hohe W\u00e4nde und ist vom Rand zur\u00fcckgesetzt, um Sie vor Spritzwasser und <a href=\"https:\/\/litepack.ch\/en\/kondensation\/\" data-internallinksmanager029f6b8e52c=\"5\" title=\"Kondenswasser in Zelten\">Kondenswasser<\/a> zu sch\u00fctzen. Bei leichtem Regen oder unter nassen B\u00e4umen kann die T\u00fcr auf der Leeseite offen gelassen werden, damit Luft zirkulieren kann, ohne dass Wasser in Ihren Wohnbereich tropft oder f\u00e4llt.<\/li>\n<li>Dank seiner kompakten Grundfl\u00e4che f\u00fcr ein Dreipersonenzelt passt das Triplex Pro auch auf schwer zu findende ebene Stellen im Hinterland und bietet damit einen entscheidenden Vorteil gegen\u00fcber asymmetrischen Designs mit gr\u00f6\u00dferer Grundfl\u00e4che, die viel mehr Platz zum Aufstellen ben\u00f6tigen.<\/li>\n<li>Mit den LineLoc V-Verstellern k\u00f6nnen Sie die perfekte Spannung einstellen. Die leuchtend gelben Z-Line-Abspannleinen sind Tag und Nacht gut sichtbar, um Stolperfallen zu vermeiden.<\/li>\n<li>Das strapazierf\u00e4hige Bodenmaterial erfordert keine separate Bodenplane. Flache Bodenplanen sind eine optionale Vorsichtsma\u00dfnahme.<\/li>\n<li>Die Netztaschen befinden sich praktischerweise in der N\u00e4he jeder Fliegengittert\u00fcr, sodass sie von innen und au\u00dfen zug\u00e4nglich sind. Sie eignen sich gut zur Aufbewahrung Ihres Mobiltelefons, Ihrer Brille, Ihrer Stirnlampe, des Zelt-Packsacks und des Ersatz-Nahtbands (im Lieferumfang enthalten).<\/li>\n<li>Alle Rei\u00dfverschlussschieber sind vor Ort austauschbar. Reparaturband und Ersatzschieber sind im Lieferumfang enthalten. Waschanleitung.<\/li>\n<li>Hergestellt in den USA<\/li>\n<\/ul>\n<p><iframe title=\"Zpacks Triplex Pro | Overview\" width=\"500\" height=\"281\" src=\"https:\/\/www.youtube.com\/embed\/TA3n5MlMuf0?feature=oembed\" frameborder=\"0\" allow=\"accelerometer; autoplay; clipboard-write; encrypted-media; gyroscope; picture-in-picture; web-share\" referrerpolicy=\"strict-origin-when-cross-origin\" allowfullscreen><\/iframe><\/p>\n<p><iframe title=\"Zpacks Triplex Pro | Setup &amp; Breakdown\" width=\"500\" height=\"281\" src=\"https:\/\/www.youtube.com\/embed\/Yi3LcKcJjus?feature=oembed\" frameborder=\"0\" allow=\"accelerometer; autoplay; clipboard-write; encrypted-media; gyroscope; picture-in-picture; web-share\" referrerpolicy=\"strict-origin-when-cross-origin\" allowfullscreen><\/iframe><\/p>","protected":false},"excerpt":{"rendered":"<p>Das ultraleichte Dreipersonenzelt Triplex Pro bietet raffinierte Verbesserungen, die es f\u00fcr abenteuerlustige Paare und kleine Familien noch zuverl\u00e4ssiger machen. Das<\/p>","protected":false},"featured_media":39043,"comment_status":"open","ping_status":"closed","template":"","meta":[],"product_brand":[220],"product_cat":[202,18],"product_tag":[],"class_list":{"0":"post-39016","1":"product","2":"type-product","3":"status-publish","4":"has-post-thumbnail","6":"product_brand-zpacks","7":"product_cat-3p-zelte","8":"product_cat-zelte","9":"pa_hersteller-zpacks","11":"first","12":"instock","13":"taxable","14":"shipping-taxable","15":"purchasable","16":"product-type-variable"},"_links":{"self":[{"href":"https:\/\/litepack.ch\/en\/wp-json\/wp\/v2\/product\/39016","targetHints":{"allow":["GET"]}}],"collection":[{"href":"https:\/\/litepack.ch\/en\/wp-json\/wp\/v2\/product"}],"about":[{"href":"https:\/\/litepack.ch\/en\/wp-json\/wp\/v2\/types\/product"}],"replies":[{"embeddable":true,"href":"https:\/\/litepack.ch\/en\/wp-json\/wp\/v2\/comments?post=39016"}],"wp:featuredmedia":[{"embeddable":true,"href":"https:\/\/litepack.ch\/en\/wp-json\/wp\/v2\/media\/39043"}],"wp:attachment":[{"href":"https:\/\/litepack.ch\/en\/wp-json\/wp\/v2\/media?parent=39016"}],"wp:term":[{"taxonomy":"product_brand","embeddable":true,"href":"https:\/\/litepack.ch\/en\/wp-json\/wp\/v2\/product_brand?post=39016"},{"taxonomy":"product_cat","embeddable":true,"href":"https:\/\/litepack.ch\/en\/wp-json\/wp\/v2\/product_cat?post=39016"},{"taxonomy":"product_tag","embeddable":true,"href":"https:\/\/litepack.ch\/en\/wp-json\/wp\/v2\/product_tag?post=39016"}],"curies":[{"name":"wp","href":"https:\/\/api.w.org\/{rel}","templated":true}]}}