{"id":38948,"date":"2025-07-18T08:50:21","date_gmt":"2025-07-18T07:50:21","guid":{"rendered":"https:\/\/litepack.ch\/?post_type=product&#038;p=38948"},"modified":"2026-03-03T10:25:13","modified_gmt":"2026-03-03T09:25:13","slug":"zpacks-trail-cool-wanderhosen","status":"publish","type":"product","link":"https:\/\/litepack.ch\/en\/product\/zpacks-trail-cool-wanderhosen\/","title":{"rendered":"Zpacks Trail Cool Wanderhosen"},"content":{"rendered":"<p>Technische Ausr\u00fcstung ist nicht nur f\u00fcr Ihren Rucksack gedacht, sondern geh\u00f6rt auch zu Ihrer Alltagsausr\u00fcstung. Unsere Trail Cool Joggers sind aus dem hochmodernen japanischen Toray <a href=\"https:\/\/litepack.ch\/en\/material-zpacks\/\" data-internallinksmanager029f6b8e52c=\"1\" title=\"Material Zpacks\">PrimeFlex<\/a>\u2122-Material gefertigt und wurden speziell f\u00fcr Durch<a href=\"https:\/\/litepack.ch\/en\/pilgerreisen\/\" data-internallinksmanager029f6b8e52c=\"6\" title=\"Pilgerreisen\">wanderungen<\/a>, \u00dcbernachtungen, Trailruns und Stadtabenteuer entwickelt.<\/p>\n<p>Sie sind unglaublich strapazierf\u00e4hig, extrem atmungsaktiv und passen sich dank ihres vorgeformten Schnitts und des 4-Wege-Stretchmaterials, das sich wie eine zweite Haut anf\u00fchlt, jeder Bewegung an. Egal, ob du viele Kilometer zur\u00fccklegst oder nach dem Trail Tacos isst, diese Jogginghose bietet dir kompromisslose Vielseitigkeit auf h\u00f6chstem Niveau.<\/p>\n<ul>\n<li>Hergestellt aus dem japanischen Toray <a href=\"https:\/\/litepack.ch\/en\/material-zpacks\/\" data-internallinksmanager029f6b8e52c=\"1\" title=\"Material Zpacks\">PrimeFlex<\/a>\u2122-Material, das sich durch au\u00dfergew\u00f6hnliche Dehnbarkeit, Strapazierf\u00e4higkeit, glatte Textur und schnelle Trocknungseigenschaften auszeichnet.<\/li>\n<li><a href=\"https:\/\/litepack.ch\/en\/pfas-chemikalien\/\" data-internallinksmanager029f6b8e52c=\"4\" title=\"PFAS Free\">PFAS<\/a>-freie C0-Dauerwasserabweisung weist leichten Regen und Feuchtigkeit ab.<\/li>\n<li>Ein minimalistischer elastischer Bund bietet eine bequeme Passform f\u00fcr verschiedene Taillenweiten.<\/li>\n<li>Der Bund verf\u00fcgt \u00fcber einen Kordelzug, mit dem Sie die Passform anpassen k\u00f6nnen, wenn Sie auf dem Trail Gewicht verlieren.<\/li>\n<li>Eine R\u00fcckenpasse sorgt daf\u00fcr, dass sich die Hose beim B\u00fccken oder Hocken bewegen und dehnen kann.<\/li>\n<li>Der Zwickel im Schritt verbessert Ihre Bewegungsfreiheit und verhindert Einschr\u00e4nkungen beim \u00dcbersteigen hoher Hindernisse.<\/li>\n<li>Die konisch zulaufenden Beine und ein elastischer Saum am Kn\u00f6chel sorgen f\u00fcr einen athletischen Look und minimieren das Verhaken von \u00fcbersch\u00fcssigem Stoff an \u00c4sten und Gestr\u00fcpp.<\/li>\n<li>In den tiefen Fronttaschen k\u00f6nnen Sie Gegenst\u00e4nde wie Ihr Handy oder Ihre Sonnenbrille bequem verstauen, ohne bef\u00fcrchten zu m\u00fcssen, dass sie beim Wandern oder beim Sitzen herausfallen.<\/li>\n<li>Eine ger\u00e4umige R\u00fcckentasche mit Rei\u00dfverschluss, die in das hintere Joch integriert ist, sorgt f\u00fcr eine klare \u00c4sthetik und bietet viel Platz f\u00fcr Ihre Brieftasche.<\/li>\n<\/ul>","protected":false},"excerpt":{"rendered":"<p>Technische Ausr\u00fcstung ist nicht nur f\u00fcr Ihren Rucksack gedacht, sondern geh\u00f6rt auch zu Ihrer Alltagsausr\u00fcstung. Unsere Trail Cool Joggers sind<\/p>","protected":false},"featured_media":38956,"comment_status":"open","ping_status":"closed","template":"","meta":[],"product_brand":[220],"product_cat":[190],"product_tag":[],"class_list":{"0":"post-38948","1":"product","2":"type-product","3":"status-publish","4":"has-post-thumbnail","6":"product_brand-zpacks","7":"product_cat-kleidung","8":"pa_hersteller-zpacks","10":"first","11":"instock","12":"taxable","13":"shipping-taxable","14":"purchasable","15":"product-type-variable"},"_links":{"self":[{"href":"https:\/\/litepack.ch\/en\/wp-json\/wp\/v2\/product\/38948","targetHints":{"allow":["GET"]}}],"collection":[{"href":"https:\/\/litepack.ch\/en\/wp-json\/wp\/v2\/product"}],"about":[{"href":"https:\/\/litepack.ch\/en\/wp-json\/wp\/v2\/types\/product"}],"replies":[{"embeddable":true,"href":"https:\/\/litepack.ch\/en\/wp-json\/wp\/v2\/comments?post=38948"}],"wp:featuredmedia":[{"embeddable":true,"href":"https:\/\/litepack.ch\/en\/wp-json\/wp\/v2\/media\/38956"}],"wp:attachment":[{"href":"https:\/\/litepack.ch\/en\/wp-json\/wp\/v2\/media?parent=38948"}],"wp:term":[{"taxonomy":"product_brand","embeddable":true,"href":"https:\/\/litepack.ch\/en\/wp-json\/wp\/v2\/product_brand?post=38948"},{"taxonomy":"product_cat","embeddable":true,"href":"https:\/\/litepack.ch\/en\/wp-json\/wp\/v2\/product_cat?post=38948"},{"taxonomy":"product_tag","embeddable":true,"href":"https:\/\/litepack.ch\/en\/wp-json\/wp\/v2\/product_tag?post=38948"}],"curies":[{"name":"wp","href":"https:\/\/api.w.org\/{rel}","templated":true}]}}