{"id":38870,"date":"2025-07-04T08:58:12","date_gmt":"2025-07-04T07:58:12","guid":{"rendered":"https:\/\/litepack.ch\/?post_type=product&#038;p=38870"},"modified":"2026-03-03T10:03:08","modified_gmt":"2026-03-03T09:03:08","slug":"zpacks-duplex-pro-zelt","status":"publish","type":"product","link":"https:\/\/litepack.ch\/en\/product\/zpacks-duplex-pro-zelt\/","title":{"rendered":"Zpacks Duplex Pro Zelt"},"content":{"rendered":"<p>Nach mehr als einem Jahrzehnt an der Spitze haben wir unserem preisgekr\u00f6nten Design ein paar raffinierte neue Upgrades verpasst: das Duplex Pro. Genau wie der urspr\u00fcngliche Duplex ist der Pro aus wasserdichtem, strapazierf\u00e4higem <a href=\"https:\/\/litepack.ch\/en\/material-zpacks\/\" data-internallinksmanager029f6b8e52c=\"1\" title=\"Material Zpacks\">Dyneema<\/a>\u00ae Composite-Gewebe gefertigt, das sich bei <a href=\"https:\/\/litepack.ch\/en\/pilgerreisen\/\" data-internallinksmanager029f6b8e52c=\"6\" title=\"Pilgerreisen\">Wanderungen<\/a> auf dem Pacific Crest Trail, beim \u00dcberqueren von Schneefeldern in Island oder beim Trotzen der Winde in Patagonien bew\u00e4hrt hat.<\/p>\n<p>Der Duplex Pro ist ohne Kompromisse gebaut. Das vollst\u00e4ndig symmetrische Design erm\u00f6glicht es Ihnen, das Zelt in jede Richtung aufzustellen und zu schlafen, je nach Wind, Neigung des Bodens und Aussicht. Die vier unabh\u00e4ngig voneinander zu \u00f6ffnenden Sturmt\u00fcren mit Rei\u00dfverschluss bieten Schutz und Bel\u00fcftung bei jedem Wetter. Sie k\u00f6nnen f\u00fcr die Apsis ge\u00f6ffnet oder mit Magnetverschl\u00fcssen gesichert werden, um Aussicht und Luftzirkulation zu gew\u00e4hrleisten. Die Fliegengittert\u00fcren sind mit Doppel-L-Rei\u00dfverschl\u00fcssen ausgestattet, so dass sie zum Schutz vor Moskitos drapiert oder vollst\u00e4ndig ge\u00f6ffnet werden k\u00f6nnen, um Zugang zu den Apsiden zu erhalten oder auf beiden Seiten der Trekkingstangen einzutreten.<\/p>\n<p>Der breitere Boden bietet Platz f\u00fcr zwei breite, lange Schlafmatten, ohne dass sich die Stellfl\u00e4che vergr\u00f6\u00dfert, so dass Sie auch an engen Stellen im Backcountry problemlos Platz finden. Das Duplex Pro ist ultraleicht, ger\u00e4umig, l\u00e4sst sich winzig klein zusammenpacken und \u00fcberall dort aufstellen, wo Sie sich zu Hause f\u00fchlen. Sie werden einfach keine leichtere, besser ausgestattete Zwei-Personen-Unterkunft auf dem Markt finden &#8211; Punkt.<\/p>\n<ul>\n<li>Hergestellt aus wasserdichtem, strapazierf\u00e4higem, <a href=\"https:\/\/litepack.ch\/en\/pfas-chemikalien\/\" data-internallinksmanager029f6b8e52c=\"4\" title=\"PFAS Free\">PFAS<\/a>-freiem <a href=\"https:\/\/litepack.ch\/en\/material-zpacks\/\" data-internallinksmanager029f6b8e52c=\"1\" title=\"Material Zpacks\">Dyneema<\/a>\u00ae Composite Fabric:<\/li>\n<li>W\u00e4hle \u201eBlau oder Olive\u201c, um mit unserem bew\u00e4hrten 0,55 oz\/sqyd DCF-Dach, 0,75 oz\/sqyd DCF-Boden und 1,3 mm Abspannleinen neue Grenzen zu setzen.<\/li>\n<li>W\u00e4hle \u201eGr\u00fcn\u201c, um mit einem 0,75 oz\/sqyd DCF-Dach, einem 1 oz\/sqyd DCF-Boden und 2 mm Abspannleinen f\u00fcr mehr Blickdichte und zus\u00e4tzliche Strapazierf\u00e4higkeit zu sorgen.<\/li>\n<li>Der Aufbau erfolgt mit zwei 122 cm Trekkingst\u00f6cken oder Zeltstangen und nur 6 bis 8 <a href=\"https:\/\/litepack.ch\/en\/shop\/?min_price=0&amp;max_price=40&amp;s=Hering&amp;post_type=product\" data-internallinksmanager029f6b8e52c=\"3\" title=\"Zpacks Heringe\">Heringen<\/a> (jeweils separat erh\u00e4ltlich).<\/li>\n<li>Kompatibel mit unseren Duplex Flex-Stangen f\u00fcr eine halb freistehende Option.<\/li>\n<li>Die Sturmt\u00fcren auf jeder Seite des Zeltes verf\u00fcgen \u00fcber einen praktischen Rei\u00dfverschluss, Magnetverschl\u00fcsse und Bel\u00fcftungs\u00f6ffnungen f\u00fcr einen guten Luftstrom. Alle vier T\u00fcren k\u00f6nnen unabh\u00e4ngig voneinander aufgerollt und mit Magnetverschl\u00fcssen gesichert werden. Lassen Sie die T\u00fcren bei sch\u00f6nem Wetter nachts offen, um eine Brise und eine gro\u00dfartige Aussicht zu genie\u00dfen. Schlie\u00dfen Sie die T\u00fcren auf der Windseite, um kalten Wind abzuhalten, oder schlie\u00dfen Sie alle vier T\u00fcren f\u00fcr einen 360\u00b0-Regenschutz. Verstauen Sie Ihre Schuhe und Ihren nassen Rucksack in einem der vier Vorr\u00e4ume.<\/li>\n<li>Breite Double-L-Fliegengittert\u00fcren auf beiden Seiten des Zeltes k\u00f6nnen heruntergelassen werden, um M\u00fccken fernzuhalten, oder mit Magnetverschl\u00fcssen aufgerollt werden, um einen einfachen Zugang zum Vorraum auf beiden Seiten der Trekkingst\u00f6cke zu erm\u00f6glichen. Der Boden wird mit den Stangen festgesteckt, sodass der Rei\u00dfverschluss bequem mit einer Hand bedient werden kann. Ein vollst\u00e4ndig geschlossenes, ultraleichtes Insektennetz h\u00e4lt selbst kleinste Insekten fern und sorgt f\u00fcr zus\u00e4tzliche Bel\u00fcftung rund um das Zelt.<\/li>\n<li>Zwei Erwachsene k\u00f6nnen in der Mitte sitzen, ohne das Dach zu ber\u00fchren, oder nebeneinander sitzen und zu beiden T\u00fcren hinausschauen, w\u00e4hrend sie ihre Schuhe ausziehen oder nach Ausr\u00fcstung au\u00dferhalb des Zeltes greifen.<\/li>\n<li>Der 127 cm breite Boden bietet Platz f\u00fcr zwei Erwachsene, die nebeneinander auf breiten, langen Isomatten liegen k\u00f6nnen. Das symmetrische Design erm\u00f6glicht es Ihnen, das Zelt je nach Wind, Neigung des Bodens und Aussicht in beide Richtungen aufzubauen und darin zu schlafen.<\/li>\n<li>Gr\u00f6\u00dfere Alleinwanderer k\u00f6nnen diagonal liegen oder Trekkingstockhalterungen und 81 cm lange Stangen an den Enden des Zeltes anbringen, um die Kopffreiheit weiter zu erh\u00f6hen. Unser h\u00f6heres Pivot Duo-Zelt ist ebenfalls eine gute Wahl f\u00fcr zus\u00e4tzliche Kopffreiheit.<\/li>\n<li>Der Badewannenboden hat hohe W\u00e4nde und ist vom Rand zur\u00fcckgesetzt, um Sie vor Spritzwasser und <a href=\"https:\/\/litepack.ch\/en\/kondensation\/\" data-internallinksmanager029f6b8e52c=\"5\" title=\"Kondenswasser in Zelten\">Kondenswasser<\/a> zu sch\u00fctzen. Bei leichtem Regen oder unter nassen B\u00e4umen kann die T\u00fcr auf der Leeseite offen gelassen werden, damit Luft zirkulieren kann, ohne dass Wasser in Ihren Wohnbereich tropft oder f\u00e4llt.<\/li>\n<li>Dank seiner kompakten Grundfl\u00e4che f\u00fcr ein Zwei-Personen-Zelt passt das Duplex Pro auch auf schwer zu findende flache Stellen im Hinterland und bietet damit einen entscheidenden Vorteil gegen\u00fcber asymmetrischen Designs mit gr\u00f6\u00dferer Grundfl\u00e4che, die viel mehr Platz zum Aufstellen ben\u00f6tigen.<\/li>\n<li>Mit den LineLoc V-Verstellern k\u00f6nnen Sie die perfekte Spannung einstellen. Die leuchtend gelben Z-Line-Abspannleinen sind Tag und Nacht gut sichtbar, um Stolperfallen zu vermeiden.<\/li>\n<li>Das strapazierf\u00e4hige Bodenmaterial erfordert keine separate Bodenplane. Flache Bodenplanen sind eine optionale Vorsichtsma\u00dfnahme.<\/li>\n<li>Netzf\u00e4cher befinden sich praktischerweise in der N\u00e4he jeder Fliegengittert\u00fcr, sodass sie von innen und au\u00dfen zug\u00e4nglich sind. Sie eignen sich gut zur Aufbewahrung deines Mobiltelefons, deiner Brille, deiner Stirnlampe, des Zelt-Packsacks und des Ersatz-Nahtbands (im Lieferumfang enthalten).<\/li>\n<li>Alle Reissverschlussschieber sind vor Ort austauschbar. Reparaturband und Ersatzschieber sind im Lieferumfang enthalten. Waschanleitung.<\/li>\n<li>Hergestellt in den USA.<\/li>\n<\/ul>\n<p><iframe title=\"Zpacks Duplex Pro | Setup &amp; Breakdown\" width=\"500\" height=\"281\" src=\"https:\/\/www.youtube.com\/embed\/4gZKRl-tQNA?feature=oembed\" frameborder=\"0\" allow=\"accelerometer; autoplay; clipboard-write; encrypted-media; gyroscope; picture-in-picture; web-share\" referrerpolicy=\"strict-origin-when-cross-origin\" allowfullscreen><\/iframe><\/p>\n<p><iframe title=\"Zpacks Duplex Pro Tent | Overview\" width=\"500\" height=\"281\" src=\"https:\/\/www.youtube.com\/embed\/Y8KMMVWOxOg?feature=oembed\" frameborder=\"0\" allow=\"accelerometer; autoplay; clipboard-write; encrypted-media; gyroscope; picture-in-picture; web-share\" referrerpolicy=\"strict-origin-when-cross-origin\" allowfullscreen><\/iframe><\/p>\n<p>&nbsp;<\/p>","protected":false},"excerpt":{"rendered":"<p>Nach mehr als einem Jahrzehnt an der Spitze haben wir unserem preisgekr\u00f6nten Design ein paar raffinierte neue Upgrades verpasst: das<\/p>","protected":false},"featured_media":38883,"comment_status":"open","ping_status":"closed","template":"","meta":[],"product_brand":[220],"product_cat":[118,18],"product_tag":[],"class_list":{"0":"post-38870","1":"product","2":"type-product","3":"status-publish","4":"has-post-thumbnail","6":"product_brand-zpacks","7":"product_cat-2p-zelte","8":"product_cat-zelte","9":"pa_hersteller-zpacks","11":"first","12":"instock","13":"taxable","14":"shipping-taxable","15":"purchasable","16":"product-type-variable"},"_links":{"self":[{"href":"https:\/\/litepack.ch\/en\/wp-json\/wp\/v2\/product\/38870","targetHints":{"allow":["GET"]}}],"collection":[{"href":"https:\/\/litepack.ch\/en\/wp-json\/wp\/v2\/product"}],"about":[{"href":"https:\/\/litepack.ch\/en\/wp-json\/wp\/v2\/types\/product"}],"replies":[{"embeddable":true,"href":"https:\/\/litepack.ch\/en\/wp-json\/wp\/v2\/comments?post=38870"}],"wp:featuredmedia":[{"embeddable":true,"href":"https:\/\/litepack.ch\/en\/wp-json\/wp\/v2\/media\/38883"}],"wp:attachment":[{"href":"https:\/\/litepack.ch\/en\/wp-json\/wp\/v2\/media?parent=38870"}],"wp:term":[{"taxonomy":"product_brand","embeddable":true,"href":"https:\/\/litepack.ch\/en\/wp-json\/wp\/v2\/product_brand?post=38870"},{"taxonomy":"product_cat","embeddable":true,"href":"https:\/\/litepack.ch\/en\/wp-json\/wp\/v2\/product_cat?post=38870"},{"taxonomy":"product_tag","embeddable":true,"href":"https:\/\/litepack.ch\/en\/wp-json\/wp\/v2\/product_tag?post=38870"}],"curies":[{"name":"wp","href":"https:\/\/api.w.org\/{rel}","templated":true}]}}