{"id":38825,"date":"2025-06-29T11:19:25","date_gmt":"2025-06-29T10:19:25","guid":{"rendered":"https:\/\/litepack.ch\/?post_type=product&#038;p=38825"},"modified":"2025-11-23T10:06:24","modified_gmt":"2025-11-23T09:06:24","slug":"zpacks-octa-fleece-faeustlinge","status":"publish","type":"product","link":"https:\/\/litepack.ch\/en\/product\/zpacks-octa-fleece-faeustlinge\/","title":{"rendered":"Zpacks Octa Fleece F\u00e4ustlinge"},"content":{"rendered":"<p>Schl\u00fcpfe in unsere <a href=\"https:\/\/litepack.ch\/en\/material-zpacks\/\" data-internallinksmanager029f6b8e52c=\"1\" title=\"Material Zpacks\">Octa<\/a>\u00ae Fleece-F\u00e4ustlinge \u2013 ultraleichte, tourenbereite Handw\u00e4rmer, die kaum ins Gewicht fallen.<br \/>\nGefertigt aus dem fortschrittlichen <a href=\"https:\/\/litepack.ch\/en\/material-zpacks\/\" data-internallinksmanager029f6b8e52c=\"1\" title=\"Material Zpacks\">Octa<\/a>\u00ae Fleece, bieten diese F\u00e4ustlinge ein weiches, aufgerautes Innenfutter f\u00fcr kuschelige W\u00e4rme und eine robuste Mesh-Au\u00dfenseite, die abriebfest ist und keinen Schmutz vom Trail aufnimmt. Elastische B\u00fcndchen am Handgelenk halten die W\u00e4rme drinnen \u2013 ideal solo oder in Kombination mit unseren <a href=\"https:\/\/litepack.ch\/en\/product\/zpacks-vertice-regen-handschuhe\/\">Vertice Regen-F\u00e4ustlingen<\/a> f\u00fcr Abenteuer bei jedem Wetter.<\/p>\n<ul>\n<li>Unser <a href=\"https:\/\/litepack.ch\/en\/material-zpacks\/\" data-internallinksmanager029f6b8e52c=\"1\" title=\"Material Zpacks\">Octa<\/a>\u00ae Fleece mit 2,35 oz\/sqyd bietet au\u00dfergew\u00f6hnliche W\u00e4rme bei extrem geringem Gewicht \u2013 eine moderne Alternative zu herk\u00f6mmlichem Fleece. Es eignet sich hervorragend als aktive Isolationsschicht und funktioniert in einem breiten Temperaturspektrum \u2013 von etwa 0 \u00b0C bis 20 \u00b0C \u2013 ideal in Bewegung.<\/li>\n<li>Die Innenseite des <a href=\"https:\/\/litepack.ch\/en\/material-zpacks\/\" data-internallinksmanager029f6b8e52c=\"1\" title=\"Material Zpacks\">Octa<\/a>\u00ae Fleece ist flauschig und hautfreundlich aufgeraut, um Luft einzuschlie\u00dfen und dich warm und komfortabel zu halten.<\/li>\n<li>Kombiniere sie mit unseren <a href=\"https:\/\/litepack.ch\/en\/material-zpacks\/\" data-internallinksmanager029f6b8e52c=\"1\" title=\"Material Zpacks\">Vertice<\/a> Regen-F\u00e4ustlingen, um Wind und Regen abzuhalten und dein Schichtsystem f\u00fcr noch k\u00e4ltere Bedingungen zu erweitern.<\/li>\n<li>Perfekt kombinierbar mit unserem <a href=\"https:\/\/litepack.ch\/en\/material-zpacks\/\" data-internallinksmanager029f6b8e52c=\"1\" title=\"Material Zpacks\">Octa<\/a> Fleece Hoody, den <a href=\"https:\/\/litepack.ch\/en\/material-zpacks\/\" data-internallinksmanager029f6b8e52c=\"1\" title=\"Material Zpacks\">Octa<\/a> Fleece Pants und der <a href=\"https:\/\/litepack.ch\/en\/material-zpacks\/\" data-internallinksmanager029f6b8e52c=\"1\" title=\"Material Zpacks\">Octa<\/a> Fleece Hat als Schlafschicht.<\/li>\n<li>Die Mesh-Au\u00dfenseite ist extrem abriebfest und damit langlebiger als andere ultraleichte Fleece-Optionen. Au\u00dferdem nimmt sie \u2013 anders als flauschige Au\u00dfenseiten \u2013 keinen Schmutz auf.<\/li>\n<li>Elastische B\u00fcndchen am Handgelenk halten die W\u00e4rme im Inneren.<\/li>\n<li>Das Material ist dehnbar und passt sich deinen Bewegungen angenehm an.<\/li>\n<li>UPF 40+ Sonnenschutz<\/li>\n<\/ul>","protected":false},"excerpt":{"rendered":"<p>Schl\u00fcpfe in unsere Octa\u00ae Fleece-F\u00e4ustlinge \u2013 ultraleichte, tourenbereite Handw\u00e4rmer, die kaum ins Gewicht fallen. Gefertigt aus dem fortschrittlichen Octa\u00ae Fleece,<\/p>","protected":false},"featured_media":38830,"comment_status":"open","ping_status":"closed","template":"","meta":[],"product_brand":[220],"product_cat":[190],"product_tag":[],"class_list":{"0":"post-38825","1":"product","2":"type-product","3":"status-publish","4":"has-post-thumbnail","6":"product_brand-zpacks","7":"product_cat-kleidung","8":"pa_hersteller-zpacks","10":"first","11":"instock","12":"taxable","13":"shipping-taxable","14":"purchasable","15":"product-type-variable"},"_links":{"self":[{"href":"https:\/\/litepack.ch\/en\/wp-json\/wp\/v2\/product\/38825","targetHints":{"allow":["GET"]}}],"collection":[{"href":"https:\/\/litepack.ch\/en\/wp-json\/wp\/v2\/product"}],"about":[{"href":"https:\/\/litepack.ch\/en\/wp-json\/wp\/v2\/types\/product"}],"replies":[{"embeddable":true,"href":"https:\/\/litepack.ch\/en\/wp-json\/wp\/v2\/comments?post=38825"}],"wp:featuredmedia":[{"embeddable":true,"href":"https:\/\/litepack.ch\/en\/wp-json\/wp\/v2\/media\/38830"}],"wp:attachment":[{"href":"https:\/\/litepack.ch\/en\/wp-json\/wp\/v2\/media?parent=38825"}],"wp:term":[{"taxonomy":"product_brand","embeddable":true,"href":"https:\/\/litepack.ch\/en\/wp-json\/wp\/v2\/product_brand?post=38825"},{"taxonomy":"product_cat","embeddable":true,"href":"https:\/\/litepack.ch\/en\/wp-json\/wp\/v2\/product_cat?post=38825"},{"taxonomy":"product_tag","embeddable":true,"href":"https:\/\/litepack.ch\/en\/wp-json\/wp\/v2\/product_tag?post=38825"}],"curies":[{"name":"wp","href":"https:\/\/api.w.org\/{rel}","templated":true}]}}