{"id":38769,"date":"2025-06-20T07:33:18","date_gmt":"2025-06-20T06:33:18","guid":{"rendered":"https:\/\/litepack.ch\/?post_type=product&#038;p=38769"},"modified":"2025-11-25T20:58:05","modified_gmt":"2025-11-25T19:58:05","slug":"3f-ul-tyvek-bivy","status":"publish","type":"product","link":"https:\/\/litepack.ch\/en\/product\/3f-ul-tyvek-bivy\/","title":{"rendered":"3F UL Tyvek Bivy"},"content":{"rendered":"<p>Das 3F UL GEAR Tyvek BIVY wurde urspr\u00fcnglich f\u00fcr die Verwendung mit einem Zelt oder einem Tarp ohne Innenzelt entwickelt.<\/p>\n<p>Er ist leicht, atmungsaktiv und begrenzt wasserdicht, wodurch dein Schlafsack vor externen Einfl\u00fcssen gesch\u00fctzt wird.<\/p>\n<p>Au\u00dferdem h\u00e4lt es deinen Schlafsack sauber, indem es ihn vor Schmutz sch\u00fctzt.<\/p>\n<p>Inspiriert von gesteppten Schlafs\u00e4cken und Biwaks\u00e4cken haben wir beschlossen, meinen Schlafsack mit Tyvek-Gewebe zu \u00fcberziehen. Tyvek ist leicht, wasserdicht und atmungsaktiv. Das Design umschlie\u00dft die F\u00fc\u00dfe vollst\u00e4ndig, um den Fu\u00dfbereich des Schlafsacks besser zu sch\u00fctzen, w\u00e4hrend der obere Teil offen ist und einfach \u00fcber den Schlafsack drapiert wird. Wir haben festgestellt, dass diese Konstruktion die Isolierung des Schlafsystems erheblich verbessert.<\/p>\n<p>Allerdings ist Tyvek nur begrenzt wasserdicht, daher ist es nicht empfehlenswert, es ohne Schutz zu verwenden. F\u00fcr Wintercamping k\u00f6nnen Sie das Netzzelt zu Hause lassen. Nehmen Sie einfach den Tyvek-Biwaksack mit, und Sie werden feststellen, dass Ihr Zelt ger\u00e4umiger wirkt.<\/p>\n<p>Wir haben festgestellt, dass einige Alpinisten unseren Biwaksack erfolgreich f\u00fcr die Besteigung technisch anspruchsvoller, schneebedeckter Gipfel eingesetzt haben. Sie verzichten ganz auf Zelte und finden, dass er gut mit Schneefall zurechtkommt.<\/p>\n<p>&nbsp;<\/p>","protected":false},"excerpt":{"rendered":"<p>Das 3F UL GEAR Tyvek BIVY wurde urspr\u00fcnglich f\u00fcr die Verwendung mit einem Zelt oder einem Tarp ohne Innenzelt entwickelt.<\/p>","protected":false},"featured_media":38776,"comment_status":"open","ping_status":"closed","template":"","meta":[],"product_brand":[293],"product_cat":[292,191],"product_tag":[],"class_list":{"0":"post-38769","1":"product","2":"type-product","3":"status-publish","4":"has-post-thumbnail","6":"product_brand-3f-ul-gear","7":"product_cat-schlaf-zubehoer","8":"product_cat-zubehoer","9":"pa_hersteller-3f-ul","11":"first","12":"instock","13":"taxable","14":"shipping-taxable","15":"purchasable","16":"product-type-variable"},"_links":{"self":[{"href":"https:\/\/litepack.ch\/en\/wp-json\/wp\/v2\/product\/38769","targetHints":{"allow":["GET"]}}],"collection":[{"href":"https:\/\/litepack.ch\/en\/wp-json\/wp\/v2\/product"}],"about":[{"href":"https:\/\/litepack.ch\/en\/wp-json\/wp\/v2\/types\/product"}],"replies":[{"embeddable":true,"href":"https:\/\/litepack.ch\/en\/wp-json\/wp\/v2\/comments?post=38769"}],"wp:featuredmedia":[{"embeddable":true,"href":"https:\/\/litepack.ch\/en\/wp-json\/wp\/v2\/media\/38776"}],"wp:attachment":[{"href":"https:\/\/litepack.ch\/en\/wp-json\/wp\/v2\/media?parent=38769"}],"wp:term":[{"taxonomy":"product_brand","embeddable":true,"href":"https:\/\/litepack.ch\/en\/wp-json\/wp\/v2\/product_brand?post=38769"},{"taxonomy":"product_cat","embeddable":true,"href":"https:\/\/litepack.ch\/en\/wp-json\/wp\/v2\/product_cat?post=38769"},{"taxonomy":"product_tag","embeddable":true,"href":"https:\/\/litepack.ch\/en\/wp-json\/wp\/v2\/product_tag?post=38769"}],"curies":[{"name":"wp","href":"https:\/\/api.w.org\/{rel}","templated":true}]}}