{"id":38744,"date":"2025-06-16T18:34:22","date_gmt":"2025-06-16T17:34:22","guid":{"rendered":"https:\/\/litepack.ch\/?post_type=product&#038;p=38744"},"modified":"2025-10-02T19:51:30","modified_gmt":"2025-10-02T18:51:30","slug":"zpacks-karten-dokumenten-tasche","status":"publish","type":"product","link":"https:\/\/litepack.ch\/en\/product\/zpacks-karten-dokumenten-tasche\/","title":{"rendered":"Zpacks Karten &#038; Dokumenten Tasche"},"content":{"rendered":"<p>Die Dokumententasche mit Rei\u00dfverschluss ist ideal zum Aufbewahren und Sch\u00fctzen Ihrer Karten, Datenbl\u00e4tter und anderer Reisedokumente. Sie bietet auch Platz f\u00fcr einen kleinen Laptop. Unsere Rei\u00dfverschlusstaschen sind die perfekte L\u00f6sung, um Ordnung zu halten, ohne Ihr Gep\u00e4ck zus\u00e4tzlich zu beschweren. Das strapazierf\u00e4hige Ultra 100X-Material sch\u00fctzt Ihre Gegenst\u00e4nde vor Wasser und Abrieb.<\/p>\n<p>Ben\u00f6tigen Sie eine andere Gr\u00f6\u00dfe? Schauen Sie sich den Rest unserer Zip Pouch-Kollektion an.<\/p>\n<ul>\n<li>Hergestellt aus Ultra 100X-Gewebe, das den Belastungen des Transports standh\u00e4lt.<\/li>\n<li>Mit wasserabweisendem Rei\u00dfverschluss. Diese sind sehr wasserabweisend, solange sie nicht \u00fcber einen l\u00e4ngeren Zeitraum unter Wasser getaucht werden.<\/li>\n<li>Dank der Zuglaschen l\u00e4sst sich der Rei\u00dfverschluss leicht \u00f6ffnen und die Tasche kann mit einem Karabinerhaken am Rucksack befestigt werden.<\/li>\n<li>Geeignet f\u00fcr Dokumente in den Standardformaten US und A3.<\/li>\n<li>Hergestellt in den USA.<\/li>\n<\/ul>","protected":false},"excerpt":{"rendered":"<p>Die Dokumententasche mit Rei\u00dfverschluss ist ideal zum Aufbewahren und Sch\u00fctzen Ihrer Karten, Datenbl\u00e4tter und anderer Reisedokumente. Sie bietet auch Platz<\/p>","protected":false},"featured_media":38745,"comment_status":"open","ping_status":"closed","template":"","meta":[],"product_brand":[220],"product_cat":[296,191],"product_tag":[],"class_list":{"0":"post-38744","1":"product","2":"type-product","3":"status-publish","4":"has-post-thumbnail","6":"product_brand-zpacks","7":"product_cat-weiteres-zubehoer","8":"product_cat-zubehoer","9":"pa_hersteller-zpacks","11":"first","12":"instock","13":"taxable","14":"shipping-taxable","15":"purchasable","16":"product-type-simple"},"_links":{"self":[{"href":"https:\/\/litepack.ch\/en\/wp-json\/wp\/v2\/product\/38744","targetHints":{"allow":["GET"]}}],"collection":[{"href":"https:\/\/litepack.ch\/en\/wp-json\/wp\/v2\/product"}],"about":[{"href":"https:\/\/litepack.ch\/en\/wp-json\/wp\/v2\/types\/product"}],"replies":[{"embeddable":true,"href":"https:\/\/litepack.ch\/en\/wp-json\/wp\/v2\/comments?post=38744"}],"wp:featuredmedia":[{"embeddable":true,"href":"https:\/\/litepack.ch\/en\/wp-json\/wp\/v2\/media\/38745"}],"wp:attachment":[{"href":"https:\/\/litepack.ch\/en\/wp-json\/wp\/v2\/media?parent=38744"}],"wp:term":[{"taxonomy":"product_brand","embeddable":true,"href":"https:\/\/litepack.ch\/en\/wp-json\/wp\/v2\/product_brand?post=38744"},{"taxonomy":"product_cat","embeddable":true,"href":"https:\/\/litepack.ch\/en\/wp-json\/wp\/v2\/product_cat?post=38744"},{"taxonomy":"product_tag","embeddable":true,"href":"https:\/\/litepack.ch\/en\/wp-json\/wp\/v2\/product_tag?post=38744"}],"curies":[{"name":"wp","href":"https:\/\/api.w.org\/{rel}","templated":true}]}}