{"id":38703,"date":"2025-06-06T14:53:47","date_gmt":"2025-06-06T13:53:47","guid":{"rendered":"https:\/\/litepack.ch\/?post_type=product&#038;p=38703"},"modified":"2025-12-09T08:39:39","modified_gmt":"2025-12-09T07:39:39","slug":"3f-ul-c1-trekking-stock","status":"publish","type":"product","link":"https:\/\/litepack.ch\/en\/product\/3f-ul-c1-trekking-stock\/","title":{"rendered":"3F UL C1 Trekking Stock"},"content":{"rendered":"<p>Die C1-Trekkingst\u00f6cke haben alle Eigenschaften anderer Trekkingst\u00f6cke und wiegen nur 182 Gramm. Er ist aus hochfester Kohlefaser gefertigt und der letzte Abschnitt des Rohrs ist eine Aluminiumlegierung, die die Festigkeit bei kaltem Wetter stark erh\u00f6ht.<\/p>\n<ul>\n<li>Komfortabler Schaumstoffgriff mit Anti-Rutsch-Effekt.<\/li>\n<li>Schaft aus Kohlefaser f\u00fcr h\u00f6here Festigkeit und geringeres Gewicht.<\/li>\n<li>Das letzte Rohr besteht aus einer 7075er Aluminiumlegierung f\u00fcr erh\u00f6hte Widerstandsf\u00e4higkeit.<\/li>\n<li>Handgelenkschlaufe aus Stoff absorbiert Schwei\u00df.<\/li>\n<li>Robuste externe Schnellverschl\u00fcsse.<\/li>\n<li>H\u00f6henverstellung Linien.<\/li>\n<li>Ersatzteile f\u00fcr den Nachverkauf erh\u00e4ltlich.<\/li>\n<li>Ein Jahr beschr\u00e4nkte Garantie auf Material- und Verarbeitungsfehler.<\/li>\n<\/ul>","protected":false},"excerpt":{"rendered":"<p>Die C1-Trekkingst\u00f6cke haben alle Eigenschaften anderer Trekkingst\u00f6cke und wiegen nur 182 Gramm. Er ist aus hochfester Kohlefaser gefertigt und der<\/p>","protected":false},"featured_media":38715,"comment_status":"open","ping_status":"closed","template":"","meta":[],"product_brand":[293],"product_cat":[296,191],"product_tag":[],"class_list":{"0":"post-38703","1":"product","2":"type-product","3":"status-publish","4":"has-post-thumbnail","6":"product_brand-3f-ul-gear","7":"product_cat-weiteres-zubehoer","8":"product_cat-zubehoer","9":"pa_hersteller-3f-ul","11":"first","12":"instock","13":"taxable","14":"shipping-taxable","15":"purchasable","16":"product-type-variable"},"_links":{"self":[{"href":"https:\/\/litepack.ch\/en\/wp-json\/wp\/v2\/product\/38703","targetHints":{"allow":["GET"]}}],"collection":[{"href":"https:\/\/litepack.ch\/en\/wp-json\/wp\/v2\/product"}],"about":[{"href":"https:\/\/litepack.ch\/en\/wp-json\/wp\/v2\/types\/product"}],"replies":[{"embeddable":true,"href":"https:\/\/litepack.ch\/en\/wp-json\/wp\/v2\/comments?post=38703"}],"wp:featuredmedia":[{"embeddable":true,"href":"https:\/\/litepack.ch\/en\/wp-json\/wp\/v2\/media\/38715"}],"wp:attachment":[{"href":"https:\/\/litepack.ch\/en\/wp-json\/wp\/v2\/media?parent=38703"}],"wp:term":[{"taxonomy":"product_brand","embeddable":true,"href":"https:\/\/litepack.ch\/en\/wp-json\/wp\/v2\/product_brand?post=38703"},{"taxonomy":"product_cat","embeddable":true,"href":"https:\/\/litepack.ch\/en\/wp-json\/wp\/v2\/product_cat?post=38703"},{"taxonomy":"product_tag","embeddable":true,"href":"https:\/\/litepack.ch\/en\/wp-json\/wp\/v2\/product_tag?post=38703"}],"curies":[{"name":"wp","href":"https:\/\/api.w.org\/{rel}","templated":true}]}}