{"id":38695,"date":"2025-06-06T09:47:23","date_gmt":"2025-06-06T08:47:23","guid":{"rendered":"https:\/\/litepack.ch\/?post_type=product&#038;p=38695"},"modified":"2025-06-06T09:54:35","modified_gmt":"2025-06-06T08:54:35","slug":"3f-ul-hollow-stakes-heringe","status":"publish","type":"product","link":"https:\/\/litepack.ch\/en\/product\/3f-ul-hollow-stakes-heringe\/","title":{"rendered":"3F UL Hollow Stakes Heringe"},"content":{"rendered":"<p>Der Durchmesser der Pfl\u00f6cke betr\u00e4gt 8,5 mm und die Spitzen der Pfl\u00f6cke sind aus einer soliden Aluminiumlegierung gefertigt, um die Festigkeit zu erh\u00f6hen.<\/p>\n<p>15 cm lange Pfl\u00f6cke k\u00f6nnen auf normalen, harten Oberfl\u00e4chen verwendet werden, f\u00fcr weichere B\u00f6den werden 20 cm lange Pfl\u00f6cke empfohlen.<\/p>\n<p>Material: 7075 Aluminiumlegierung<\/p>\n<p>Gewicht f\u00fcr 15cm L\u00e4nge: 10g<br \/>\nGewicht f\u00fcr 20cm L\u00e4nge: 12g<\/p>\n<p>Die Pfl\u00f6cke sind in zwei Varianten erh\u00e4ltlich: 6er-Packungen und 10er-Packungen. Sie werden mit einer Aufbewahrungstasche geliefert. Wir verkaufen keine einzelnen Pfl\u00f6cke separat.<\/p>","protected":false},"excerpt":{"rendered":"<p>Der Durchmesser der Pfl\u00f6cke betr\u00e4gt 8,5 mm und die Spitzen der Pfl\u00f6cke sind aus einer soliden Aluminiumlegierung gefertigt, um die<\/p>","protected":false},"featured_media":38701,"comment_status":"open","ping_status":"closed","template":"","meta":[],"product_brand":[293],"product_cat":[278,191],"product_tag":[],"class_list":{"0":"post-38695","1":"product","2":"type-product","3":"status-publish","4":"has-post-thumbnail","6":"product_brand-3f-ul-gear","7":"product_cat-zelt-zubehoer","8":"product_cat-zubehoer","9":"pa_hersteller-3f-ul","11":"first","12":"instock","13":"taxable","14":"shipping-taxable","15":"purchasable","16":"product-type-variable"},"_links":{"self":[{"href":"https:\/\/litepack.ch\/en\/wp-json\/wp\/v2\/product\/38695","targetHints":{"allow":["GET"]}}],"collection":[{"href":"https:\/\/litepack.ch\/en\/wp-json\/wp\/v2\/product"}],"about":[{"href":"https:\/\/litepack.ch\/en\/wp-json\/wp\/v2\/types\/product"}],"replies":[{"embeddable":true,"href":"https:\/\/litepack.ch\/en\/wp-json\/wp\/v2\/comments?post=38695"}],"wp:featuredmedia":[{"embeddable":true,"href":"https:\/\/litepack.ch\/en\/wp-json\/wp\/v2\/media\/38701"}],"wp:attachment":[{"href":"https:\/\/litepack.ch\/en\/wp-json\/wp\/v2\/media?parent=38695"}],"wp:term":[{"taxonomy":"product_brand","embeddable":true,"href":"https:\/\/litepack.ch\/en\/wp-json\/wp\/v2\/product_brand?post=38695"},{"taxonomy":"product_cat","embeddable":true,"href":"https:\/\/litepack.ch\/en\/wp-json\/wp\/v2\/product_cat?post=38695"},{"taxonomy":"product_tag","embeddable":true,"href":"https:\/\/litepack.ch\/en\/wp-json\/wp\/v2\/product_tag?post=38695"}],"curies":[{"name":"wp","href":"https:\/\/api.w.org\/{rel}","templated":true}]}}