{"id":38657,"date":"2025-06-04T20:50:54","date_gmt":"2025-06-04T19:50:54","guid":{"rendered":"https:\/\/litepack.ch\/?post_type=product&#038;p=38657"},"modified":"2025-07-01T19:02:23","modified_gmt":"2025-07-01T18:02:23","slug":"adotec-grizzly-bear-resistant-bag-14l","status":"publish","type":"product","link":"https:\/\/litepack.ch\/en\/product\/adotec-grizzly-bear-resistant-bag-14l\/","title":{"rendered":"Adotec Grizzly Bear Resistant Bag &#8211; 14L"},"content":{"rendered":"<p><a href=\"\/en\/hersteller\/zpacks\/\" data-internallinksmanager029f6b8e52c=\"2\" title=\"Zpacks\">Zpacks<\/a> hat sich mit Adotec zusammengetan, um eine wirklich robuste, grizzlyb\u00e4rresistente Tasche f\u00fcr Durchwanderer anzubieten, die auf jedes Gramm achten und dabei nicht auf Sicherheit verzichten wollen. Die Adotec Tasche ist die leichteste b\u00e4renresistente Nahrungstasche auf dem Markt f\u00fcr seine Kapazit\u00e4t. Er wird aus gewebtem <a href=\"https:\/\/litepack.ch\/en\/material-zpacks\/\" data-internallinksmanager029f6b8e52c=\"1\" title=\"Material Zpacks\">Dyneema<\/a>\u00ae-Gewebe mit einer wasserdichten Beschichtung hergestellt und verf\u00fcgt \u00fcber eine strenge IGBC-Zertifizierung (#245493).<\/p>\n<p>Diese Tasche ist so leicht wie m\u00f6glich und trotzt dennoch Krallen, Bissen und rauem Terrain. Ganz gleich, ob Sie durch Grizzly-Gebiete <a href=\"https:\/\/litepack.ch\/en\/pilgerreisen\/\" data-internallinksmanager029f6b8e52c=\"6\" title=\"Pilgerreisen\">wandern<\/a> oder sich einfach nur vor Nagetieren, Waschb\u00e4ren und anderen Viechern sch\u00fctzen wollen, die Ihre Snacks gerne verschlingen w\u00fcrden &#8211; diese Tasche bietet einen erstklassigen Schutz f\u00fcr Ihre Lebensmittel, ohne dass sie zu gro\u00df ist.<\/p>\n<p>Binden Sie die Tasche mit einem Achterknoten um einen Baum, um sicherzustellen, dass B\u00e4ren nicht mit Ihrem Essen abhauen k\u00f6nnen.<\/p>\n<ul>\n<li>Zertifiziert als b\u00e4rensicher durch das Interagency Grizzly Bear Committee (IGBC). Zertifikat #245493. Klicken Sie hier, um sich das offizielle Testvideo anzusehen.<\/li>\n<li>Hergestellt aus einem speziellen 6 oz\/qd gewebten <a href=\"https:\/\/litepack.ch\/en\/material-zpacks\/\" data-internallinksmanager029f6b8e52c=\"1\" title=\"Material Zpacks\">Dyneema<\/a>\u00ae-Gewebe mit einem wasserdichten Futter. Das Material wird steif sein, wenn Sie es erhalten. M\u00f6glicherweise m\u00fcssen Sie den Cinch-Verschluss einarbeiten, um ihn beim ersten Mal vollst\u00e4ndig zu schlie\u00dfen. Wenn Sie die Tasche weiter benutzen, wird das Material flexibler und l\u00e4sst sich leichter packen.<\/li>\n<li>Ein wasserdichtes Futter und vollst\u00e4ndig versiegelte N\u00e4hte halten das meiste Wasser ab. F\u00fcr zus\u00e4tzlichen Schutz wird ein wasserdichter, geruchsresistenter Nylopro-Futterbeutel der Gr\u00f6\u00dfe \u201eBig\u201c empfohlen.<\/li>\n<li>Mit Push-in-Ecken, die einen flachen Boden f\u00fcr mehr Stabilit\u00e4t schaffen.<\/li>\n<\/ul>\n<p><iframe title=\"Ultralight Food Locker: Grizzly Bear Resistant Food Bag\" width=\"500\" height=\"281\" src=\"https:\/\/www.youtube.com\/embed\/hW-DbVCehGo?feature=oembed\" frameborder=\"0\" allow=\"accelerometer; autoplay; clipboard-write; encrypted-media; gyroscope; picture-in-picture; web-share\" referrerpolicy=\"strict-origin-when-cross-origin\" allowfullscreen><\/iframe><\/p>","protected":false},"excerpt":{"rendered":"<p>Zpacks hat sich mit Adotec zusammengetan, um eine wirklich robuste, grizzlyb\u00e4rresistente Tasche f\u00fcr Durchwanderer anzubieten, die auf jedes Gramm achten<\/p>","protected":false},"featured_media":38669,"comment_status":"open","ping_status":"closed","template":"","meta":[],"product_brand":[220],"product_cat":[296,191],"product_tag":[],"class_list":{"0":"post-38657","1":"product","2":"type-product","3":"status-publish","4":"has-post-thumbnail","6":"product_brand-zpacks","7":"product_cat-weiteres-zubehoer","8":"product_cat-zubehoer","9":"pa_hersteller-zpacks","11":"first","12":"instock","13":"taxable","14":"shipping-taxable","15":"purchasable","16":"product-type-simple"},"_links":{"self":[{"href":"https:\/\/litepack.ch\/en\/wp-json\/wp\/v2\/product\/38657","targetHints":{"allow":["GET"]}}],"collection":[{"href":"https:\/\/litepack.ch\/en\/wp-json\/wp\/v2\/product"}],"about":[{"href":"https:\/\/litepack.ch\/en\/wp-json\/wp\/v2\/types\/product"}],"replies":[{"embeddable":true,"href":"https:\/\/litepack.ch\/en\/wp-json\/wp\/v2\/comments?post=38657"}],"wp:featuredmedia":[{"embeddable":true,"href":"https:\/\/litepack.ch\/en\/wp-json\/wp\/v2\/media\/38669"}],"wp:attachment":[{"href":"https:\/\/litepack.ch\/en\/wp-json\/wp\/v2\/media?parent=38657"}],"wp:term":[{"taxonomy":"product_brand","embeddable":true,"href":"https:\/\/litepack.ch\/en\/wp-json\/wp\/v2\/product_brand?post=38657"},{"taxonomy":"product_cat","embeddable":true,"href":"https:\/\/litepack.ch\/en\/wp-json\/wp\/v2\/product_cat?post=38657"},{"taxonomy":"product_tag","embeddable":true,"href":"https:\/\/litepack.ch\/en\/wp-json\/wp\/v2\/product_tag?post=38657"}],"curies":[{"name":"wp","href":"https:\/\/api.w.org\/{rel}","templated":true}]}}