{"id":38647,"date":"2025-06-04T20:35:12","date_gmt":"2025-06-04T19:35:12","guid":{"rendered":"https:\/\/litepack.ch\/?post_type=product&#038;p=38647"},"modified":"2025-11-23T10:35:41","modified_gmt":"2025-11-23T09:35:41","slug":"zpacks-brushtail-possum-faeustlinge","status":"publish","type":"product","link":"https:\/\/litepack.ch\/en\/product\/zpacks-brushtail-possum-faeustlinge\/","title":{"rendered":"Zpacks Brushtail Possum F\u00e4ustlinge"},"content":{"rendered":"<p>Das Winterwetter kann rau sein, aber wenn die Zahlen fallen, m\u00fcssen Sie nicht frieren. Die Brushtail Possum F\u00e4ustlinge aus einer Kombination von neuseel\u00e4ndischem Opossum-Fell und neuseel\u00e4ndischer Merino-Lammwolle bieten viel W\u00e4rme, wenn du sie am meisten brauchst.<br \/>\nDie F\u00e4ustlinge halten Ihre H\u00e4nde in den kalten Herbst- und Wintern\u00e4chten warm und kuschelig.<br \/>\nDiese F\u00e4ustlinge sind eine gro\u00dfartige Erg\u00e4nzung zu den Brushtail Possum Socken und k\u00f6nnen als Unterlage unter unseren <a href=\"https:\/\/litepack.ch\/en\/product\/zpacks-vertice-regen-handschuhe\/\">Vertice Rain Mitts<\/a> verwendet werden.<\/p>\n<p>*F\u00e4ustlinge k\u00f6nnen nicht zur\u00fcckgegeben werden, wenn sie aus der Verpackung genommen wurden.<\/p>\n<ul>\n<li>Unsere Brushtail Possum Mittens werden aus dem Fell des neuseel\u00e4ndischen Brushtail Possums und neuseel\u00e4ndischer Merino-Lammwolle hergestellt.<\/li>\n<li>Das Haar des Buschschwanz-Opossums ist hohl, genau wie das Haar des Eisb\u00e4ren, das unglaublich warm und wasserabweisend ist. Herk\u00f6mmliche Wollhandschuhe halten zwar warm, wenn sie nass sind, aber sie brauchen ewig, um zu trocknen. Wenn man diese Handschuhe ins Wasser taucht, sch\u00fcttelt sich das Wasser sofort ab und sie trocknen schnell.<\/li>\n<li>Die neuseel\u00e4ndischen Opossums sind nicht mit den Opossums in den Vereinigten Staaten verwandt. Sie sind super niedlich, aber sie sind auch eine invasive Art, die die einheimische Pflanzen- und Vogelwelt zerst\u00f6rt.<\/li>\n<li>Diese F\u00e4ustlinge sind dehnbar, fallen aber etwas klein aus. Sie k\u00f6nnen ein wenig schrumpfen, wenn sie in einem Trockner getrocknet werden. Es ist besser, die Gr\u00f6\u00dfe zu erh\u00f6hen, wenn auf der Linie.<\/li>\n<\/ul>\n<p><strong><span class=\"s1\">Materialzusammensetzung:<\/span><\/strong><\/p>\n<ul>\n<li>29% Brushtail Possum Faser<\/li>\n<li>51% Merinowolle<\/li>\n<li>19% Nylon<\/li>\n<li>1% Elastisch<\/li>\n<li>Hergestellt in Neuseeland.<\/li>\n<\/ul>","protected":false},"excerpt":{"rendered":"<p>Das Winterwetter kann rau sein, aber wenn die Zahlen fallen, m\u00fcssen Sie nicht frieren. Die Brushtail Possum F\u00e4ustlinge aus einer<\/p>","protected":false},"featured_media":38652,"comment_status":"open","ping_status":"closed","template":"","meta":[],"product_brand":[220],"product_cat":[190],"product_tag":[],"class_list":{"0":"post-38647","1":"product","2":"type-product","3":"status-publish","4":"has-post-thumbnail","6":"product_brand-zpacks","7":"product_cat-kleidung","8":"pa_hersteller-zpacks","10":"first","11":"instock","12":"taxable","13":"shipping-taxable","14":"purchasable","15":"product-type-variable"},"_links":{"self":[{"href":"https:\/\/litepack.ch\/en\/wp-json\/wp\/v2\/product\/38647","targetHints":{"allow":["GET"]}}],"collection":[{"href":"https:\/\/litepack.ch\/en\/wp-json\/wp\/v2\/product"}],"about":[{"href":"https:\/\/litepack.ch\/en\/wp-json\/wp\/v2\/types\/product"}],"replies":[{"embeddable":true,"href":"https:\/\/litepack.ch\/en\/wp-json\/wp\/v2\/comments?post=38647"}],"wp:featuredmedia":[{"embeddable":true,"href":"https:\/\/litepack.ch\/en\/wp-json\/wp\/v2\/media\/38652"}],"wp:attachment":[{"href":"https:\/\/litepack.ch\/en\/wp-json\/wp\/v2\/media?parent=38647"}],"wp:term":[{"taxonomy":"product_brand","embeddable":true,"href":"https:\/\/litepack.ch\/en\/wp-json\/wp\/v2\/product_brand?post=38647"},{"taxonomy":"product_cat","embeddable":true,"href":"https:\/\/litepack.ch\/en\/wp-json\/wp\/v2\/product_cat?post=38647"},{"taxonomy":"product_tag","embeddable":true,"href":"https:\/\/litepack.ch\/en\/wp-json\/wp\/v2\/product_tag?post=38647"}],"curies":[{"name":"wp","href":"https:\/\/api.w.org\/{rel}","templated":true}]}}