{"id":38608,"date":"2025-05-27T20:41:28","date_gmt":"2025-05-27T19:41:28","guid":{"rendered":"https:\/\/litepack.ch\/?post_type=product&#038;p=38608"},"modified":"2025-05-27T21:08:58","modified_gmt":"2025-05-27T20:08:58","slug":"zpacks-trail-spoon","status":"publish","type":"product","link":"https:\/\/litepack.ch\/en\/product\/zpacks-trail-spoon\/","title":{"rendered":"Zpacks Titanium Trail Spoon"},"content":{"rendered":"<p>Der <a href=\"\/en\/hersteller\/zpacks\/\" data-internallinksmanager029f6b8e52c=\"2\" title=\"Zpacks\">Zpacks<\/a> Titanium Trail Spoon hat die perfekten Ma\u00dfe f\u00fcr ultraleichtes Backpacking. Es hat eine klassische Teel\u00f6ffelform, um ein Gewicht auf ein Minimum zu halten, und einen ergonomischen Griff, der lang genug ist, um Ihre Kn\u00f6chel sauber zu halten, w\u00e4hrend immer noch kurz genug, um leicht in einer Schultertasche oder G\u00fcrteltasche zu packen, wo es leicht zug\u00e4nglich ist.<\/p>\n<p>Das robuste Titan-Metall und die vertraute Form sind bequem und einfach zu benutzen und bieten au\u00dfergew\u00f6hnliche St\u00e4rke bei minimalem Gewicht.<\/p>\n<p>Dieser L\u00f6ffel passt zum Trail Brush. Der Griff ist etwas schmaler als bei anderen Titanl\u00f6ffeln, so dass Sie beim Z\u00e4hneputzen nicht mit dem Metall ansto\u00dfen.<\/p>\n<ul>\n<li>Superleicht! Die klassische Teel\u00f6ffelform und der ergonomische Griff erm\u00f6glichen es, dass das Gewicht so niedrig ist wie bei Titanl\u00f6ffeln mit k\u00fcrzerem Griff, ohne Kompromisse bei der Benutzerfreundlichkeit einzugehen.<\/li>\n<li>Die L\u00e4nge von 15,2 cm ist lang genug, um deine Finger trocken zu halten, aber kurz genug, um ihn in einer Schulter- oder G\u00fcrteltasche zu verstauen und immer griffbereit zu haben. Oder h\u00e4ng ihn mit einem S-Karabiner an deinen Rucksack.<\/li>\n<li>Massives Titan bricht oder verbiegt sich nicht so leicht. Es schmilzt auch nicht.<\/li>\n<li>Es ist scharf genug, um den Boden eines Topfes abzuschaben oder Lebensmittel zu schneiden.<\/li>\n<li>Entwickelt, um gut mit der <a href=\"https:\/\/litepack.ch\/en\/product\/zpacks-trailbrush-zahnbuerste-inkl-5g-colgate-zahnpasta\/\">Trail Brush Zahnb\u00fcrste<\/a> (separat erh\u00e4ltlich) zu funktionieren.<\/li>\n<\/ul>","protected":false},"excerpt":{"rendered":"<p>Der Zpacks Titanium Trail Spoon hat die perfekten Ma\u00dfe f\u00fcr ultraleichtes Backpacking. Es hat eine klassische Teel\u00f6ffelform, um ein Gewicht<\/p>","protected":false},"featured_media":38613,"comment_status":"open","ping_status":"closed","template":"","meta":[],"product_brand":[220],"product_cat":[296,191],"product_tag":[],"class_list":{"0":"post-38608","1":"product","2":"type-product","3":"status-publish","4":"has-post-thumbnail","6":"product_brand-zpacks","7":"product_cat-weiteres-zubehoer","8":"product_cat-zubehoer","9":"pa_hersteller-zpacks","11":"first","12":"instock","13":"taxable","14":"shipping-taxable","15":"purchasable","16":"product-type-simple"},"_links":{"self":[{"href":"https:\/\/litepack.ch\/en\/wp-json\/wp\/v2\/product\/38608","targetHints":{"allow":["GET"]}}],"collection":[{"href":"https:\/\/litepack.ch\/en\/wp-json\/wp\/v2\/product"}],"about":[{"href":"https:\/\/litepack.ch\/en\/wp-json\/wp\/v2\/types\/product"}],"replies":[{"embeddable":true,"href":"https:\/\/litepack.ch\/en\/wp-json\/wp\/v2\/comments?post=38608"}],"wp:featuredmedia":[{"embeddable":true,"href":"https:\/\/litepack.ch\/en\/wp-json\/wp\/v2\/media\/38613"}],"wp:attachment":[{"href":"https:\/\/litepack.ch\/en\/wp-json\/wp\/v2\/media?parent=38608"}],"wp:term":[{"taxonomy":"product_brand","embeddable":true,"href":"https:\/\/litepack.ch\/en\/wp-json\/wp\/v2\/product_brand?post=38608"},{"taxonomy":"product_cat","embeddable":true,"href":"https:\/\/litepack.ch\/en\/wp-json\/wp\/v2\/product_cat?post=38608"},{"taxonomy":"product_tag","embeddable":true,"href":"https:\/\/litepack.ch\/en\/wp-json\/wp\/v2\/product_tag?post=38608"}],"curies":[{"name":"wp","href":"https:\/\/api.w.org\/{rel}","templated":true}]}}