{"id":38552,"date":"2025-05-23T20:23:54","date_gmt":"2025-05-23T19:23:54","guid":{"rendered":"https:\/\/litepack.ch\/?post_type=product&#038;p=38552"},"modified":"2026-02-19T14:25:55","modified_gmt":"2026-02-19T13:25:55","slug":"zpacks-wide-mouth-dry-bag","status":"publish","type":"product","link":"https:\/\/litepack.ch\/en\/product\/zpacks-wide-mouth-dry-bag\/","title":{"rendered":"Zpacks Wide Mouth Dry Bag"},"content":{"rendered":"<p>Der Wide Mouth Dry Bag wurde f\u00fcr Grammfresser und Kilometerjunkies entwickelt und ist eine praktische M\u00f6glichkeit, Ihr Zelt oder Ihre Kleidung zu packen und zu komprimieren. Die verstellbare Gr\u00f6\u00dfe bietet Platz f\u00fcr ein Ein- bis Drei-Personen-Zelt mit Zubeh\u00f6r oder eine unterschiedliche Auswahl an Kleidung, wobei die Breite von 30,5 cm (12&#8243;) stets beibehalten wird, so dass er horizontal in kleine Rucks\u00e4cke passt. Dr\u00fccken Sie einfach den Inhalt zusammen und rollen Sie den Deckel herunter, um Ihre Sachen auf ein minimales Packma\u00df zu komprimieren.<\/p>\n<p>Die breite \u00d6ffnung erleichtert das Auffinden kleinerer Ausr\u00fcstungsgegenst\u00e4nde, w\u00e4hrend sich gr\u00f6\u00dfere Gegenst\u00e4nde im Vergleich zu einem typischen Packsack oder einem Trockenbeutel mit Seiten\u00f6ffnung schneller packen lassen.<br \/>\nEin farbiges Band Ihrer Wahl ist im Lieferumfang enthalten, damit sich die Taschen leicht voneinander unterscheiden lassen. Ben\u00f6tigst du andere Gr\u00f6\u00dfen? Sehen Sie sich den Rest unserer Dry Bag-Kollektion an.<\/p>\n<ul>\n<li>Hergestellt aus schwarzem .75 oz\/sqyd <a href=\"https:\/\/litepack.ch\/en\/material-zpacks\/\" data-internallinksmanager029f6b8e52c=\"1\" title=\"Material Zpacks\">Dyneema<\/a>\u00ae Composite-Gewebe, das von Natur aus wasserdicht und abriebfest ist.<\/li>\n<li>Vollst\u00e4ndig versiegelte N\u00e4hte. Unsere Trockens\u00e4cke halten das Wasser unter typischen Rucksackbedingungen ab, wenn der Sack nicht untergetaucht wird.<\/li>\n<li>Die Taschen haben eine versteifte \u00d6ffnung, die das Herunterrollen des Verdecks einfach und sicher macht.<\/li>\n<li>Dr\u00fccken Sie die Luft heraus und rollen Sie den Deckel herunter, um Ihre Ausr\u00fcstung nach Bedarf zu komprimieren.<\/li>\n<li>Einfach zu bedienendes, ultraleichtes Hakenverschlusssystem.<\/li>\n<li>Mit Farbband Ihrer Wahl zur einfachen Unterscheidung zwischen verschiedenen Trockens\u00e4cken in deinem Rucksack.<\/li>\n<li>Hergestellt in den USA.<\/li>\n<\/ul>","protected":false},"excerpt":{"rendered":"<p>Der Wide Mouth Dry Bag wurde f\u00fcr Grammfresser und Kilometerjunkies entwickelt und ist eine praktische M\u00f6glichkeit, Ihr Zelt oder Ihre<\/p>","protected":false},"featured_media":38579,"comment_status":"open","ping_status":"closed","template":"","meta":[],"product_brand":[220],"product_cat":[296,191],"product_tag":[],"class_list":{"0":"post-38552","1":"product","2":"type-product","3":"status-publish","4":"has-post-thumbnail","6":"product_brand-zpacks","7":"product_cat-weiteres-zubehoer","8":"product_cat-zubehoer","9":"pa_hersteller-zpacks","11":"first","12":"instock","13":"taxable","14":"shipping-taxable","15":"purchasable","16":"product-type-simple"},"_links":{"self":[{"href":"https:\/\/litepack.ch\/en\/wp-json\/wp\/v2\/product\/38552","targetHints":{"allow":["GET"]}}],"collection":[{"href":"https:\/\/litepack.ch\/en\/wp-json\/wp\/v2\/product"}],"about":[{"href":"https:\/\/litepack.ch\/en\/wp-json\/wp\/v2\/types\/product"}],"replies":[{"embeddable":true,"href":"https:\/\/litepack.ch\/en\/wp-json\/wp\/v2\/comments?post=38552"}],"wp:featuredmedia":[{"embeddable":true,"href":"https:\/\/litepack.ch\/en\/wp-json\/wp\/v2\/media\/38579"}],"wp:attachment":[{"href":"https:\/\/litepack.ch\/en\/wp-json\/wp\/v2\/media?parent=38552"}],"wp:term":[{"taxonomy":"product_brand","embeddable":true,"href":"https:\/\/litepack.ch\/en\/wp-json\/wp\/v2\/product_brand?post=38552"},{"taxonomy":"product_cat","embeddable":true,"href":"https:\/\/litepack.ch\/en\/wp-json\/wp\/v2\/product_cat?post=38552"},{"taxonomy":"product_tag","embeddable":true,"href":"https:\/\/litepack.ch\/en\/wp-json\/wp\/v2\/product_tag?post=38552"}],"curies":[{"name":"wp","href":"https:\/\/api.w.org\/{rel}","templated":true}]}}