{"id":38531,"date":"2025-05-14T20:16:41","date_gmt":"2025-05-14T19:16:41","guid":{"rendered":"https:\/\/litepack.ch\/?post_type=product&#038;p=38531"},"modified":"2026-02-11T10:26:48","modified_gmt":"2026-02-11T09:26:48","slug":"zpacks-regenschirm","status":"publish","type":"product","link":"https:\/\/litepack.ch\/en\/product\/zpacks-regenschirm\/","title":{"rendered":"Zpacks Lotus Regenschirm"},"content":{"rendered":"<p>Der Lotus Ultralight Umbrella bietet Schutz vor brutaler Sonne und heftigen Regeng\u00fcssen. Wir haben hart daran gearbeitet, den leichtesten Rucksackschirm der Welt zu entwickeln. Mit einem Gewicht von nur 192 g ist er perfekt, um der Hitze zu trotzen oder bei einem Sturm trocken zu bleiben, w\u00e4hrend er gleichzeitig robust genug ist, um den Strapazen einer Durchwanderung standzuhalten. Dieser Regenschirm h\u00e4lt Ihnen den R\u00fccken frei, egal ob es regnet oder schneit!<br \/>\nF\u00fcgen Sie unsere Umbrella Holster f\u00fcr die H\u00e4nde frei verwenden.<\/p>\n<ul>\n<li>Polyestergewebe mit wasserabweisender Teflon-Behandlung.<\/li>\n<li>Silber auf der Au\u00dfenseite, um die Sonne zu blockieren.<\/li>\n<li>Robuste, aber leichte Komponenten aus hochdichtem Glasfasergewebe.<\/li>\n<li>Komfortabler Schaumstoffgriff mit verstellbarer Handschlaufe.<\/li>\n<li>UPF40<\/li>\n<\/ul>\n<p><iframe title=\"Zpacks Lotus UL Umbrella | Product Overview\" width=\"500\" height=\"281\" src=\"https:\/\/www.youtube.com\/embed\/te326W3tIy4?feature=oembed\" frameborder=\"0\" allow=\"accelerometer; autoplay; clipboard-write; encrypted-media; gyroscope; picture-in-picture; web-share\" referrerpolicy=\"strict-origin-when-cross-origin\" allowfullscreen><\/iframe><\/p>","protected":false},"excerpt":{"rendered":"<p>Der Lotus Ultralight Umbrella bietet Schutz vor brutaler Sonne und heftigen Regeng\u00fcssen. Wir haben hart daran gearbeitet, den leichtesten Rucksackschirm<\/p>","protected":false},"featured_media":38537,"comment_status":"open","ping_status":"closed","template":"","meta":[],"product_brand":[220],"product_cat":[296,191],"product_tag":[],"class_list":{"0":"post-38531","1":"product","2":"type-product","3":"status-publish","4":"has-post-thumbnail","6":"product_brand-zpacks","7":"product_cat-weiteres-zubehoer","8":"product_cat-zubehoer","9":"pa_hersteller-zpacks","11":"first","12":"instock","13":"taxable","14":"shipping-taxable","15":"purchasable","16":"product-type-simple"},"_links":{"self":[{"href":"https:\/\/litepack.ch\/en\/wp-json\/wp\/v2\/product\/38531","targetHints":{"allow":["GET"]}}],"collection":[{"href":"https:\/\/litepack.ch\/en\/wp-json\/wp\/v2\/product"}],"about":[{"href":"https:\/\/litepack.ch\/en\/wp-json\/wp\/v2\/types\/product"}],"replies":[{"embeddable":true,"href":"https:\/\/litepack.ch\/en\/wp-json\/wp\/v2\/comments?post=38531"}],"wp:featuredmedia":[{"embeddable":true,"href":"https:\/\/litepack.ch\/en\/wp-json\/wp\/v2\/media\/38537"}],"wp:attachment":[{"href":"https:\/\/litepack.ch\/en\/wp-json\/wp\/v2\/media?parent=38531"}],"wp:term":[{"taxonomy":"product_brand","embeddable":true,"href":"https:\/\/litepack.ch\/en\/wp-json\/wp\/v2\/product_brand?post=38531"},{"taxonomy":"product_cat","embeddable":true,"href":"https:\/\/litepack.ch\/en\/wp-json\/wp\/v2\/product_cat?post=38531"},{"taxonomy":"product_tag","embeddable":true,"href":"https:\/\/litepack.ch\/en\/wp-json\/wp\/v2\/product_tag?post=38531"}],"curies":[{"name":"wp","href":"https:\/\/api.w.org\/{rel}","templated":true}]}}