{"id":38523,"date":"2025-05-14T20:12:04","date_gmt":"2025-05-14T19:12:04","guid":{"rendered":"https:\/\/litepack.ch\/?post_type=product&#038;p=38523"},"modified":"2025-06-17T21:40:01","modified_gmt":"2025-06-17T20:40:01","slug":"zpacks-regenschirm-holster","status":"publish","type":"product","link":"https:\/\/litepack.ch\/en\/product\/zpacks-regenschirm-holster\/","title":{"rendered":"Zpacks Regenschirm Holster"},"content":{"rendered":"<p>Mit dem Umbrella Holster haben Sie die H\u00e4nde frei, w\u00e4hrend Sie sich mit einem ultraleichten Regenschirm vor Regen und Sonne sch\u00fctzen. Er l\u00e4sst sich leicht an der Daisy Chain der meisten Rucksackgurte befestigen. Bei ruhigem Wetter k\u00f6nnen Sie beide H\u00e4nde an Ihren Trekkingst\u00f6cken lassen, w\u00e4hrend Sie bei starkem Wind oder str\u00f6mendem Regen eine Hand auf den Schirm legen k\u00f6nnen, um den Winkel zu kontrollieren.<br \/>\nDas Regenschirmholster besteht aus einem Clip und einer verstellbaren Schlaufe, die am Schultergurt befestigt wird.<br \/>\nBefestigen Sie die Schnalle oberhalb des Brustgurtes an der Daisy Chain Ihres Gurtes und befestigen Sie dann die Schlaufe der Rei\u00dfleine am unteren Ende der Daisy Chain.<br \/>\nStecken Sie Ihren Regenschirm in den Clip und ziehen Sie dann die Schlaufe um den Griff des Regenschirms fest.<\/p>\n<p><iframe title=\"Zpacks Umbrella Holster | Overview\" width=\"500\" height=\"281\" src=\"https:\/\/www.youtube.com\/embed\/LSA6397ZkHk?feature=oembed\" frameborder=\"0\" allow=\"accelerometer; autoplay; clipboard-write; encrypted-media; gyroscope; picture-in-picture; web-share\" referrerpolicy=\"strict-origin-when-cross-origin\" allowfullscreen><\/iframe><\/p>","protected":false},"excerpt":{"rendered":"<p>Mit dem Umbrella Holster haben Sie die H\u00e4nde frei, w\u00e4hrend Sie sich mit einem ultraleichten Regenschirm vor Regen und Sonne<\/p>","protected":false},"featured_media":38527,"comment_status":"open","ping_status":"closed","template":"","meta":[],"product_brand":[220],"product_cat":[296,191],"product_tag":[],"class_list":{"0":"post-38523","1":"product","2":"type-product","3":"status-publish","4":"has-post-thumbnail","6":"product_brand-zpacks","7":"product_cat-weiteres-zubehoer","8":"product_cat-zubehoer","9":"pa_hersteller-zpacks","11":"first","12":"instock","13":"taxable","14":"shipping-taxable","15":"purchasable","16":"product-type-simple"},"_links":{"self":[{"href":"https:\/\/litepack.ch\/en\/wp-json\/wp\/v2\/product\/38523","targetHints":{"allow":["GET"]}}],"collection":[{"href":"https:\/\/litepack.ch\/en\/wp-json\/wp\/v2\/product"}],"about":[{"href":"https:\/\/litepack.ch\/en\/wp-json\/wp\/v2\/types\/product"}],"replies":[{"embeddable":true,"href":"https:\/\/litepack.ch\/en\/wp-json\/wp\/v2\/comments?post=38523"}],"wp:featuredmedia":[{"embeddable":true,"href":"https:\/\/litepack.ch\/en\/wp-json\/wp\/v2\/media\/38527"}],"wp:attachment":[{"href":"https:\/\/litepack.ch\/en\/wp-json\/wp\/v2\/media?parent=38523"}],"wp:term":[{"taxonomy":"product_brand","embeddable":true,"href":"https:\/\/litepack.ch\/en\/wp-json\/wp\/v2\/product_brand?post=38523"},{"taxonomy":"product_cat","embeddable":true,"href":"https:\/\/litepack.ch\/en\/wp-json\/wp\/v2\/product_cat?post=38523"},{"taxonomy":"product_tag","embeddable":true,"href":"https:\/\/litepack.ch\/en\/wp-json\/wp\/v2\/product_tag?post=38523"}],"curies":[{"name":"wp","href":"https:\/\/api.w.org\/{rel}","templated":true}]}}