{"id":38446,"date":"2025-05-09T20:16:08","date_gmt":"2025-05-09T19:16:08","guid":{"rendered":"https:\/\/litepack.ch\/?post_type=product&#038;p=38446"},"modified":"2025-10-02T09:39:36","modified_gmt":"2025-10-02T08:39:36","slug":"zpacks-dry-bag","status":"publish","type":"product","link":"https:\/\/litepack.ch\/en\/product\/zpacks-dry-bag\/","title":{"rendered":"Zpacks Dry Bag"},"content":{"rendered":"<p>Hergestellt aus schwarzem 1.0 oz\/sqyd <a href=\"https:\/\/litepack.ch\/en\/material-zpacks\/\" data-internallinksmanager029f6b8e52c=\"1\" title=\"Material Zpacks\">Dyneema<\/a>\u00ae Composite Fabric, das von Natur aus wasserdicht und abriebfest ist. Im Vergleich dazu sind unsere regul\u00e4ren <a href=\"https:\/\/litepack.ch\/en\/product\/zpacks-stuff-sack\/\">Stuff Sacks<\/a> aus d\u00fcnnerem .55 oz\/sqyd Material hergestellt.<\/p>\n<p>Vollst\u00e4ndig versiegelte N\u00e4hte. Unsere Trockens\u00e4cke halten das Wasser unter typischen Rucksackbedingungen ab, wenn der Sack nicht untergetaucht wird.<\/p>\n<p>Die Taschen haben eine versteifte \u00d6ffnung, die das Herunterrollen der \u00d6ffnunf einfach und sicher macht.<\/p>\n<p>Dr\u00fccke die Luft heraus und rolle den Deckel herunter, um deine Ausr\u00fcstung nach Bedarf zu komprimieren.<\/p>\n<p>Siehe auch unsere <a href=\"https:\/\/litepack.ch\/en\/product\/zpacks-wide-mouth-dry-bag\/\">Wide Mouth Dry Bags<\/a> mit gr\u00f6sserer \u00d6ffnung.<\/p>\n<p>&nbsp;<\/p>\n<p><iframe title=\"Zpacks Dry Bag | Overview\" width=\"500\" height=\"281\" src=\"https:\/\/www.youtube.com\/embed\/oaU5ql_qres?feature=oembed\" frameborder=\"0\" allow=\"accelerometer; autoplay; clipboard-write; encrypted-media; gyroscope; picture-in-picture; web-share\" referrerpolicy=\"strict-origin-when-cross-origin\" allowfullscreen><\/iframe><\/p>","protected":false},"excerpt":{"rendered":"<p>Hergestellt aus schwarzem 1.0 oz\/sqyd Dyneema\u00ae Composite Fabric, das von Natur aus wasserdicht und abriebfest ist. Im Vergleich dazu sind<\/p>","protected":false},"featured_media":38482,"comment_status":"open","ping_status":"closed","template":"","meta":[],"product_brand":[220],"product_cat":[296,191],"product_tag":[],"class_list":{"0":"post-38446","1":"product","2":"type-product","3":"status-publish","4":"has-post-thumbnail","6":"product_brand-zpacks","7":"product_cat-weiteres-zubehoer","8":"product_cat-zubehoer","9":"pa_hersteller-zpacks","11":"first","12":"instock","13":"taxable","14":"shipping-taxable","15":"purchasable","16":"product-type-variable"},"_links":{"self":[{"href":"https:\/\/litepack.ch\/en\/wp-json\/wp\/v2\/product\/38446","targetHints":{"allow":["GET"]}}],"collection":[{"href":"https:\/\/litepack.ch\/en\/wp-json\/wp\/v2\/product"}],"about":[{"href":"https:\/\/litepack.ch\/en\/wp-json\/wp\/v2\/types\/product"}],"replies":[{"embeddable":true,"href":"https:\/\/litepack.ch\/en\/wp-json\/wp\/v2\/comments?post=38446"}],"wp:featuredmedia":[{"embeddable":true,"href":"https:\/\/litepack.ch\/en\/wp-json\/wp\/v2\/media\/38482"}],"wp:attachment":[{"href":"https:\/\/litepack.ch\/en\/wp-json\/wp\/v2\/media?parent=38446"}],"wp:term":[{"taxonomy":"product_brand","embeddable":true,"href":"https:\/\/litepack.ch\/en\/wp-json\/wp\/v2\/product_brand?post=38446"},{"taxonomy":"product_cat","embeddable":true,"href":"https:\/\/litepack.ch\/en\/wp-json\/wp\/v2\/product_cat?post=38446"},{"taxonomy":"product_tag","embeddable":true,"href":"https:\/\/litepack.ch\/en\/wp-json\/wp\/v2\/product_tag?post=38446"}],"curies":[{"name":"wp","href":"https:\/\/api.w.org\/{rel}","templated":true}]}}