{"id":38302,"date":"2025-05-02T19:48:20","date_gmt":"2025-05-02T18:48:20","guid":{"rendered":"https:\/\/litepack.ch\/?post_type=product&#038;p=38302"},"modified":"2026-03-21T22:10:30","modified_gmt":"2026-03-21T21:10:30","slug":"zpacks-pivot-duo-zelt","status":"publish","type":"product","link":"https:\/\/litepack.ch\/en\/product\/zpacks-pivot-duo-zelt\/","title":{"rendered":"Zpacks Pivot Duo Zelt"},"content":{"rendered":"<p>Hier kommt das Pivot Duo &#8211; das leichteste und ger\u00e4umigste Zwei-Personen-Zelt der Welt, das Platz f\u00fcr zwei breite, lange Schlafmatten bietet. Dieses ultraleichte Zelt wurde f\u00fcr abenteuerlustige Paare entwickelt, die sich nicht mit einem engen Quartier zufrieden geben wollen. Es bietet Platz f\u00fcr zwei Wanderer und zwei breite Isomatten, so dass du dich ausstrecken und aufrecht sitzen kannst, ohne die Decke zu ber\u00fchren.<br \/>\nDank seines innovativen Designs und der intelligenten Verwendung von zwei 132 cm-Trekkingst\u00f6cken mit einem mitgelieferten 81 cm-Endstab bietet das Pivot Duo den besten nutzbaren Innenraum seiner Klasse. Der symmetrische Boden und die verspiegelten T\u00fcren erm\u00f6glichen es dir, in beide Richtungen zu schlafen, je nach Windrichtung und Neigung des Bodens.<br \/>\nWenn du jede Meile teilst, teile ein Zelt, das wirklich zu deinem Lebensstil passt.<br \/>\nErh\u00e4ltlich in zwei verschiedenen <a href=\"https:\/\/litepack.ch\/en\/material-zpacks\/\" data-internallinksmanager029f6b8e52c=\"1\" title=\"Material Zpacks\">Dyneema<\/a>\u00ae Composite Fabric Vordach- und Bodengewichten.<\/p>\n<ul>\n<li>Hergestellt aus wasserdichtem, haltbarem, <a href=\"https:\/\/litepack.ch\/en\/pfas-chemikalien\/\" data-internallinksmanager029f6b8e52c=\"4\" title=\"PFAS Free\">PFAS<\/a>-freiem <a href=\"https:\/\/litepack.ch\/en\/material-zpacks\/\" data-internallinksmanager029f6b8e52c=\"1\" title=\"Material Zpacks\">Dyneema<\/a>\u00ae Composite-Gewebe:<\/li>\n<li>W\u00e4hle \u201eBlau\u201c oder &#8222;Olive&#8220;, um mit unserem bew\u00e4hrten DCF-Gewebe (0,55 oz\/qd), DCF-Boden (0,75 oz\/qd) und 1,3 mm Abspannleinen die Grenzen zu erweitern.<br \/>\nW\u00e4hle \u201eGr\u00fcn\u201c, um mit einem DCF-Dach von 0,75 oz\/qd, einem DCF-Boden von 1 oz\/qd und 2 mm Abspannleinen f\u00fcr zus\u00e4tzliche Deckkraft und Haltbarkeit zu sorgen.<\/li>\n<li>Wird mit zwei 132 cm langen Trekkingstangen (separat erh\u00e4ltlich), einer 81 cm langen Zeltstange und nur 8 <a href=\"https:\/\/litepack.ch\/en\/shop\/?min_price=0&amp;max_price=40&amp;s=Hering&amp;post_type=product\" data-internallinksmanager029f6b8e52c=\"3\" title=\"Zpacks Heringe\">Heringen<\/a> (separat erh\u00e4ltlich) aufgebaut. Alternativ kann auch eine dritte Trekkingstange verwendet werden, um Gewicht zu sparen.<\/li>\n<li>Die Sturmt\u00fcren auf beiden Seiten des Zeltes verf\u00fcgen \u00fcber einen praktischen Rei\u00dfverschluss, Magnetverschl\u00fcsse und Bel\u00fcftungs\u00f6ffnungen an der Spitze.<\/li>\n<li>Verstauen Sie Ihre Schuhe und Ihren Rucksack in einer der beiden Apsiden oder stellen Sie Ihren Rucksack aufrecht in den ger\u00e4umigen Innenraum.<\/li>\n<li>Ein vollst\u00e4ndig geschlossenes, ultraleichtes Insektennetz h\u00e4lt selbst die kleinsten Insekten fern und sorgt f\u00fcr zus\u00e4tzliche Bel\u00fcftung am Rand.<\/li>\n<li>Breite L-f\u00f6rmige Eing\u00e4nge auf beiden Seiten des Zeltes bilden drapierbare Fliegengittert\u00fcren, die Moskitos abhalten. Der Boden ist an den Stangen befestigt, so dass der Rei\u00dfverschluss mit einer Hand bedient werden kann.<\/li>\n<li>Der Wannenboden hat hohe W\u00e4nde und ist vom Rand abgesetzt, um dich vor Spritzwasser und <a href=\"https:\/\/litepack.ch\/en\/kondensation\/\" data-internallinksmanager029f6b8e52c=\"5\" title=\"Kondenswasser in Zelten\">Kondensation<\/a> zu sch\u00fctzen. Bei leichtem Regen oder unter nassen B\u00e4umen k\u00f6nnen die T\u00fcren offen gelassen werden, damit die Luft str\u00f6men kann, ohne dass Wasser in den Wohnbereich tropft oder f\u00e4llt.<\/li>\n<li>Das versetzte 132 cm-Gest\u00e4nge in Kombination mit einer 81 cm-Stange am Ende des Zelts sorgt f\u00fcr steile W\u00e4nde und damit f\u00fcr viel Kopf- und Fu\u00dfraum. Paare k\u00f6nnen mit dem Kopf und den F\u00fc\u00dfen an beiden Enden schlafen, je nach Neigung des Bodens oder der Windrichtung. Der Kopf oder die F\u00fc\u00dfe k\u00f6nnen sich direkt an der inneren Schirmwand befinden, ohne dass <a href=\"https:\/\/litepack.ch\/en\/kondensation\/\" data-internallinksmanager029f6b8e52c=\"5\" title=\"Kondenswasser in Zelten\">Kondenswasser<\/a> auftritt.<\/li>\n<li>Dank der kompakten Grundfl\u00e4che f\u00fcr ein Zwei-Personen-Zelt passt das Pivot Duo auch in schwer zu findende flache Ecken im Backcountry.<\/li>\n<li>Mit den LineLoc V-Verstellern kannst du die perfekte Neigung einstellen. Die leuchtend gelben Z-Line Abspannleinen sind bei Tag und Nacht gut zu sehen, um Stolperfallen zu vermeiden.<\/li>\n<li>Das strapazierf\u00e4hige Bodenmaterial erfordert kein separates Groundsheet. Flache Groundsheets sind eine optionale Vorsichtsma\u00dfnahme.<\/li>\n<li>In den integrierten Netztaschen kannst du kleine Gegenst\u00e4nde wie deine Stirnlampe, deine Brille, dein Handy oder den Packsack des Zelts verstauen.<\/li>\n<li>Alle Rei\u00dfverschlussschieber sind vor Ort austauschbar. Reparaturband und Ersatzschieber sind im Lieferumfang enthalten. Waschanleitung.<\/li>\n<li>Hergestellt in den USA.<\/li>\n<\/ul>\n<p>&nbsp;<\/p>\n<p><iframe title=\"Zpacks Pivot Duo | Overview\" width=\"500\" height=\"281\" src=\"https:\/\/www.youtube.com\/embed\/LrY8NGVVZPQ?feature=oembed\" frameborder=\"0\" allow=\"accelerometer; autoplay; clipboard-write; encrypted-media; gyroscope; picture-in-picture; web-share\" referrerpolicy=\"strict-origin-when-cross-origin\" allowfullscreen><\/iframe><\/p>\n<p><iframe title=\"Zpacks Pivot Duo | Setup &amp; Breakdown\" width=\"500\" height=\"281\" src=\"https:\/\/www.youtube.com\/embed\/Uj1T42t0NYo?feature=oembed\" frameborder=\"0\" allow=\"accelerometer; autoplay; clipboard-write; encrypted-media; gyroscope; picture-in-picture; web-share\" referrerpolicy=\"strict-origin-when-cross-origin\" allowfullscreen><\/iframe><\/p>","protected":false},"excerpt":{"rendered":"<p>Hier kommt das Pivot Duo &#8211; das leichteste und ger\u00e4umigste Zwei-Personen-Zelt der Welt, das Platz f\u00fcr zwei breite, lange Schlafmatten<\/p>","protected":false},"featured_media":38315,"comment_status":"open","ping_status":"closed","template":"","meta":[],"product_brand":[220],"product_cat":[118,18],"product_tag":[234],"class_list":{"0":"post-38302","1":"product","2":"type-product","3":"status-publish","4":"has-post-thumbnail","6":"product_brand-zpacks","7":"product_cat-2p-zelte","8":"product_cat-zelte","9":"product_tag-lite","10":"pa_hersteller-zpacks","12":"first","13":"instock","14":"taxable","15":"shipping-taxable","16":"purchasable","17":"product-type-variable"},"_links":{"self":[{"href":"https:\/\/litepack.ch\/en\/wp-json\/wp\/v2\/product\/38302","targetHints":{"allow":["GET"]}}],"collection":[{"href":"https:\/\/litepack.ch\/en\/wp-json\/wp\/v2\/product"}],"about":[{"href":"https:\/\/litepack.ch\/en\/wp-json\/wp\/v2\/types\/product"}],"replies":[{"embeddable":true,"href":"https:\/\/litepack.ch\/en\/wp-json\/wp\/v2\/comments?post=38302"}],"wp:featuredmedia":[{"embeddable":true,"href":"https:\/\/litepack.ch\/en\/wp-json\/wp\/v2\/media\/38315"}],"wp:attachment":[{"href":"https:\/\/litepack.ch\/en\/wp-json\/wp\/v2\/media?parent=38302"}],"wp:term":[{"taxonomy":"product_brand","embeddable":true,"href":"https:\/\/litepack.ch\/en\/wp-json\/wp\/v2\/product_brand?post=38302"},{"taxonomy":"product_cat","embeddable":true,"href":"https:\/\/litepack.ch\/en\/wp-json\/wp\/v2\/product_cat?post=38302"},{"taxonomy":"product_tag","embeddable":true,"href":"https:\/\/litepack.ch\/en\/wp-json\/wp\/v2\/product_tag?post=38302"}],"curies":[{"name":"wp","href":"https:\/\/api.w.org\/{rel}","templated":true}]}}